{"id":1223,"date":"2023-09-16T12:47:28","date_gmt":"2023-09-16T11:47:28","guid":{"rendered":"https:\/\/gmforging.com\/index.php\/rinvenimento-a-rilassamento-delle-tensioni\/"},"modified":"2023-10-17T12:34:30","modified_gmt":"2023-10-17T11:34:30","slug":"rinvenimento-a-rilassamento-delle-tensioni","status":"publish","type":"page","link":"https:\/\/gmforging.com\/it\/index.php\/rinvenimento-a-rilassamento-delle-tensioni\/","title":{"rendered":"Rinvenimento a Rilassamento delle Tensioni"},"content":{"rendered":"\n<style type=\"text\/css\" data-created_by=\"avia_inline_auto\" id=\"style-css-av-lmm0nkgc-b095e625a75505f36569e56d1c869f36\">\n.avia-section.av-lmm0nkgc-b095e625a75505f36569e56d1c869f36{\nbackground-repeat:no-repeat;\nbackground-image:url(https:\/\/gmforging.com\/wp-content\/uploads\/2023\/09\/stress-relief-annealing.jpg);\nbackground-position:50% 50%;\nbackground-attachment:scroll;\n}\n<\/style>\n<div id='av_section_1'  class='avia-section av-lmm0nkgc-b095e625a75505f36569e56d1c869f36 main_color avia-section-default avia-no-border-styling  avia-builder-el-0  el_before_av_one_full  avia-builder-el-first  avia-full-stretch avia-bg-style-scroll av-minimum-height av-minimum-height-50 av-height-50  container_wrap fullsize'  data-section-bg-repeat='stretch' data-av_minimum_height_pc='50' data-av_min_height_opt='50'><div class='container av-section-cont-open' ><main  role=\"main\" itemprop=\"mainContentOfPage\"  class='template-page content  av-content-full alpha units'><div class='post-entry post-entry-type-page post-entry-1223'><div class='entry-content-wrapper clearfix'><\/div><\/div><\/main><!-- close content main element --><\/div><\/div><div id='after_section_1'  class='main_color av_default_container_wrap container_wrap fullsize'  ><div class='container av-section-cont-open' ><div class='template-page content  av-content-full alpha units'><div class='post-entry post-entry-type-page post-entry-1223'><div class='entry-content-wrapper clearfix'>\n<div  class='flex_column av-arp8l-8fe73b5dd2127c79e033f2d9ec398e1e av_one_full  avia-builder-el-1  el_after_av_section  avia-builder-el-no-sibling  first flex_column_div  '     ><section  class='av_textblock_section av-lmm0mnrf-2d4dc1d99fae8ac285f9aed93fe082f8 '   itemscope=\"itemscope\" itemtype=\"https:\/\/schema.org\/CreativeWork\" ><div class='avia_textblock'  itemprop=\"text\" ><p>Il rinvenimento a rilassamento delle tensioni \u00e8 un processo di trattamento termico utilizzato per ridurre le tensioni interne nei materiali, in particolare nei metalli e nelle leghe, che possono essersi accumulate durante vari processi di produzione come la colata, la saldatura, la lavorazione meccanica o il lavoro a freddo. L&#8217;obiettivo del rinvenimento a rilassamento delle tensioni \u00e8 migliorare le propriet\u00e0 meccaniche del materiale, la stabilit\u00e0 dimensionale e ridurre il rischio di deformazioni o crepe.<\/p>\n<p>&#8220;Operiamo con un forno elettrico di tipo pozzo con un diametro di 1,5 metri e una lunghezza di 3 metri, insieme a un&#8217;altra struttura di tipo pozzo delle stesse dimensioni. Le nostre operazioni comprendono il recupero del gas naturale, il rinvenimento, il rinvenimento a rilassamento delle tensioni e i processi di normalizzazione. Oltre a queste strutture, disponiamo di un serbatoio di olio di tipo pozzo da 6 tonnellate e un serbatoio d&#8217;acqua.<\/p>\n<\/div><\/section><\/div>\n","protected":false},"excerpt":{"rendered":"","protected":false},"author":1,"featured_media":0,"parent":0,"menu_order":0,"comment_status":"closed","ping_status":"closed","template":"","meta":{"om_disable_all_campaigns":false,"_monsterinsights_skip_tracking":false,"_monsterinsights_sitenote_active":false,"_monsterinsights_sitenote_note":"","_monsterinsights_sitenote_category":0,"footnotes":""},"class_list":["post-1223","page","type-page","status-publish","hentry"],"aioseo_notices":[],"_links":{"self":[{"href":"https:\/\/gmforging.com\/it\/index.php\/wp-json\/wp\/v2\/pages\/1223","targetHints":{"allow":["GET"]}}],"collection":[{"href":"https:\/\/gmforging.com\/it\/index.php\/wp-json\/wp\/v2\/pages"}],"about":[{"href":"https:\/\/gmforging.com\/it\/index.php\/wp-json\/wp\/v2\/types\/page"}],"author":[{"embeddable":true,"href":"https:\/\/gmforging.com\/it\/index.php\/wp-json\/wp\/v2\/users\/1"}],"replies":[{"embeddable":true,"href":"https:\/\/gmforging.com\/it\/index.php\/wp-json\/wp\/v2\/comments?post=1223"}],"version-history":[{"count":2,"href":"https:\/\/gmforging.com\/it\/index.php\/wp-json\/wp\/v2\/pages\/1223\/revisions"}],"predecessor-version":[{"id":1225,"href":"https:\/\/gmforging.com\/it\/index.php\/wp-json\/wp\/v2\/pages\/1223\/revisions\/1225"}],"wp:attachment":[{"href":"https:\/\/gmforging.com\/it\/index.php\/wp-json\/wp\/v2\/media?parent=1223"}],"curies":[{"name":"wp","href":"https:\/\/api.w.org\/{rel}","templated":true}]}}