{"id":1199,"date":"2023-09-30T14:34:49","date_gmt":"2023-09-30T13:34:49","guid":{"rendered":"https:\/\/gmforging.com\/index.php\/qualita\/acciaio-strutturale\/"},"modified":"2023-10-17T12:16:12","modified_gmt":"2023-10-17T11:16:12","slug":"acciaio-strutturale","status":"publish","type":"page","link":"https:\/\/gmforging.com\/it\/index.php\/qualita\/acciaio-strutturale\/","title":{"rendered":"Acciaio strutturale"},"content":{"rendered":"\n<style type=\"text\/css\" data-created_by=\"avia_inline_auto\" id=\"style-css-av-ln63qr30-6b8dc0ac7f92787fccc5a106b05654f9\">\n.avia-section.av-ln63qr30-6b8dc0ac7f92787fccc5a106b05654f9{\nbackground-repeat:no-repeat;\nbackground-image:url(https:\/\/gmforging.com\/wp-content\/uploads\/2023\/09\/low-angle-view-building-ceiling-1-scaled.jpg);\nbackground-position:0% 0%;\nbackground-attachment:scroll;\n}\n<\/style>\n<div id='av_section_1'  class='avia-section av-ln63qr30-6b8dc0ac7f92787fccc5a106b05654f9 main_color avia-section-default avia-no-border-styling  avia-builder-el-0  el_before_av_textblock  avia-builder-el-first  avia-full-stretch avia-bg-style-scroll av-minimum-height av-minimum-height-50 av-height-50  container_wrap fullsize'  data-section-bg-repeat='stretch' data-av_minimum_height_pc='50' data-av_min_height_opt='50'><div class='container av-section-cont-open' ><main  role=\"main\" itemprop=\"mainContentOfPage\"  class='template-page content  av-content-full alpha units'><div class='post-entry post-entry-type-page post-entry-1199'><div class='entry-content-wrapper clearfix'><\/div><\/div><\/main><!-- close content main element --><\/div><\/div><div id='after_section_1'  class='main_color av_default_container_wrap container_wrap fullsize'  ><div class='container av-section-cont-open' ><div class='template-page content  av-content-full alpha units'><div class='post-entry post-entry-type-page post-entry-1199'><div class='entry-content-wrapper clearfix'>\n<section  class='av_textblock_section av-ln63rh19-fcda036d8eccd5c82be7d6adfb319852 '   itemscope=\"itemscope\" itemtype=\"https:\/\/schema.org\/CreativeWork\" ><div class='avia_textblock'  itemprop=\"text\" ><p><strong>Acciaio Strutturale<\/strong><\/p>\n<p><strong>Acciaio S355 J2G3<\/strong><\/p>\n<p>L&#8217;Acciaio S355 J2G3 \u00e8 un acciaio al manganese al carbonio ad alto rendimento e non legato. Si chiama S355 a causa del valore minimo medio di resistenza alla trazione per questo materiale, che \u00e8 di 355 MPa. Come acciaio strutturale, presenta eccellenti propriet\u00e0 di resistenza e saldabilit\u00e0. Pu\u00f2 essere facilmente saldato ad altri acciai saldabili. Grazie al suo basso equivalente di carbonio, possiede buone propriet\u00e0 di formatura a freddo.<\/p>\n<p>Il S355J2G3 \u00e8 una classe di acciaio strutturale a basso tenore di carbonio spesso utilizzata per applicazioni che richiedono migliori propriet\u00e0 meccaniche rispetto alle classi S275 e S235. \u00c8 ampiamente utilizzato nelle industrie dell&#8217;ingegneria e della costruzione.<\/p>\n<p>Le applicazioni includono assi, bulloni e bielle, alberi motore, idraulici e alberi delle pompe, parti di macchine, torri di trasmissione, camion ribaltabili, gru, rimorchi, bulldozer, escavatori, macchine forestali, carri ferroviari, delfini, condotte forzate, tubi, ponti stradali, strutture edilizie, piattaforme per petrolio e gas, strutture offshore, cantieristica navale, centrali elettriche, attrezzature per l&#8217;olio di palma e macchinari, ventilatori, pompe, attrezzature di sollevamento ed attrezzature portuali, ecc.<\/p>\n<p><strong>Acciaio ST52<\/strong><\/p>\n<p>ST52 \u00e8 un acciaio a basso tenore di carbonio con contenuto di manganese. Ha una buona resistenza agli urti e resistenza del materiale. Le propriet\u00e0 durevoli combinate con facilit\u00e0 di lavorazione rendono lo ST52 una scelta popolare per diverse industrie e applicazioni. Per quanto riguarda altri parametri di resilienza fisica come durezza superficiale e resistenza alla trazione, lo ST52 mostra buone prestazioni. Inoltre, lo ST52 \u00e8 abbastanza duttile, il che significa che pu\u00f2 essere plasticamente rimodellato nelle forme desiderate senza necessit\u00e0 di trattamento termico.<\/p>\n<p>Si tratta di una classe standardizzata di acciaio in Europa, principalmente in Germania, dove \u00e8 conosciuto come &#8220;Stahl St52&#8221; o &#8220;St52 Stahl&#8221; in tedesco. In termini di equivalente americano, l&#8217;acciaio ST52 corrisponde all&#8217;acciaio ASTM A572, grado 50.<\/p>\n<p>Le principali caratteristiche dell&#8217;acciaio ST52 includono l&#8217;alta resistenza, la buona saldabilit\u00e0 e la buona lavorabilit\u00e0. \u00c8 comunemente utilizzato nella costruzione di edifici, ponti e altre strutture dove sono richiesti materiali ad alta resistenza. L&#8217;acciaio ST52 \u00e8 anche impiegato nella produzione di parti di macchine, come cilindri idraulici, assi e varie componenti che devono resistere a pesanti carichi e sollecitazioni.<\/p>\n<p><strong>Acciaio S275JR<\/strong><\/p>\n<p>Il S275JR \u00e8 una specifica classe di acciaio strutturale a basso tenore di carbonio. La &#8220;S&#8221; sta per acciaio strutturale; &#8220;275&#8221; si riferisce alla resistenza minima di snervamento testata a 275 MPa con spessori di acciaio \u2264 16 mm. &#8220;JR&#8221; significa che il valore minimo di impatto Charpy a temperatura ambiente \u00e8 di 27 J. &#8220;J0&#8221; si riferisce al valore minimo di impatto Charpy a 0 \u00b0C, che \u00e8 anch&#8217;esso di 27 J. &#8220;J2&#8221; significa che il valore minimo di impatto a -20 \u00b0C \u00e8 di 27 J.<\/p>\n<p>La scelta della classe di acciaio dipende dalle specifiche esigenze del progetto e dagli elementi strutturali utilizzati. Gli ingegneri e i progettisti scelgono la classe di acciaio appropriata in base a fattori come la capacit\u00e0 di carico, le condizioni ambientali e la resistenza e la durabilit\u00e0 desiderate della struttura.<\/p>\n<\/div><\/section>\n","protected":false},"excerpt":{"rendered":"","protected":false},"author":1,"featured_media":0,"parent":1127,"menu_order":0,"comment_status":"closed","ping_status":"closed","template":"","meta":{"om_disable_all_campaigns":false,"_monsterinsights_skip_tracking":false,"_monsterinsights_sitenote_active":false,"_monsterinsights_sitenote_note":"","_monsterinsights_sitenote_category":0,"footnotes":""},"class_list":["post-1199","page","type-page","status-publish","hentry"],"aioseo_notices":[],"_links":{"self":[{"href":"https:\/\/gmforging.com\/it\/index.php\/wp-json\/wp\/v2\/pages\/1199","targetHints":{"allow":["GET"]}}],"collection":[{"href":"https:\/\/gmforging.com\/it\/index.php\/wp-json\/wp\/v2\/pages"}],"about":[{"href":"https:\/\/gmforging.com\/it\/index.php\/wp-json\/wp\/v2\/types\/page"}],"author":[{"embeddable":true,"href":"https:\/\/gmforging.com\/it\/index.php\/wp-json\/wp\/v2\/users\/1"}],"replies":[{"embeddable":true,"href":"https:\/\/gmforging.com\/it\/index.php\/wp-json\/wp\/v2\/comments?post=1199"}],"version-history":[{"count":2,"href":"https:\/\/gmforging.com\/it\/index.php\/wp-json\/wp\/v2\/pages\/1199\/revisions"}],"predecessor-version":[{"id":1201,"href":"https:\/\/gmforging.com\/it\/index.php\/wp-json\/wp\/v2\/pages\/1199\/revisions\/1201"}],"up":[{"embeddable":true,"href":"https:\/\/gmforging.com\/it\/index.php\/wp-json\/wp\/v2\/pages\/1127"}],"wp:attachment":[{"href":"https:\/\/gmforging.com\/it\/index.php\/wp-json\/wp\/v2\/media?parent=1199"}],"curies":[{"name":"wp","href":"https:\/\/api.w.org\/{rel}","templated":true}]}}