{"id":1175,"date":"2023-09-30T14:36:27","date_gmt":"2023-09-30T13:36:27","guid":{"rendered":"https:\/\/gmforging.com\/index.php\/qualita\/acciaio-temprato\/"},"modified":"2023-10-16T21:25:01","modified_gmt":"2023-10-16T20:25:01","slug":"acciaio-temprato","status":"publish","type":"page","link":"https:\/\/gmforging.com\/it\/index.php\/qualita\/acciaio-temprato\/","title":{"rendered":"Acciaio Temprato"},"content":{"rendered":"\n<style type=\"text\/css\" data-created_by=\"avia_inline_auto\" id=\"style-css-av-ln63kscq-f16f0d3eeb5cc04213a10fe898f646c3\">\n.avia-section.av-ln63kscq-f16f0d3eeb5cc04213a10fe898f646c3{\nbackground-repeat:no-repeat;\nbackground-image:url(https:\/\/gmforging.com\/wp-content\/uploads\/2023\/09\/low-angle-view-building-ceiling-1-scaled.jpg);\nbackground-position:0% 0%;\nbackground-attachment:scroll;\n}\n<\/style>\n<div id='av_section_1'  class='avia-section av-ln63kscq-f16f0d3eeb5cc04213a10fe898f646c3 main_color avia-section-default avia-no-border-styling  avia-builder-el-0  el_before_av_textblock  avia-builder-el-first  avia-full-stretch avia-bg-style-scroll av-minimum-height av-minimum-height-50 av-height-50  container_wrap fullsize'  data-section-bg-repeat='stretch' data-av_minimum_height_pc='50' data-av_min_height_opt='50'><div class='container av-section-cont-open' ><main  role=\"main\" itemprop=\"mainContentOfPage\"  class='template-page content  av-content-full alpha units'><div class='post-entry post-entry-type-page post-entry-1175'><div class='entry-content-wrapper clearfix'><\/div><\/div><\/main><!-- close content main element --><\/div><\/div><div id='after_section_1'  class='main_color av_default_container_wrap container_wrap fullsize'  ><div class='container av-section-cont-open' ><div class='template-page content  av-content-full alpha units'><div class='post-entry post-entry-type-page post-entry-1175'><div class='entry-content-wrapper clearfix'>\n<section  class='av_textblock_section av-ln63myj5-47c77139e6dbf88c0a35674f62811b20 '   itemscope=\"itemscope\" itemtype=\"https:\/\/schema.org\/CreativeWork\" ><div class='avia_textblock'  itemprop=\"text\" ><h3>Acciaio temprato<\/h3>\n<p><strong>Acciaio 42 CrMo4<\/strong><br \/>\nGmforging produce acciaio forgiato 42 CrMo4 ed \u00e8 disponibile per il taglio e la consegna.<\/p>\n<p>Il 42CrMo4 \u00e8 un acciaio di alta qualit\u00e0 a bassa lega noto per la sua eccellente resistenza, tenacit\u00e0 e temprabilit\u00e0. Questo acciaio \u00e8 spesso utilizzato in applicazioni che richiedono elevata resistenza alla trazione e alla resa, buona resistenza all&#8217;usura e la capacit\u00e0 di mantenere le sue propriet\u00e0 meccaniche a temperature elevate. La composizione numerica &#8220;42CrMo4&#8221; indica i suoi elementi leganti e la composizione approssimativa:<\/p>\n<p>42 indica il contenuto approssimativo di carbonio (0,42%).<\/p>\n<p>Cr rappresenta il cromo come principale elemento legante.<\/p>\n<p>Mo rappresenta il molibdeno come elemento legante.<\/p>\n<p>L&#8217;acciaio legato 1.7225 4140 (42CrMo4) \u00e8 ampiamente utilizzato per scopi di acciaio per ingegneria, come varie macchine, automobili, parti di ricambio per l&#8217;industria mineraria, ruote dentate di motori, ingranaggi di trasmissione di sovralimentatori, bielle, parti per applicazioni di gruppi motopropulsori, fissaggi a freddo formati, ed \u00e8 frequentemente utilizzato in settori come alberi, ingranaggi e lavori di esplorazione del petrolio.<\/p>\n<p><strong>Acciaio 34CrNiMo6<\/strong><\/p>\n<p>Gmforging produce acciaio forgiato 34CrNiMo6 ed \u00e8 disponibile per il taglio e la consegna.<\/p>\n<p>Il 34CrNiMo6 \u00e8 un acciaio a bassa lega noto per la sua elevata resistenza, tenacit\u00e0 e buona temprabilit\u00e0. Questo acciaio \u00e8 spesso utilizzato in applicazioni che richiedono eccellenti propriet\u00e0 meccaniche e resistenza all&#8217;usura e all&#8217;impatto. La composizione numerica &#8220;34CrNiMo6&#8221; indica i suoi elementi leganti e la composizione approssimativa:<\/p>\n<p>34 indica il contenuto approssimativo di carbonio (0,34%).<\/p>\n<p>Cr rappresenta il cromo come principale elemento legante.<\/p>\n<p>Ni rappresenta il nichel come elemento legante.<\/p>\n<p>Mo rappresenta il molibdeno come elemento legante.<\/p>\n<p>L&#8217;acciaio temperato 1.6582 (AISI 4340) (34CrNiMo) \u00e8 particolarmente preferito nelle parti di ingegneria meccanica, alberi motore sovradimensionati, alberi a camme e ingranaggi.<\/p>\n<p><strong>Acciaio 30CrNiMo8<\/strong><\/p>\n<p>Gmforging produce acciaio forgiato 30CrNiMo8 ed \u00e8 disponibile per il taglio e la consegna.<\/p>\n<p>Il 30CrNiMo8 \u00e8 un acciaio a bassa lega noto per la sua elevata resistenza, tenacit\u00e0 e buona temprabilit\u00e0. Questo acciaio \u00e8 comunemente utilizzato in applicazioni che richiedono eccellenti propriet\u00e0 meccaniche, resistenza all&#8217;usura e all&#8217;impatto, e la capacit\u00e0 di essere sottoposto a trattamento termico per ottenere specifici livelli di durezza. La composizione numerica &#8220;30CrNiMo8&#8221; indica i suoi elementi leganti e la composizione approssimativa:<\/p>\n<p>30 indica il contenuto approssimativo di carbonio (0,30%).<\/p>\n<p>Cr rappresenta il cromo come principale elemento legante.<\/p>\n<p>Ni rappresenta il nichel come elemento legante.<\/p>\n<p>Mo rappresenta il molibdeno come elemento legante.<\/p>\n<p>L&#8217;acciaio 1.6580 30CrNiMo8 \u00e8 utilizzato per componenti automobilistiche e generali che richiedono elevate prestazioni in termini di resistenza, tenacit\u00e0 e buona temprabilit\u00e0. \u00c8 particolarmente adatto per parti pesanti nei settori dell&#8217;aviazione, dell&#8217;automobilismo e dell&#8217;industria militare.<\/p>\n<\/div><\/section>\n","protected":false},"excerpt":{"rendered":"","protected":false},"author":1,"featured_media":0,"parent":1127,"menu_order":0,"comment_status":"closed","ping_status":"closed","template":"","meta":{"om_disable_all_campaigns":false,"_monsterinsights_skip_tracking":false,"_monsterinsights_sitenote_active":false,"_monsterinsights_sitenote_note":"","_monsterinsights_sitenote_category":0,"footnotes":""},"class_list":["post-1175","page","type-page","status-publish","hentry"],"aioseo_notices":[],"_links":{"self":[{"href":"https:\/\/gmforging.com\/it\/index.php\/wp-json\/wp\/v2\/pages\/1175","targetHints":{"allow":["GET"]}}],"collection":[{"href":"https:\/\/gmforging.com\/it\/index.php\/wp-json\/wp\/v2\/pages"}],"about":[{"href":"https:\/\/gmforging.com\/it\/index.php\/wp-json\/wp\/v2\/types\/page"}],"author":[{"embeddable":true,"href":"https:\/\/gmforging.com\/it\/index.php\/wp-json\/wp\/v2\/users\/1"}],"replies":[{"embeddable":true,"href":"https:\/\/gmforging.com\/it\/index.php\/wp-json\/wp\/v2\/comments?post=1175"}],"version-history":[{"count":2,"href":"https:\/\/gmforging.com\/it\/index.php\/wp-json\/wp\/v2\/pages\/1175\/revisions"}],"predecessor-version":[{"id":1177,"href":"https:\/\/gmforging.com\/it\/index.php\/wp-json\/wp\/v2\/pages\/1175\/revisions\/1177"}],"up":[{"embeddable":true,"href":"https:\/\/gmforging.com\/it\/index.php\/wp-json\/wp\/v2\/pages\/1127"}],"wp:attachment":[{"href":"https:\/\/gmforging.com\/it\/index.php\/wp-json\/wp\/v2\/media?parent=1175"}],"curies":[{"name":"wp","href":"https:\/\/api.w.org\/{rel}","templated":true}]}}