{"id":1163,"date":"2023-09-30T14:33:24","date_gmt":"2023-09-30T13:33:24","guid":{"rendered":"https:\/\/gmforging.com\/index.php\/qualita\/acciai-per-cementazione\/"},"modified":"2023-10-16T20:28:03","modified_gmt":"2023-10-16T19:28:03","slug":"acciai-per-cementazione","status":"publish","type":"page","link":"https:\/\/gmforging.com\/it\/index.php\/qualita\/acciai-per-cementazione\/","title":{"rendered":"ACCIAI PER CEMENTAZIONE"},"content":{"rendered":"\n<style type=\"text\/css\" data-created_by=\"avia_inline_auto\" id=\"style-css-av-ln63i6ck-f7a69ae187195ac2382b27a0a89642e6\">\n.avia-section.av-ln63i6ck-f7a69ae187195ac2382b27a0a89642e6{\nbackground-repeat:no-repeat;\nbackground-image:url(https:\/\/gmforging.com\/wp-content\/uploads\/2023\/09\/low-angle-view-building-ceiling-1-scaled.jpg);\nbackground-position:0% 0%;\nbackground-attachment:scroll;\n}\n<\/style>\n<div id='av_section_1'  class='avia-section av-ln63i6ck-f7a69ae187195ac2382b27a0a89642e6 main_color avia-section-default avia-no-border-styling  avia-builder-el-0  el_before_av_textblock  avia-builder-el-first  avia-full-stretch avia-bg-style-scroll av-minimum-height av-minimum-height-50 av-height-50  container_wrap fullsize'  data-section-bg-repeat='stretch' data-av_minimum_height_pc='50' data-av_min_height_opt='50'><div class='container av-section-cont-open' ><main  role=\"main\" itemprop=\"mainContentOfPage\"  class='template-page content  av-content-full alpha units'><div class='post-entry post-entry-type-page post-entry-1163'><div class='entry-content-wrapper clearfix'><\/div><\/div><\/main><!-- close content main element --><\/div><\/div><div id='after_section_1'  class='main_color av_default_container_wrap container_wrap fullsize'  ><div class='container av-section-cont-open' ><div class='template-page content  av-content-full alpha units'><div class='post-entry post-entry-type-page post-entry-1163'><div class='entry-content-wrapper clearfix'>\n<section  class='av_textblock_section av-ln63jq42-43969728a1c3e831a2a5359fd4d3033f '   itemscope=\"itemscope\" itemtype=\"https:\/\/schema.org\/CreativeWork\" ><div class='avia_textblock'  itemprop=\"text\" ><p><strong>ACCIAI PER CEMENTAZIONE<\/strong><\/p>\n<p><strong>Acciaio 16 MnCr5 (1.7131)<\/strong><\/p>\n<p>L&#8217;acciaio 16 MnCr5 (1.7131) \u00e8 un acciaio a bassa lega noto per la sua buona temprabilit\u00e0, resistenza e capacit\u00e0 di resistenza all&#8217;usura. Questo acciaio \u00e8 comunemente utilizzato in applicazioni che richiedono componenti con una combinazione di queste propriet\u00e0. La composizione numerica &#8220;16MnCr5&#8221; indica gli elementi di lega e la composizione approssimativa:<\/p>\n<p>16 rappresenta la percentuale approssimativa di carbonio (0,16%).<br \/>\nMn rappresenta il manganese come un importante elemento di lega.<br \/>\nCr rappresenta il cromo come elemento di lega.<br \/>\n5 indica la percentuale approssimativa di carbonio (0,5%) di cromo.<br \/>\nL&#8217;acciaio 16MnCr5 \u00e8 comunemente utilizzato in settori quali l&#8217;automobilistica, l&#8217;ingegneria meccanica e la produzione di ingranaggi. \u00c8 spesso scelto per applicazioni come ruote dentate, alberi, assi e altre componenti in cui \u00e8 richiesta una combinazione di resistenza, temprabilit\u00e0 e resistenza all&#8217;usura.<\/p>\n<p>Il 16MnCr5 \u00e8 un acciaio versatile che pu\u00f2 essere adattato per soddisfare specifiche esigenze applicative attraverso processi di trattamento termico. Le sue propriet\u00e0 ben bilanciate lo rendono prezioso per diverse applicazioni in diverse industrie, soprattutto in situazioni in cui le componenti devono resistere a sollecitazioni elevate e all&#8217;usura.<\/p>\n<p><strong>Acciaio 20MnCr5<\/strong><\/p>\n<p>Il 20MnCr5 (1.7147) \u00e8 un acciaio da cementazione con basso tenore di carbonio ma buona temprabilit\u00e0, che porta a una buona resistenza all&#8217;usura grazie all&#8217;alta durezza superficiale dopo la tempra. La piccola dimensione del grano comporta una buona duttilit\u00e0 e resistenza alla fatica. \u00c8 adatto per scatole del cambio e ingranaggi dell&#8217;asse.<\/p>\n<p>La composizione numerica &#8220;20MnCr5&#8221; indica gli elementi di lega e la composizione approssimativa:<\/p>\n<p>20 rappresenta la percentuale approssimativa di carbonio (0,20%).<br \/>\nMn rappresenta il manganese come un importante elemento di lega.<br \/>\nCr rappresenta il cromo come elemento di lega.<br \/>\n5 indica la percentuale approssimativa di carbonio (0,5%) di cromo.<br \/>\n<strong>Acciaio AISI 8620<\/strong><\/p>\n<p>L&#8217;AISI 8620 (20NiCrMo2, 1.6523) \u00e8 un materiale adatto alla cementazione e alla nitrurazione grazie al suo basso tenore di carbonio. L&#8217;acciaio 8620 \u00e8 un acciaio da cementazione duttile dove la tenacit\u00e0 \u00e8 richiesta nel nucleo, mentre \u00e8 duro e resistente all&#8217;abrasione in superficie ed \u00e8 preferito nelle zone soggette a impatti.<\/p>\n<p>L&#8217;AISI 8620 (20NiCrMo2, 1.6523) \u00e8 utilizzato in ruote dentate, perni, alberi, manicotti di interruttori, maglie di catene e parti simili.<\/p>\n<p><strong>Acciaio 18CrNiMo7-6<\/strong><\/p>\n<p>L&#8217;AISI 4820 (18CrNiMo7-6, 1.6587) \u00e8 un acciaio da cementazione legato con nichel, cromo e molibdeno. La profondit\u00e0 di durezza superficiale \u00e8 molto maggiore rispetto all&#8217;8620. Poich\u00e9 il contenuto di cromo e nichel dell&#8217;acciaio 6587 \u00e8 molto maggiore rispetto all&#8217;8620, le sue propriet\u00e0 meccaniche generali sono anche migliori.<\/p>\n<p>L&#8217;AISI 4820 (18CrNiMo7-6, 1.6587) \u00e8 utilizzato in boccole, perni d&#8217;usura, cuscinetti e applicazioni simili.<\/p>\n<\/div><\/section>\n","protected":false},"excerpt":{"rendered":"","protected":false},"author":1,"featured_media":0,"parent":1127,"menu_order":0,"comment_status":"closed","ping_status":"closed","template":"","meta":{"om_disable_all_campaigns":false,"_monsterinsights_skip_tracking":false,"_monsterinsights_sitenote_active":false,"_monsterinsights_sitenote_note":"","_monsterinsights_sitenote_category":0,"footnotes":""},"class_list":["post-1163","page","type-page","status-publish","hentry"],"aioseo_notices":[],"_links":{"self":[{"href":"https:\/\/gmforging.com\/it\/index.php\/wp-json\/wp\/v2\/pages\/1163","targetHints":{"allow":["GET"]}}],"collection":[{"href":"https:\/\/gmforging.com\/it\/index.php\/wp-json\/wp\/v2\/pages"}],"about":[{"href":"https:\/\/gmforging.com\/it\/index.php\/wp-json\/wp\/v2\/types\/page"}],"author":[{"embeddable":true,"href":"https:\/\/gmforging.com\/it\/index.php\/wp-json\/wp\/v2\/users\/1"}],"replies":[{"embeddable":true,"href":"https:\/\/gmforging.com\/it\/index.php\/wp-json\/wp\/v2\/comments?post=1163"}],"version-history":[{"count":2,"href":"https:\/\/gmforging.com\/it\/index.php\/wp-json\/wp\/v2\/pages\/1163\/revisions"}],"predecessor-version":[{"id":1165,"href":"https:\/\/gmforging.com\/it\/index.php\/wp-json\/wp\/v2\/pages\/1163\/revisions\/1165"}],"up":[{"embeddable":true,"href":"https:\/\/gmforging.com\/it\/index.php\/wp-json\/wp\/v2\/pages\/1127"}],"wp:attachment":[{"href":"https:\/\/gmforging.com\/it\/index.php\/wp-json\/wp\/v2\/media?parent=1163"}],"curies":[{"name":"wp","href":"https:\/\/api.w.org\/{rel}","templated":true}]}}