{"id":1151,"date":"2023-09-30T14:33:51","date_gmt":"2023-09-30T13:33:51","guid":{"rendered":"https:\/\/gmforging.com\/index.php\/qualita\/acciaio-al-carbonio\/"},"modified":"2023-10-16T20:19:34","modified_gmt":"2023-10-16T19:19:34","slug":"acciaio-al-carbonio","status":"publish","type":"page","link":"https:\/\/gmforging.com\/it\/index.php\/qualita\/acciaio-al-carbonio\/","title":{"rendered":"Acciaio al Carbonio"},"content":{"rendered":"\n<style type=\"text\/css\" data-created_by=\"avia_inline_auto\" id=\"style-css-av-ln63ee4i-a45c5428ce70ef7007e1140f8914af85\">\n.avia-section.av-ln63ee4i-a45c5428ce70ef7007e1140f8914af85{\nbackground-repeat:no-repeat;\nbackground-image:url(https:\/\/gmforging.com\/wp-content\/uploads\/2023\/09\/low-angle-view-building-ceiling-1-scaled.jpg);\nbackground-position:0% 0%;\nbackground-attachment:scroll;\n}\n<\/style>\n<div id='av_section_1'  class='avia-section av-ln63ee4i-a45c5428ce70ef7007e1140f8914af85 main_color avia-section-default avia-no-border-styling  avia-builder-el-0  el_before_av_textblock  avia-builder-el-first  avia-full-stretch avia-bg-style-scroll av-minimum-height av-minimum-height-50 av-height-50  container_wrap fullsize'  data-section-bg-repeat='stretch' data-av_minimum_height_pc='50' data-av_min_height_opt='50'><div class='container av-section-cont-open' ><main  role=\"main\" itemprop=\"mainContentOfPage\"  class='template-page content  av-content-full alpha units'><div class='post-entry post-entry-type-page post-entry-1151'><div class='entry-content-wrapper clearfix'><\/div><\/div><\/main><!-- close content main element --><\/div><\/div><div id='after_section_1'  class='main_color av_default_container_wrap container_wrap fullsize'  ><div class='container av-section-cont-open' ><div class='template-page content  av-content-full alpha units'><div class='post-entry post-entry-type-page post-entry-1151'><div class='entry-content-wrapper clearfix'>\n<section  class='av_textblock_section av-ln63gkrg-fb14a09201c99b762d874f3af2713a89 '   itemscope=\"itemscope\" itemtype=\"https:\/\/schema.org\/CreativeWork\" ><div class='avia_textblock'  itemprop=\"text\" ><p><strong>ACCAIO AL CARBONIO<\/strong><\/p>\n<p><strong>SAE 1020<\/strong>: L&#8217;acciaio AISI 1020 \u00e8 caratterizzato dalla sua bassa temprabilit\u00e0 e resistenza a trrazione, con una composizione nominale del 0,22% di carbonio (C) e del 0,55% di manganese (Mn). Questo acciaio presenta un&#8217;eccezionale saldabilit\u00e0, una lavorabilit\u00e0 favorevole e una notevole duttilit\u00e0. \u00c8 spesso impiegato nella fabbricazione di assi, alberi e varie componenti meccaniche, grazie alle sue favorevoli propriet\u00e0 di saldabilit\u00e0 e lavorabilit\u00e0.<\/p>\n<p><strong>SAE 1030<\/strong>: L&#8217;AISI 1030 \u00e8 un acciaio ad alto tenore di carbonio contenente circa lo 0,30% di carbonio, che pu\u00f2 essere indurito mediante trattamento termico a una durezza massima di circa Rockwell C 50. L&#8217;acciaio ad alto tenore di carbonio dolce ricotto \u00e8 destinato a delle applicazioni che richiedono una formatura moderata, mentre il prodotto dolce ricotto globulizzato \u00e8 destinato a delle applicazioni che richiedono una massima formatura a freddo. Il prodotto dolce ricotto globulizzato viene lavorato per ottenere la minima durezza per una massima formabilit\u00e0. Questo grado di acciaio \u00e8 utilizzato per parti di macchinari, staffe, freni, clip, frizioni, molle, rondelle e per una vasta gamma di applicazioni che possono sfruttare la sua buona combinazione di propriet\u00e0 meccaniche.<\/p>\n<p><strong>SAE 1045<\/strong>: &#8220;L&#8217;AISI 1045, classificato come acciaio al carbonio medio, presenta caratteristiche vantaggiose come eccellente saldabilit\u00e0, lavorabilit\u00e0 favorevole e notevoli propriet\u00e0 di resistenza e resilienza, che sia in uno stato normalizzato o forgiato a caldo.<\/p>\n<p><strong>SAE 1050<\/strong>: &#8220;Il grado di acciaio 1050 \u00e8 classificato come acciaio a medio tenore di carbonio, con moderati livelli di resistenza a trazione e tenacia. Si conforma agli standard stabiliti da ASTM A510\/A510M, ASTM A713\/A713M, SAE J403 e da altre pertinenti specifiche normative. Il grado di acciaio 1050 trova un&#8217;ampia applicazione nella produzione di componenti forgiate, compresi alberi, ingranaggi, assi, bende, vomeri, viti, falci, coltelli, asce, martelli, oltre che nella produzione di molle non sollecitate e molle elicoidali.&#8221;<\/p>\n<p><strong>SAE 1060<\/strong>: Il grado di acciaio SAE 1060 \u00e8 un acciaio strutturale al carbonio di alta qualit\u00e0 con numerose propriet\u00e0 desiderabili e usi. Ha un&#8217;eccellente lavorabilit\u00e0 e propriet\u00e0 di trattamento termico, nonch\u00e9 un&#8217;eccellente resistenza alla corrosione e propriet\u00e0 fisiche. Esaminiamo pi\u00f9 da vicino ci\u00f2 che rende cos\u00ec speciale l&#8217;acciaio 1060 e come pu\u00f2 essere utilizzato.<\/p>\n<p><strong>SAE 1090<\/strong>: &#8220;L&#8217;AISI 1090 \u00e8 un acciaio ad alto tenore di carbonio noto per le sue lodevoli caratteristiche di resistenza all&#8217;usura e tenacia. Questa lega trova la sua migliore utilit\u00e0 in situazioni che richiedono procedure precise di trattamento termico.<\/p>\n<p>Inoltre, l&#8217;AISI 1090 si distingue come un acciaio legato caratterizzato da una marcata resistenza alla corrosione, attribuita alla sua distintiva amalgama di componenti chimici. Questa particolare composizione \u00e8 particolarmente stimata per la sua capacit\u00e0 di resistere alla ruggine, il che lo rende particolarmente adatto per applicazioni nell&#8217;industria edile e in altri ambienti esterni esposti all&#8217;umidit\u00e0 e all&#8217;umidit\u00e0.<\/p>\n<p>Inoltre, grazie al suo eccezionale rapporto resistenza-peso, l&#8217;AISI 1090 gode di una diffusa adozione nel campo dell&#8217;ingegneria automobilistica, contribuendo in modo significativo alla produzione di componenti vitali come pignoni, ruote, alberi motore e parti automobilistiche. Le sue propriet\u00e0 resistenti alla ruggine estendono ulteriormente la loro utilit\u00e0 a settori come la costruzione di piattaforme per trivellazioni petrolifere e la produzione di componenti meccanici in diverse aree industriali.&#8221;<\/p>\n<\/div><\/section>\n","protected":false},"excerpt":{"rendered":"","protected":false},"author":1,"featured_media":0,"parent":1127,"menu_order":0,"comment_status":"closed","ping_status":"closed","template":"","meta":{"om_disable_all_campaigns":false,"_monsterinsights_skip_tracking":false,"_monsterinsights_sitenote_active":false,"_monsterinsights_sitenote_note":"","_monsterinsights_sitenote_category":0,"footnotes":""},"class_list":["post-1151","page","type-page","status-publish","hentry"],"aioseo_notices":[],"_links":{"self":[{"href":"https:\/\/gmforging.com\/it\/index.php\/wp-json\/wp\/v2\/pages\/1151","targetHints":{"allow":["GET"]}}],"collection":[{"href":"https:\/\/gmforging.com\/it\/index.php\/wp-json\/wp\/v2\/pages"}],"about":[{"href":"https:\/\/gmforging.com\/it\/index.php\/wp-json\/wp\/v2\/types\/page"}],"author":[{"embeddable":true,"href":"https:\/\/gmforging.com\/it\/index.php\/wp-json\/wp\/v2\/users\/1"}],"replies":[{"embeddable":true,"href":"https:\/\/gmforging.com\/it\/index.php\/wp-json\/wp\/v2\/comments?post=1151"}],"version-history":[{"count":2,"href":"https:\/\/gmforging.com\/it\/index.php\/wp-json\/wp\/v2\/pages\/1151\/revisions"}],"predecessor-version":[{"id":1153,"href":"https:\/\/gmforging.com\/it\/index.php\/wp-json\/wp\/v2\/pages\/1151\/revisions\/1153"}],"up":[{"embeddable":true,"href":"https:\/\/gmforging.com\/it\/index.php\/wp-json\/wp\/v2\/pages\/1127"}],"wp:attachment":[{"href":"https:\/\/gmforging.com\/it\/index.php\/wp-json\/wp\/v2\/media?parent=1151"}],"curies":[{"name":"wp","href":"https:\/\/api.w.org\/{rel}","templated":true}]}}