{"id":1127,"date":"2023-09-16T14:02:15","date_gmt":"2023-09-16T13:02:15","guid":{"rendered":"https:\/\/gmforging.com\/index.php\/qualita\/"},"modified":"2023-10-16T18:01:51","modified_gmt":"2023-10-16T17:01:51","slug":"qualita","status":"publish","type":"page","link":"https:\/\/gmforging.com\/it\/index.php\/qualita\/","title":{"rendered":"Qualit\u00e0"},"content":{"rendered":"\n<style type=\"text\/css\" data-created_by=\"avia_inline_auto\" id=\"style-css-av-lmm1iw38-c455aeaf7efb7ac8e6cce71cf385ecef\">\n.avia-section.av-lmm1iw38-c455aeaf7efb7ac8e6cce71cf385ecef{\nbackground-repeat:no-repeat;\nbackground-image:url(https:\/\/gmforging.com\/wp-content\/uploads\/2023\/09\/low-angle-view-building-ceiling-1-scaled.jpg);\nbackground-position:0% 0%;\nbackground-attachment:scroll;\n}\n<\/style>\n<div id='av_section_1'  class='avia-section av-lmm1iw38-c455aeaf7efb7ac8e6cce71cf385ecef main_color avia-section-default avia-no-border-styling  avia-builder-el-0  el_before_av_one_full  avia-builder-el-first  avia-full-stretch avia-bg-style-scroll av-minimum-height av-minimum-height-50 av-height-50  container_wrap fullsize'  data-section-bg-repeat='stretch' data-av_minimum_height_pc='50' data-av_min_height_opt='50'><div class='container av-section-cont-open' ><main  role=\"main\" itemprop=\"mainContentOfPage\"  class='template-page content  av-content-full alpha units'><div class='post-entry post-entry-type-page post-entry-1127'><div class='entry-content-wrapper clearfix'><\/div><\/div><\/main><!-- close content main element --><\/div><\/div><div id='after_section_1'  class='main_color av_default_container_wrap container_wrap fullsize'  ><div class='container av-section-cont-open' ><div class='template-page content  av-content-full alpha units'><div class='post-entry post-entry-type-page post-entry-1127'><div class='entry-content-wrapper clearfix'>\n<div  class='flex_column av-9pz9l-11325e3a3cc578850cbab141f3ceb200 av_one_full  avia-builder-el-1  el_after_av_section  avia-builder-el-no-sibling  first flex_column_div  '     ><section  class='av_textblock_section av-lmm161m1-57632d47e755a678a7d84b340acec520 '   itemscope=\"itemscope\" itemtype=\"https:\/\/schema.org\/CreativeWork\" ><div class='avia_textblock'  itemprop=\"text\" ><p><strongAcciaio 42 CrMo4<\/strong><\/p>\n<p>Gmforging produce acciaio forgiato 42 CrMo4 disponibile per taglio e consegna.<\/p>\n<p>Il 42CrMo4 \u00e8 un acciaio di alta qualit\u00e0 a bassa lega noto per la sua eccellente resistenza, tenacit\u00e0 e induribilit\u00e0. Questo acciaio \u00e8 spesso utilizzato in applicazioni che richiedono un&#8217;elevata resistenza alla trazione e resa, una buona resistenza all&#8217;usura e la capacit\u00e0 di mantenere le sue propriet\u00e0 meccaniche a temperature elevate. La composizione numerica &#8220;42CrMo4&#8221; indica i suoi elementi leganti e la composizione approssimativa:<\/p>\n<p>42 indica il contenuto approssimativo di carbonio (0,42%).<br \/>\nCr rappresenta il cromo come elemento legante principale.<br \/>\nMo rappresenta il molibdeno come elemento legante.<br \/>\nL&#8217;acciaio legato 1.7225 4140 (42CrMo4) \u00e8 ampiamente utilizzato per scopi di ingegneria, come vari macchinari, ricambi per automobili, ruote dentate di motori, ingranaggi di trasmissione dei sovralimentatori, bielle, parti per applicazioni di powertrain, fissaggi formati a freddo, ed \u00e8 spesso utilizzato in settori come alberi, ingranaggi e lavori di esplorazione petrolifera.<\/p>\n<p><strong>Acciaio 34CrNiMo6<\/strong><\/p>\n<p>Gmforging produce acciaio forgiato 34CrNiMo6 disponibile per taglio e consegna.<\/p>\n<p>Il 34CrNiMo6 \u00e8 un acciaio a bassa lega noto per la sua elevata resistenza, tenacit\u00e0 e buona induribilit\u00e0. Questo acciaio \u00e8 spesso utilizzato in applicazioni che richiedono eccellenti propriet\u00e0 meccaniche e resistenza all&#8217;usura e all&#8217;impatto. La composizione numerica &#8220;34CrNiMo6&#8221; indica i suoi elementi leganti e la composizione approssimativa:<\/p>\n<p>34 indica il contenuto approssimativo di carbonio (0,34%).<br \/>\nCr rappresenta il cromo come elemento legante principale.<br \/>\nNi rappresenta il nichel come elemento legante.<br \/>\nMo rappresenta il molibdeno come elemento legante.<br \/>\nL&#8217;acciaio temperato 1.6582 (AISI 4340) (34CrNiMo) \u00e8 particolarmente preferito nelle parti di ingegneria meccanica, alberi a gomiti sovrasfruttati, alberi a camme e ingranaggi.<\/p>\n<p><strong>Acciaio 30CrNiMo8<\/strong><\/p>\n<p>Gmforging produce acciaio forgiato 30CrNiMo8 disponibile per taglio e consegna.<\/p>\n<p>Il 30CrNiMo8 \u00e8 un acciaio a bassa lega noto per la sua elevata resistenza, tenacit\u00e0 e buona induribilit\u00e0. Questo acciaio \u00e8 comunemente utilizzato in applicazioni che richiedono eccellenti propriet\u00e0 meccaniche, resistenza all&#8217;usura e all&#8217;impatto, e la capacit\u00e0 di essere temprato per raggiungere specifici livelli di durezza. La composizione numerica &#8220;30CrNiMo8&#8221; indica i suoi elementi leganti e la composizione approssimativa:<\/p>\n<p>30 indica il contenuto approssimativo di carbonio (0,30%).<br \/>\nCr rappresenta il cromo come elemento legante principale.<br \/>\nNi rappresenta il nichel come elemento legante.<br \/>\nMo rappresenta il molibdeno come elemento legante.<br \/>\nL&#8217;acciaio 1,6580 30CrNiMo8 \u00e8 utilizzato per componenti automobilistici e generali che richiedono elevate prestazioni in termini di resistenza, tenacit\u00e0 e buona induribilit\u00e0. \u00c8 particolarmente adatto per parti pesanti nei settori dell&#8217;aviazione, dell&#8217;automobile e dell&#8217;industria militare.<\/p>\n<\/div><\/section><\/div>\n","protected":false},"excerpt":{"rendered":"","protected":false},"author":1,"featured_media":0,"parent":0,"menu_order":0,"comment_status":"closed","ping_status":"closed","template":"","meta":{"om_disable_all_campaigns":false,"_monsterinsights_skip_tracking":false,"_monsterinsights_sitenote_active":false,"_monsterinsights_sitenote_note":"","_monsterinsights_sitenote_category":0,"footnotes":""},"class_list":["post-1127","page","type-page","status-publish","hentry"],"aioseo_notices":[],"_links":{"self":[{"href":"https:\/\/gmforging.com\/it\/index.php\/wp-json\/wp\/v2\/pages\/1127","targetHints":{"allow":["GET"]}}],"collection":[{"href":"https:\/\/gmforging.com\/it\/index.php\/wp-json\/wp\/v2\/pages"}],"about":[{"href":"https:\/\/gmforging.com\/it\/index.php\/wp-json\/wp\/v2\/types\/page"}],"author":[{"embeddable":true,"href":"https:\/\/gmforging.com\/it\/index.php\/wp-json\/wp\/v2\/users\/1"}],"replies":[{"embeddable":true,"href":"https:\/\/gmforging.com\/it\/index.php\/wp-json\/wp\/v2\/comments?post=1127"}],"version-history":[{"count":2,"href":"https:\/\/gmforging.com\/it\/index.php\/wp-json\/wp\/v2\/pages\/1127\/revisions"}],"predecessor-version":[{"id":1129,"href":"https:\/\/gmforging.com\/it\/index.php\/wp-json\/wp\/v2\/pages\/1127\/revisions\/1129"}],"wp:attachment":[{"href":"https:\/\/gmforging.com\/it\/index.php\/wp-json\/wp\/v2\/media?parent=1127"}],"curies":[{"name":"wp","href":"https:\/\/api.w.org\/{rel}","templated":true}]}}