{"id":1031,"date":"2023-09-16T12:47:58","date_gmt":"2023-09-16T11:47:58","guid":{"rendered":"https:\/\/gmforging.com\/index.php\/forno-di-ricottura\/"},"modified":"2023-10-15T23:09:46","modified_gmt":"2023-10-15T22:09:46","slug":"forno-di-ricottura","status":"publish","type":"page","link":"https:\/\/gmforging.com\/it\/index.php\/forno-di-ricottura\/","title":{"rendered":"Forno di ricottura"},"content":{"rendered":"\n<style type=\"text\/css\" data-created_by=\"avia_inline_auto\" id=\"style-css-av-lmm0s2gm-63106bed46911b839c1f5d07202a07b3\">\n.avia-section.av-lmm0s2gm-63106bed46911b839c1f5d07202a07b3{\nbackground-repeat:no-repeat;\nbackground-image:url(https:\/\/gmforging.com\/wp-content\/uploads\/2023\/09\/Annealing-Furnace.jpg);\nbackground-position:50% 50%;\nbackground-attachment:scroll;\n}\n.avia-section.av-lmm0s2gm-63106bed46911b839c1f5d07202a07b3 .av-section-color-overlay{\nopacity:0.2;\nbackground-color:#edae44;\n}\n<\/style>\n<div id='av_section_1'  class='avia-section av-lmm0s2gm-63106bed46911b839c1f5d07202a07b3 main_color avia-section-default avia-no-border-styling  avia-builder-el-0  el_before_av_one_full  avia-builder-el-first  avia-full-stretch avia-bg-style-scroll av-section-color-overlay-active av-minimum-height av-minimum-height-50 av-height-50  container_wrap fullsize'  data-section-bg-repeat='stretch' data-av_minimum_height_pc='50' data-av_min_height_opt='50'><div class=\"av-section-color-overlay-wrap\"><div class=\"av-section-color-overlay\"><\/div><div class='container av-section-cont-open' ><main  role=\"main\" itemprop=\"mainContentOfPage\"  class='template-page content  av-content-full alpha units'><div class='post-entry post-entry-type-page post-entry-1031'><div class='entry-content-wrapper clearfix'><\/div><\/div><\/main><!-- close content main element --><\/div><\/div><\/div><div id='after_section_1'  class='main_color av_default_container_wrap container_wrap fullsize'  ><div class='container av-section-cont-open' ><div class='template-page content  av-content-full alpha units'><div class='post-entry post-entry-type-page post-entry-1031'><div class='entry-content-wrapper clearfix'>\n<div  class='flex_column av-7zluf-26a4c1067e467de739924cc710f034c9 av_one_full  avia-builder-el-1  el_after_av_section  avia-builder-el-no-sibling  first flex_column_div  '     ><section  class='av_textblock_section av-lmm0r9ga-55f822f65dbc434bf5857908b4592feb '   itemscope=\"itemscope\" itemtype=\"https:\/\/schema.org\/CreativeWork\" ><div class='avia_textblock'  itemprop=\"text\" ><p>Un forno di ricottura \u00e8 un tipo di forno utilizzato principalmente per il processo di trattamento termico noto come ricottura. La ricottura \u00e8 una tecnica di trattamento termico utilizzata per modificare le propriet\u00e0 fisiche e meccaniche dei materiali, in particolare dei metalli e delle leghe, riscaldandoli a una temperatura specifica e quindi raffreddandoli a un tasso controllato. Gli obiettivi principali della ricottura includono la riduzione della durezza, il miglioramento della duttilit\u00e0 e il rilievo delle tensioni interne nel materiale.<\/p>\n<p>&#8220;La nostra struttura comprende un forno di ricottura con dimensioni di 2 metri in lunghezza, 2 metri in larghezza, 2,5 metri in altezza e una capacit\u00e0 di riscaldamento in grado di raggiungere temperature fino a 1250\u00b0C. Questo forno funziona a gas naturale ed \u00e8 dotato di funzionalit\u00e0 avanzate, compresa la misurazione grafica e la possibilit\u00e0 di disegno.&#8221;<\/p>\n<\/div><\/section><\/div>\n","protected":false},"excerpt":{"rendered":"","protected":false},"author":1,"featured_media":0,"parent":0,"menu_order":0,"comment_status":"closed","ping_status":"closed","template":"","meta":{"om_disable_all_campaigns":false,"_monsterinsights_skip_tracking":false,"_monsterinsights_sitenote_active":false,"_monsterinsights_sitenote_note":"","_monsterinsights_sitenote_category":0,"footnotes":""},"class_list":["post-1031","page","type-page","status-publish","hentry"],"aioseo_notices":[],"_links":{"self":[{"href":"https:\/\/gmforging.com\/it\/index.php\/wp-json\/wp\/v2\/pages\/1031","targetHints":{"allow":["GET"]}}],"collection":[{"href":"https:\/\/gmforging.com\/it\/index.php\/wp-json\/wp\/v2\/pages"}],"about":[{"href":"https:\/\/gmforging.com\/it\/index.php\/wp-json\/wp\/v2\/types\/page"}],"author":[{"embeddable":true,"href":"https:\/\/gmforging.com\/it\/index.php\/wp-json\/wp\/v2\/users\/1"}],"replies":[{"embeddable":true,"href":"https:\/\/gmforging.com\/it\/index.php\/wp-json\/wp\/v2\/comments?post=1031"}],"version-history":[{"count":2,"href":"https:\/\/gmforging.com\/it\/index.php\/wp-json\/wp\/v2\/pages\/1031\/revisions"}],"predecessor-version":[{"id":1033,"href":"https:\/\/gmforging.com\/it\/index.php\/wp-json\/wp\/v2\/pages\/1031\/revisions\/1033"}],"wp:attachment":[{"href":"https:\/\/gmforging.com\/it\/index.php\/wp-json\/wp\/v2\/media?parent=1031"}],"curies":[{"name":"wp","href":"https:\/\/api.w.org\/{rel}","templated":true}]}}