{"id":1241,"date":"2023-09-24T16:53:12","date_gmt":"2023-09-24T15:53:12","guid":{"rendered":"https:\/\/gmforging.com\/index.php\/energie-eolienne\/"},"modified":"2023-10-17T12:56:16","modified_gmt":"2023-10-17T11:56:16","slug":"energie-eolienne","status":"publish","type":"page","link":"https:\/\/gmforging.com\/fr\/index.php\/energie-eolienne\/","title":{"rendered":"\u00c9nergie \u00e9olienne"},"content":{"rendered":"<div id='av-layout-grid-1'  class='av-layout-grid-container av-s543x-fd16facba84141ca2cc0ca0f5c5dc39c entry-content-wrapper main_color av-flex-cells  avia-builder-el-0  el_before_av_layout_row  avia-builder-el-first   container_wrap fullsize'  >\n\n<style type=\"text\/css\" data-created_by=\"avia_inline_auto\" id=\"style-css-av-lmxnc5v4-b1c0aca982fdb575c72f48efac660ee4\">\n.flex_cell.av-lmxnc5v4-b1c0aca982fdb575c72f48efac660ee4{\nvertical-align:top;\nbackground-color:#f49919;\n}\n.responsive #top #wrap_all .flex_cell.av-lmxnc5v4-b1c0aca982fdb575c72f48efac660ee4{\npadding:10px 10px 10px 10px !important;\n}\n<\/style>\n<div class='flex_cell av-lmxnc5v4-b1c0aca982fdb575c72f48efac660ee4 av-gridrow-cell av_one_full no_margin  avia-builder-el-1  avia-builder-el-no-sibling  content-align-top'  ><div class='flex_cell_inner'><\/div><\/div>\n<\/div>\n<div id='av-layout-grid-2'  class='av-layout-grid-container av-k0hdx-6d9824b9fb2dcdc6da1efbe4dd9b63f0 entry-content-wrapper main_color av-flex-cells  avia-builder-el-2  el_after_av_layout_row  avia-builder-el-last  grid-row-not-first  container_wrap fullsize'  >\n<div class='flex_cell av-efqj9-a216029b228b1e4d851a4bef37745cb7 av-gridrow-cell av_one_half no_margin  avia-builder-el-3  el_before_av_cell_one_half  avia-builder-el-first '  ><div class='flex_cell_inner'>\n<style type=\"text\/css\" data-created_by=\"avia_inline_auto\" id=\"style-css-av-lmxnbqsn-9257743f2db077c52cd0352ff614aea3\">\n.avia-image-container.av-lmxnbqsn-9257743f2db077c52cd0352ff614aea3 img.avia_image{\nbox-shadow:none;\n}\n.avia-image-container.av-lmxnbqsn-9257743f2db077c52cd0352ff614aea3 .av-image-caption-overlay-center{\ncolor:#ffffff;\n}\n<\/style>\n<div  class='avia-image-container av-lmxnbqsn-9257743f2db077c52cd0352ff614aea3 av-styling- avia-align-center  avia-builder-el-4  avia-builder-el-no-sibling '   itemprop=\"image\" itemscope=\"itemscope\" itemtype=\"https:\/\/schema.org\/ImageObject\" ><div class=\"avia-image-container-inner\"><div class=\"avia-image-overlay-wrap\"><img decoding=\"async\" fetchpriority=\"high\" class='wp-image-744 avia-img-lazy-loading-not-744 avia_image ' src=\"https:\/\/gmforging.com\/wp-content\/uploads\/2023\/09\/app1-495x400.jpg\" alt='Wind farm, Overlooking Columbia River' title='Wind farm,  overlooking Columbia River.'  height=\"400\" width=\"495\"  itemprop=\"thumbnailUrl\" srcset=\"https:\/\/gmforging.com\/wp-content\/uploads\/2023\/09\/app1-495x400.jpg 495w, https:\/\/gmforging.com\/wp-content\/uploads\/2023\/09\/app1-845x684.jpg 845w\" sizes=\"(max-width: 495px) 100vw, 495px\" \/><\/div><\/div><\/div>\n<\/div><\/div><div class='flex_cell av-9vll1-fa7963f16bb0b6528248c40becba6fad av-gridrow-cell av_one_half no_margin  avia-builder-el-5  el_after_av_cell_one_half  avia-builder-el-last '  ><div class='flex_cell_inner'><section  class='av_textblock_section av-lmxnbijv-394b8d89fd6b40304797baf21f478879 '   itemscope=\"itemscope\" itemtype=\"https:\/\/schema.org\/CreativeWork\" ><div class='avia_textblock'  itemprop=\"text\" ><p><strong>\u00c9nergie \u00e9olienne<\/strong><\/p>\n<p>Les pi\u00e8ces forg\u00e9es de turbine \u00e9olienne sont des composants utilis\u00e9s dans la construction des \u00e9oliennes. Ces pi\u00e8ces forg\u00e9es sont g\u00e9n\u00e9ralement fabriqu\u00e9es \u00e0 partir de mat\u00e9riaux \u00e0 haute r\u00e9sistance tels que l&rsquo;acier et sont produites par un processus de forgeage. Le forgeage est une m\u00e9thode de fabrication qui consiste \u00e0 chauffer un mat\u00e9riau m\u00e9tallique puis \u00e0 le fa\u00e7onner en appliquant une force, g\u00e9n\u00e9ralement \u00e0 l&rsquo;aide de matrices ou de marteaux. Ce processus permet d&rsquo;obtenir des composants forg\u00e9s solides, durables et pr\u00e9sentant des propri\u00e9t\u00e9s m\u00e9caniques am\u00e9lior\u00e9es par rapport aux pi\u00e8ces moul\u00e9es ou usin\u00e9es. Nous avons de l&rsquo;exp\u00e9rience dans diff\u00e9rentes applications avec des mat\u00e9riaux tels que le 42CrMo4, le 34CrNiMo6, le 18CrNiMo7-6 et le 30CrNiMo8, entre autres.<\/p>\n<ul>\n<li>Des brides<\/li>\n<li>Des paliers<\/li>\n<li>Des engrenages<\/li>\n<li>Des accouplements<\/li>\n<li>Des arbres principaux<\/li>\n<\/ul>\n<\/div><\/section>\n<\/div><\/div><\/div>\n","protected":false},"excerpt":{"rendered":"","protected":false},"author":1,"featured_media":0,"parent":0,"menu_order":0,"comment_status":"closed","ping_status":"closed","template":"","meta":{"om_disable_all_campaigns":false,"_monsterinsights_skip_tracking":false,"_monsterinsights_sitenote_active":false,"_monsterinsights_sitenote_note":"","_monsterinsights_sitenote_category":0,"footnotes":""},"class_list":["post-1241","page","type-page","status-publish","hentry"],"aioseo_notices":[],"_links":{"self":[{"href":"https:\/\/gmforging.com\/fr\/index.php\/wp-json\/wp\/v2\/pages\/1241","targetHints":{"allow":["GET"]}}],"collection":[{"href":"https:\/\/gmforging.com\/fr\/index.php\/wp-json\/wp\/v2\/pages"}],"about":[{"href":"https:\/\/gmforging.com\/fr\/index.php\/wp-json\/wp\/v2\/types\/page"}],"author":[{"embeddable":true,"href":"https:\/\/gmforging.com\/fr\/index.php\/wp-json\/wp\/v2\/users\/1"}],"replies":[{"embeddable":true,"href":"https:\/\/gmforging.com\/fr\/index.php\/wp-json\/wp\/v2\/comments?post=1241"}],"version-history":[{"count":2,"href":"https:\/\/gmforging.com\/fr\/index.php\/wp-json\/wp\/v2\/pages\/1241\/revisions"}],"predecessor-version":[{"id":1243,"href":"https:\/\/gmforging.com\/fr\/index.php\/wp-json\/wp\/v2\/pages\/1241\/revisions\/1243"}],"wp:attachment":[{"href":"https:\/\/gmforging.com\/fr\/index.php\/wp-json\/wp\/v2\/media?parent=1241"}],"curies":[{"name":"wp","href":"https:\/\/api.w.org\/{rel}","templated":true}]}}