{"id":1217,"date":"2023-09-16T12:47:28","date_gmt":"2023-09-16T11:47:28","guid":{"rendered":"https:\/\/gmforging.com\/index.php\/recuit-de-detente\/"},"modified":"2023-10-17T12:31:40","modified_gmt":"2023-10-17T11:31:40","slug":"recuit-de-detente","status":"publish","type":"page","link":"https:\/\/gmforging.com\/fr\/index.php\/recuit-de-detente\/","title":{"rendered":"Recuit de D\u00e9tente"},"content":{"rendered":"\n<style type=\"text\/css\" data-created_by=\"avia_inline_auto\" id=\"style-css-av-lmm0nkgc-b095e625a75505f36569e56d1c869f36\">\n.avia-section.av-lmm0nkgc-b095e625a75505f36569e56d1c869f36{\nbackground-repeat:no-repeat;\nbackground-image:url(https:\/\/gmforging.com\/wp-content\/uploads\/2023\/09\/stress-relief-annealing.jpg);\nbackground-position:50% 50%;\nbackground-attachment:scroll;\n}\n<\/style>\n<div id='av_section_1'  class='avia-section av-lmm0nkgc-b095e625a75505f36569e56d1c869f36 main_color avia-section-default avia-no-border-styling  avia-builder-el-0  el_before_av_one_full  avia-builder-el-first  avia-full-stretch avia-bg-style-scroll av-minimum-height av-minimum-height-50 av-height-50  container_wrap fullsize'  data-section-bg-repeat='stretch' data-av_minimum_height_pc='50' data-av_min_height_opt='50'><div class='container av-section-cont-open' ><main  role=\"main\" itemprop=\"mainContentOfPage\"  class='template-page content  av-content-full alpha units'><div class='post-entry post-entry-type-page post-entry-1217'><div class='entry-content-wrapper clearfix'><\/div><\/div><\/main><!-- close content main element --><\/div><\/div><div id='after_section_1'  class='main_color av_default_container_wrap container_wrap fullsize'  ><div class='container av-section-cont-open' ><div class='template-page content  av-content-full alpha units'><div class='post-entry post-entry-type-page post-entry-1217'><div class='entry-content-wrapper clearfix'>\n<div  class='flex_column av-arp8l-8fe73b5dd2127c79e033f2d9ec398e1e av_one_full  avia-builder-el-1  el_after_av_section  avia-builder-el-no-sibling  first flex_column_div  '     ><section  class='av_textblock_section av-lmm0mnrf-2d4dc1d99fae8ac285f9aed93fe082f8 '   itemscope=\"itemscope\" itemtype=\"https:\/\/schema.org\/CreativeWork\" ><div class='avia_textblock'  itemprop=\"text\" ><p>Le recuit de d\u00e9tente est un processus de traitement thermique utilis\u00e9 pour r\u00e9duire les tensions internes dans les mat\u00e9riaux, en particulier les m\u00e9taux et les alliages, qui peuvent s&rsquo;\u00eatre accumul\u00e9es lors de divers processus de fabrication tels que la coul\u00e9e, la soudure, l&rsquo;usinage ou le travail \u00e0 froid. L&rsquo;objectif du recuit de d\u00e9tente est d&rsquo;am\u00e9liorer les propri\u00e9t\u00e9s m\u00e9caniques du mat\u00e9riau, sa stabilit\u00e9 dimensionnelle et de r\u00e9duire le risque de distorsion ou de fissuration.<\/p>\n<p>\u00ab\u00a0Nous exploitons un four \u00e9lectrique de type puits de 1,5 m\u00e8tre de diam\u00e8tre et 3 m\u00e8tres de longueur, ainsi qu&rsquo;une autre installation de type puits de m\u00eame dimension. Nos op\u00e9rations comprennent la r\u00e9cup\u00e9ration du gaz naturel, le revenu, le recuit de d\u00e9tente et les processus de normalisation. En plus de ces installations, nous poss\u00e9dons un r\u00e9servoir d&rsquo;huile de type puits de 6 tonnes et un r\u00e9servoir d&rsquo;eau.\u00a0\u00bb<\/p>\n<\/div><\/section><\/div>\n","protected":false},"excerpt":{"rendered":"","protected":false},"author":1,"featured_media":0,"parent":0,"menu_order":0,"comment_status":"closed","ping_status":"closed","template":"","meta":{"om_disable_all_campaigns":false,"_monsterinsights_skip_tracking":false,"_monsterinsights_sitenote_active":false,"_monsterinsights_sitenote_note":"","_monsterinsights_sitenote_category":0,"footnotes":""},"class_list":["post-1217","page","type-page","status-publish","hentry"],"aioseo_notices":[],"_links":{"self":[{"href":"https:\/\/gmforging.com\/fr\/index.php\/wp-json\/wp\/v2\/pages\/1217","targetHints":{"allow":["GET"]}}],"collection":[{"href":"https:\/\/gmforging.com\/fr\/index.php\/wp-json\/wp\/v2\/pages"}],"about":[{"href":"https:\/\/gmforging.com\/fr\/index.php\/wp-json\/wp\/v2\/types\/page"}],"author":[{"embeddable":true,"href":"https:\/\/gmforging.com\/fr\/index.php\/wp-json\/wp\/v2\/users\/1"}],"replies":[{"embeddable":true,"href":"https:\/\/gmforging.com\/fr\/index.php\/wp-json\/wp\/v2\/comments?post=1217"}],"version-history":[{"count":2,"href":"https:\/\/gmforging.com\/fr\/index.php\/wp-json\/wp\/v2\/pages\/1217\/revisions"}],"predecessor-version":[{"id":1219,"href":"https:\/\/gmforging.com\/fr\/index.php\/wp-json\/wp\/v2\/pages\/1217\/revisions\/1219"}],"wp:attachment":[{"href":"https:\/\/gmforging.com\/fr\/index.php\/wp-json\/wp\/v2\/media?parent=1217"}],"curies":[{"name":"wp","href":"https:\/\/api.w.org\/{rel}","templated":true}]}}