{"id":1205,"date":"2023-09-16T12:49:09","date_gmt":"2023-09-16T11:49:09","guid":{"rendered":"https:\/\/gmforging.com\/index.php\/unites-de-nettoyage-de-barres-en-acier\/"},"modified":"2023-10-17T12:23:59","modified_gmt":"2023-10-17T11:23:59","slug":"unites-de-nettoyage-de-barres-en-acier","status":"publish","type":"page","link":"https:\/\/gmforging.com\/fr\/index.php\/unites-de-nettoyage-de-barres-en-acier\/","title":{"rendered":"Unit\u00e9s de nettoyage de barres en acier"},"content":{"rendered":"\n<style type=\"text\/css\" data-created_by=\"avia_inline_auto\" id=\"style-css-av-lmm0x7nv-20a9f970381b6a881dcc9719f923c2b3\">\n.avia-section.av-lmm0x7nv-20a9f970381b6a881dcc9719f923c2b3{\nbackground-repeat:no-repeat;\nbackground-image:url(https:\/\/gmforging.com\/wp-content\/uploads\/2023\/09\/Steel-Ball-Cleaning-Units.jpg);\nbackground-position:50% 50%;\nbackground-attachment:scroll;\n}\n.avia-section.av-lmm0x7nv-20a9f970381b6a881dcc9719f923c2b3 .av-section-color-overlay{\nopacity:0.7;\nbackground-color:#c6c6c6;\n}\n<\/style>\n<div id='av_section_1'  class='avia-section av-lmm0x7nv-20a9f970381b6a881dcc9719f923c2b3 main_color avia-section-default avia-no-border-styling  avia-builder-el-0  el_before_av_one_full  avia-builder-el-first  avia-full-stretch avia-bg-style-scroll av-section-color-overlay-active av-minimum-height av-minimum-height-50 av-height-50  container_wrap fullsize'  data-section-bg-repeat='stretch' data-av_minimum_height_pc='50' data-av_min_height_opt='50'><div class=\"av-section-color-overlay-wrap\"><div class=\"av-section-color-overlay\"><\/div><div class='container av-section-cont-open' ><main  role=\"main\" itemprop=\"mainContentOfPage\"  class='template-page content  av-content-full alpha units'><div class='post-entry post-entry-type-page post-entry-1205'><div class='entry-content-wrapper clearfix'><\/div><\/div><\/main><!-- close content main element --><\/div><\/div><\/div><div id='after_section_1'  class='main_color av_default_container_wrap container_wrap fullsize'  ><div class='container av-section-cont-open' ><div class='template-page content  av-content-full alpha units'><div class='post-entry post-entry-type-page post-entry-1205'><div class='entry-content-wrapper clearfix'>\n<div  class='flex_column av-9479l-03c3829e5a74c51176ecb7bb989e8fb6 av_one_full  avia-builder-el-1  el_after_av_section  avia-builder-el-no-sibling  first flex_column_div  '     ><section  class='av_textblock_section av-lmm0wgiu-c1ceafc60cfe82b01c54ff2669905af5 '   itemscope=\"itemscope\" itemtype=\"https:\/\/schema.org\/CreativeWork\" ><div class='avia_textblock'  itemprop=\"text\" ><p>Les \u00ab\u00a0Unit\u00e9s de Nettoyage \u00e0 Billes d&rsquo;Acier,\u00a0\u00bb \u00e9galement connues sous le nom de \u00ab\u00a0syst\u00e8mes de nettoyage \u00e0 billes d&rsquo;acier\u00a0\u00bb ou de \u00ab\u00a0machines de grenaillage,\u00a0\u00bb sont des \u00e9quipements industriels utilis\u00e9s pour la pr\u00e9paration de surface et le nettoyage de divers types de mat\u00e9riaux, en particulier de composants et de structures m\u00e9talliques. Ces unit\u00e9s utilisent des billes d&rsquo;acier ou des pellets de grenaillage comme milieu abrasif pour \u00e9liminer les contaminants, l&rsquo;\u00e9caille, la rouille, les anciens rev\u00eatements et d&rsquo;autres imperfections de surface des pi\u00e8ces de travail cibl\u00e9es. Les unit\u00e9s de nettoyage \u00e0 billes d&rsquo;acier sont couramment utilis\u00e9es dans des industries telles que la fabrication, la construction, l&rsquo;automobile et l&rsquo;a\u00e9rospatiale, o\u00f9 des surfaces propres et bien pr\u00e9par\u00e9es sont essentielles pour des processus ult\u00e9rieurs tels que la peinture, le rev\u00eatement, la soudure ou l&rsquo;inspection.<\/p>\n<p>Nos installations comprennent une op\u00e9ration de nettoyage d\u00e9di\u00e9e \u00e0 l&rsquo;aide de billes d&rsquo;acier d&rsquo;une dimension de 4000 x 5000 x 8000 mm. Cette installation de nettoyage de pointe est \u00e9quip\u00e9e pour g\u00e9rer des travaux \u00e0 grande \u00e9chelle pr\u00e9par\u00e9s pour la peinture. En utilisant un syst\u00e8me de projection de billes, nous traitons efficacement l&rsquo;oxydation qui peut survenir suite au processus de traitement thermique. De plus, nos op\u00e9rations disposent de trois armoires de nettoyage \u00e0 billes sp\u00e9cialis\u00e9es, chacune mesurant 1350 x 1450 x 1450 mm.<\/p>\n<\/div><\/section><\/div>\n","protected":false},"excerpt":{"rendered":"","protected":false},"author":1,"featured_media":0,"parent":0,"menu_order":0,"comment_status":"closed","ping_status":"closed","template":"","meta":{"om_disable_all_campaigns":false,"_monsterinsights_skip_tracking":false,"_monsterinsights_sitenote_active":false,"_monsterinsights_sitenote_note":"","_monsterinsights_sitenote_category":0,"footnotes":""},"class_list":["post-1205","page","type-page","status-publish","hentry"],"aioseo_notices":[],"_links":{"self":[{"href":"https:\/\/gmforging.com\/fr\/index.php\/wp-json\/wp\/v2\/pages\/1205","targetHints":{"allow":["GET"]}}],"collection":[{"href":"https:\/\/gmforging.com\/fr\/index.php\/wp-json\/wp\/v2\/pages"}],"about":[{"href":"https:\/\/gmforging.com\/fr\/index.php\/wp-json\/wp\/v2\/types\/page"}],"author":[{"embeddable":true,"href":"https:\/\/gmforging.com\/fr\/index.php\/wp-json\/wp\/v2\/users\/1"}],"replies":[{"embeddable":true,"href":"https:\/\/gmforging.com\/fr\/index.php\/wp-json\/wp\/v2\/comments?post=1205"}],"version-history":[{"count":2,"href":"https:\/\/gmforging.com\/fr\/index.php\/wp-json\/wp\/v2\/pages\/1205\/revisions"}],"predecessor-version":[{"id":1207,"href":"https:\/\/gmforging.com\/fr\/index.php\/wp-json\/wp\/v2\/pages\/1205\/revisions\/1207"}],"wp:attachment":[{"href":"https:\/\/gmforging.com\/fr\/index.php\/wp-json\/wp\/v2\/media?parent=1205"}],"curies":[{"name":"wp","href":"https:\/\/api.w.org\/{rel}","templated":true}]}}