{"id":1193,"date":"2023-09-30T14:34:49","date_gmt":"2023-09-30T13:34:49","guid":{"rendered":"https:\/\/gmforging.com\/index.php\/qualites\/acier-de-construction\/"},"modified":"2023-10-17T11:58:53","modified_gmt":"2023-10-17T10:58:53","slug":"acier-de-construction","status":"publish","type":"page","link":"https:\/\/gmforging.com\/fr\/index.php\/qualites\/acier-de-construction\/","title":{"rendered":"Acier de construction"},"content":{"rendered":"\n<style type=\"text\/css\" data-created_by=\"avia_inline_auto\" id=\"style-css-av-ln63qr30-6b8dc0ac7f92787fccc5a106b05654f9\">\n.avia-section.av-ln63qr30-6b8dc0ac7f92787fccc5a106b05654f9{\nbackground-repeat:no-repeat;\nbackground-image:url(https:\/\/gmforging.com\/wp-content\/uploads\/2023\/09\/low-angle-view-building-ceiling-1-scaled.jpg);\nbackground-position:0% 0%;\nbackground-attachment:scroll;\n}\n<\/style>\n<div id='av_section_1'  class='avia-section av-ln63qr30-6b8dc0ac7f92787fccc5a106b05654f9 main_color avia-section-default avia-no-border-styling  avia-builder-el-0  el_before_av_textblock  avia-builder-el-first  avia-full-stretch avia-bg-style-scroll av-minimum-height av-minimum-height-50 av-height-50  container_wrap fullsize'  data-section-bg-repeat='stretch' data-av_minimum_height_pc='50' data-av_min_height_opt='50'><div class='container av-section-cont-open' ><main  role=\"main\" itemprop=\"mainContentOfPage\"  class='template-page content  av-content-full alpha units'><div class='post-entry post-entry-type-page post-entry-1193'><div class='entry-content-wrapper clearfix'><\/div><\/div><\/main><!-- close content main element --><\/div><\/div><div id='after_section_1'  class='main_color av_default_container_wrap container_wrap fullsize'  ><div class='container av-section-cont-open' ><div class='template-page content  av-content-full alpha units'><div class='post-entry post-entry-type-page post-entry-1193'><div class='entry-content-wrapper clearfix'>\n<section  class='av_textblock_section av-ln63rh19-fcda036d8eccd5c82be7d6adfb319852 '   itemscope=\"itemscope\" itemtype=\"https:\/\/schema.org\/CreativeWork\" ><div class='avia_textblock'  itemprop=\"text\" ><p><strong>Acier de Construction<\/strong><\/p>\n<p><strong>Acier S355 J2G3<\/strong><\/p>\n<p>L&rsquo;acier S355 J2G3 est un acier au carbone-mangan\u00e8se \u00e0 haut rendement non alli\u00e9. Il est appel\u00e9 S355 en raison de la valeur minimale moyenne de sa limite d&rsquo;\u00e9lasticit\u00e9, qui est de 355 Mpa. En tant qu&rsquo;acier de construction, il pr\u00e9sente d&rsquo;excellentes propri\u00e9t\u00e9s de r\u00e9sistance et de soudabilit\u00e9. Il peut \u00eatre ais\u00e9ment soud\u00e9 \u00e0 d&rsquo;autres aciers soudables. En raison de sa faible teneur en carbone, il poss\u00e8de de bonnes propri\u00e9t\u00e9s de mise en forme \u00e0 froid.<\/p>\n<p>Le S355J2G3 est une cat\u00e9gorie d&rsquo;acier de construction \u00e0 faible teneur en carbone souvent utilis\u00e9e dans des applications n\u00e9cessitant de meilleures propri\u00e9t\u00e9s m\u00e9caniques que les cat\u00e9gories S275 et S235. Il est largement utilis\u00e9 dans les industries de l&rsquo;ing\u00e9nierie et de la construction.<\/p>\n<p>Les applications incluent les essieux, boulons et bielles, moteurs, arbres hydrauliques et de pompe, pi\u00e8ces de machines, pyl\u00f4nes de transmission, camions-bennes, grues, remorques, bulldozers, excavatrices, machines foresti\u00e8res, wagons de chemin de fer, dauphins, conduites forc\u00e9es, tuyaux, ponts routiers, structures de b\u00e2timents, plates-formes p\u00e9troli\u00e8res et gazi\u00e8res, structures offshore, construction navale, centrales \u00e9lectriques, \u00e9quipements et machines pour l&rsquo;huile de palme, ventilateurs, pompes, \u00e9quipements de levage et \u00e9quipements portuaires, etc.<\/p>\n<p><strong>Acier ST52<\/strong><\/p>\n<p>L&rsquo;acier ST52 est un acier \u00e0 faible teneur en carbone avec une teneur en mangan\u00e8se. Il pr\u00e9sente une bonne r\u00e9sistance aux chocs et une r\u00e9sistance mat\u00e9rielle. Ses propri\u00e9t\u00e9s durables combin\u00e9es \u00e0 une facilit\u00e9 de traitement font de l&rsquo;acier ST52 une option populaire pour diverses industries et applications. En ce qui concerne d&rsquo;autres param\u00e8tres de r\u00e9silience physique tels que la duret\u00e9 de surface et la r\u00e9sistance \u00e0 la traction, l&rsquo;acier ST52 pr\u00e9sente de bonnes performances. De plus, l&rsquo;acier ST52 est assez ductile, ce qui signifie qu&rsquo;il peut \u00eatre fa\u00e7onn\u00e9 de mani\u00e8re plastique en formes souhait\u00e9es sans n\u00e9cessiter de traitement thermique.<\/p>\n<p>Il s&rsquo;agit d&rsquo;une cat\u00e9gorie d&rsquo;acier normalis\u00e9e en Europe, principalement en Allemagne, o\u00f9 on le conna\u00eet sous le nom de \u00ab\u00a0Stahl St52\u00a0\u00bb ou \u00ab\u00a0St52 Stahl\u00a0\u00bb en allemand. En ce qui concerne son \u00e9quivalent am\u00e9ricain, l&rsquo;acier ST52 correspond \u00e0 l&rsquo;acier de qualit\u00e9 ASTM A572, de cat\u00e9gorie 50.<\/p>\n<p>Les principales caract\u00e9ristiques de l&rsquo;acier ST52 incluent sa grande r\u00e9sistance, sa bonne soudabilit\u00e9 et sa facilit\u00e9 d&rsquo;usinage. Il est couramment utilis\u00e9 dans la construction de b\u00e2timents, de ponts et d&rsquo;autres structures n\u00e9cessitant des mat\u00e9riaux \u00e0 haute r\u00e9sistance. L&rsquo;acier ST52 est \u00e9galement employ\u00e9 dans la fabrication de pi\u00e8ces de machines, telles que les cylindres hydrauliques, les essieux et divers composants devant supporter des charges importantes et des contraintes.<\/p>\n<p><strong>Acier S275JR<\/strong><\/p>\n<p>Le S275JR est une cat\u00e9gorie sp\u00e9cifique d&rsquo;acier de construction \u00e0 faible teneur en carbone. \u00ab\u00a0S\u00a0\u00bb signifie acier de construction ; \u00ab\u00a0275\u00a0\u00bb se r\u00e9f\u00e8re \u00e0 la limite d&rsquo;\u00e9lasticit\u00e9 minimale test\u00e9e \u00e0 275 MPa pour une \u00e9paisseur d&rsquo;acier \u2264 16 mm. \u00ab\u00a0JR\u00a0\u00bb signifie que la valeur minimale de l&rsquo;impact Charpy \u00e0 temp\u00e9rature ambiante est de 27 J. \u00ab\u00a0J0\u00a0\u00bb se r\u00e9f\u00e8re \u00e0 la valeur minimale de l&rsquo;impact Charpy \u00e0 0 \u00b0C, qui est de 27 J. \u00ab\u00a0J2\u00a0\u00bb signifie que la valeur minimale de l&rsquo;impact \u00e0 -20 \u00b0C est de 27 J.<\/p>\n<p>Le choix de la cat\u00e9gorie d&rsquo;acier d\u00e9pend des exigences sp\u00e9cifiques du projet et des \u00e9l\u00e9ments structurels utilis\u00e9s. Les ing\u00e9nieurs et les concepteurs s\u00e9lectionnent la cat\u00e9gorie d&rsquo;acier appropri\u00e9e en fonction de facteurs tels que la capacit\u00e9 de charge, les conditions environnementales et la r\u00e9sistance et la durabilit\u00e9 souhait\u00e9es de la structure.<\/p>\n<\/div><\/section>\n","protected":false},"excerpt":{"rendered":"","protected":false},"author":1,"featured_media":0,"parent":1121,"menu_order":0,"comment_status":"closed","ping_status":"closed","template":"","meta":{"om_disable_all_campaigns":false,"_monsterinsights_skip_tracking":false,"_monsterinsights_sitenote_active":false,"_monsterinsights_sitenote_note":"","_monsterinsights_sitenote_category":0,"footnotes":""},"class_list":["post-1193","page","type-page","status-publish","hentry"],"aioseo_notices":[],"_links":{"self":[{"href":"https:\/\/gmforging.com\/fr\/index.php\/wp-json\/wp\/v2\/pages\/1193","targetHints":{"allow":["GET"]}}],"collection":[{"href":"https:\/\/gmforging.com\/fr\/index.php\/wp-json\/wp\/v2\/pages"}],"about":[{"href":"https:\/\/gmforging.com\/fr\/index.php\/wp-json\/wp\/v2\/types\/page"}],"author":[{"embeddable":true,"href":"https:\/\/gmforging.com\/fr\/index.php\/wp-json\/wp\/v2\/users\/1"}],"replies":[{"embeddable":true,"href":"https:\/\/gmforging.com\/fr\/index.php\/wp-json\/wp\/v2\/comments?post=1193"}],"version-history":[{"count":2,"href":"https:\/\/gmforging.com\/fr\/index.php\/wp-json\/wp\/v2\/pages\/1193\/revisions"}],"predecessor-version":[{"id":1195,"href":"https:\/\/gmforging.com\/fr\/index.php\/wp-json\/wp\/v2\/pages\/1193\/revisions\/1195"}],"up":[{"embeddable":true,"href":"https:\/\/gmforging.com\/fr\/index.php\/wp-json\/wp\/v2\/pages\/1121"}],"wp:attachment":[{"href":"https:\/\/gmforging.com\/fr\/index.php\/wp-json\/wp\/v2\/media?parent=1193"}],"curies":[{"name":"wp","href":"https:\/\/api.w.org\/{rel}","templated":true}]}}