{"id":1181,"date":"2023-09-30T14:34:17","date_gmt":"2023-09-30T13:34:17","guid":{"rendered":"https:\/\/gmforging.com\/index.php\/qualites\/acier-a-ressort\/"},"modified":"2023-10-16T21:28:19","modified_gmt":"2023-10-16T20:28:19","slug":"acier-a-ressort","status":"publish","type":"page","link":"https:\/\/gmforging.com\/fr\/index.php\/qualites\/acier-a-ressort\/","title":{"rendered":"Acier \u00e0 Ressort"},"content":{"rendered":"\n<style type=\"text\/css\" data-created_by=\"avia_inline_auto\" id=\"style-css-av-ln63ob3b-8444eb40e55527d561204707dbf51e0b\">\n.avia-section.av-ln63ob3b-8444eb40e55527d561204707dbf51e0b{\nbackground-repeat:no-repeat;\nbackground-image:url(https:\/\/gmforging.com\/wp-content\/uploads\/2023\/09\/low-angle-view-building-ceiling-1-scaled.jpg);\nbackground-position:0% 0%;\nbackground-attachment:scroll;\n}\n<\/style>\n<div id='av_section_1'  class='avia-section av-ln63ob3b-8444eb40e55527d561204707dbf51e0b main_color avia-section-default avia-no-border-styling  avia-builder-el-0  el_before_av_textblock  avia-builder-el-first  avia-full-stretch avia-bg-style-scroll av-minimum-height av-minimum-height-50 av-height-50  container_wrap fullsize'  data-section-bg-repeat='stretch' data-av_minimum_height_pc='50' data-av_min_height_opt='50'><div class='container av-section-cont-open' ><main  role=\"main\" itemprop=\"mainContentOfPage\"  class='template-page content  av-content-full alpha units'><div class='post-entry post-entry-type-page post-entry-1181'><div class='entry-content-wrapper clearfix'><\/div><\/div><\/main><!-- close content main element --><\/div><\/div><div id='after_section_1'  class='main_color av_default_container_wrap container_wrap fullsize'  ><div class='container av-section-cont-open' ><div class='template-page content  av-content-full alpha units'><div class='post-entry post-entry-type-page post-entry-1181'><div class='entry-content-wrapper clearfix'>\n<section  class='av_textblock_section av-ln63pegs-45e9e70465c3a5f85e753d5be3f10673 '   itemscope=\"itemscope\" itemtype=\"https:\/\/schema.org\/CreativeWork\" ><div class='avia_textblock'  itemprop=\"text\" ><p><strong>Acier \u00e0 Ressort en Alliage<\/strong><\/p>\n<p><strong>50CrV4 ACIER<\/strong><\/p>\n<p>Cet acier \u00e0 ressort est parfaitement adapt\u00e9 \u00e0 diverses applications en g\u00e9nie m\u00e9canique, en fabrication automobile et dans la production de pi\u00e8ces d&rsquo;engrenages, ainsi que dans la fabrication d&rsquo;outils \u00e0 main.<\/p>\n<p>La composition de l&rsquo;acier 50CrV4 comprend :<\/p>\n<p>50 % de carbone (C)<br \/>\nChrome (Cr)<br \/>\nVanadium (V)<br \/>\nLe \u00ab\u00a050\u00a0\u00bb dans le nom indique le pourcentage approximatif de carbone dans l&rsquo;acier. L&rsquo;ajout de chrome et de vanadium am\u00e9liore les propri\u00e9t\u00e9s du mat\u00e9riau, le rendant adapt\u00e9 \u00e0 diverses applications, en particulier dans la production de ressorts et de composants soumis \u00e0 de fortes contraintes.<\/p>\n<p>L&rsquo;acier 50CrV4 est connu pour ses excellentes propri\u00e9t\u00e9s de ressort, sa grande r\u00e9sistance et sa bonne r\u00e9sistance \u00e0 l&rsquo;usure. Il est souvent utilis\u00e9 dans la fabrication de ressorts \u00e0 lames, de ressorts h\u00e9lico\u00efdaux et d&rsquo;autres types de ressorts m\u00e9caniques. Sa capacit\u00e9 \u00e0 r\u00e9sister aux charges r\u00e9p\u00e9t\u00e9es et sa durabilit\u00e9 en font un choix privil\u00e9gi\u00e9 dans des applications o\u00f9 ces propri\u00e9t\u00e9s sont essentielles. De plus, on le trouve dans divers composants automobiles et de g\u00e9nie m\u00e9canique n\u00e9cessitant une grande r\u00e9sistance \u00e0 la traction et une grande robustesse.<\/p>\n<p><strong>ACIER SAE 9255<\/strong><\/p>\n<p>L&rsquo;acier AISI 9255 est un acier \u00e0 ressort et \u00e0 outils au silicomangan\u00e8se pr\u00e9sentant une bonne r\u00e9sistance aux chocs et une bonne t\u00e9nacit\u00e9.<\/p>\n<p>L&rsquo;acier AISI 9255 est connu pour ses excellentes propri\u00e9t\u00e9s m\u00e9caniques, notamment sa grande r\u00e9sistance \u00e0 la traction et sa bonne t\u00e9nacit\u00e9. En raison de ces caract\u00e9ristiques, il est couramment utilis\u00e9 dans la fabrication de divers types de ressorts h\u00e9lico\u00efdaux et de ressorts \u00e0 lames, ainsi que dans d&rsquo;autres composants de suspension dans les applications automobiles et industrielles. Les \u00e9l\u00e9ments d&rsquo;alliage, en particulier le chrome, contribuent \u00e0 sa r\u00e9sistance et \u00e0 sa durabilit\u00e9, ce qui le rend adapt\u00e9 aux applications o\u00f9 le mat\u00e9riau doit r\u00e9sister \u00e0 des contraintes \u00e9lev\u00e9es et \u00e0 des charges r\u00e9p\u00e9t\u00e9es.<\/p>\n<\/div><\/section>\n","protected":false},"excerpt":{"rendered":"","protected":false},"author":1,"featured_media":0,"parent":1121,"menu_order":0,"comment_status":"closed","ping_status":"closed","template":"","meta":{"om_disable_all_campaigns":false,"_monsterinsights_skip_tracking":false,"_monsterinsights_sitenote_active":false,"_monsterinsights_sitenote_note":"","_monsterinsights_sitenote_category":0,"footnotes":""},"class_list":["post-1181","page","type-page","status-publish","hentry"],"aioseo_notices":[],"_links":{"self":[{"href":"https:\/\/gmforging.com\/fr\/index.php\/wp-json\/wp\/v2\/pages\/1181","targetHints":{"allow":["GET"]}}],"collection":[{"href":"https:\/\/gmforging.com\/fr\/index.php\/wp-json\/wp\/v2\/pages"}],"about":[{"href":"https:\/\/gmforging.com\/fr\/index.php\/wp-json\/wp\/v2\/types\/page"}],"author":[{"embeddable":true,"href":"https:\/\/gmforging.com\/fr\/index.php\/wp-json\/wp\/v2\/users\/1"}],"replies":[{"embeddable":true,"href":"https:\/\/gmforging.com\/fr\/index.php\/wp-json\/wp\/v2\/comments?post=1181"}],"version-history":[{"count":2,"href":"https:\/\/gmforging.com\/fr\/index.php\/wp-json\/wp\/v2\/pages\/1181\/revisions"}],"predecessor-version":[{"id":1183,"href":"https:\/\/gmforging.com\/fr\/index.php\/wp-json\/wp\/v2\/pages\/1181\/revisions\/1183"}],"up":[{"embeddable":true,"href":"https:\/\/gmforging.com\/fr\/index.php\/wp-json\/wp\/v2\/pages\/1121"}],"wp:attachment":[{"href":"https:\/\/gmforging.com\/fr\/index.php\/wp-json\/wp\/v2\/media?parent=1181"}],"curies":[{"name":"wp","href":"https:\/\/api.w.org\/{rel}","templated":true}]}}