{"id":1169,"date":"2023-09-30T14:36:27","date_gmt":"2023-09-30T13:36:27","guid":{"rendered":"https:\/\/gmforging.com\/index.php\/qualites\/acier-trempe\/"},"modified":"2023-10-16T20:31:53","modified_gmt":"2023-10-16T19:31:53","slug":"acier-trempe","status":"publish","type":"page","link":"https:\/\/gmforging.com\/fr\/index.php\/qualites\/acier-trempe\/","title":{"rendered":"Acier tremp\u00e9"},"content":{"rendered":"\n<style type=\"text\/css\" data-created_by=\"avia_inline_auto\" id=\"style-css-av-ln63kscq-f16f0d3eeb5cc04213a10fe898f646c3\">\n.avia-section.av-ln63kscq-f16f0d3eeb5cc04213a10fe898f646c3{\nbackground-repeat:no-repeat;\nbackground-image:url(https:\/\/gmforging.com\/wp-content\/uploads\/2023\/09\/low-angle-view-building-ceiling-1-scaled.jpg);\nbackground-position:0% 0%;\nbackground-attachment:scroll;\n}\n<\/style>\n<div id='av_section_1'  class='avia-section av-ln63kscq-f16f0d3eeb5cc04213a10fe898f646c3 main_color avia-section-default avia-no-border-styling  avia-builder-el-0  el_before_av_textblock  avia-builder-el-first  avia-full-stretch avia-bg-style-scroll av-minimum-height av-minimum-height-50 av-height-50  container_wrap fullsize'  data-section-bg-repeat='stretch' data-av_minimum_height_pc='50' data-av_min_height_opt='50'><div class='container av-section-cont-open' ><main  role=\"main\" itemprop=\"mainContentOfPage\"  class='template-page content  av-content-full alpha units'><div class='post-entry post-entry-type-page post-entry-1169'><div class='entry-content-wrapper clearfix'><\/div><\/div><\/main><!-- close content main element --><\/div><\/div><div id='after_section_1'  class='main_color av_default_container_wrap container_wrap fullsize'  ><div class='container av-section-cont-open' ><div class='template-page content  av-content-full alpha units'><div class='post-entry post-entry-type-page post-entry-1169'><div class='entry-content-wrapper clearfix'>\n<section  class='av_textblock_section av-ln63myj5-47c77139e6dbf88c0a35674f62811b20 '   itemscope=\"itemscope\" itemtype=\"https:\/\/schema.org\/CreativeWork\" ><div class='avia_textblock'  itemprop=\"text\" ><h3>Acier tremp\u00e9<\/h3>\n<p><strong>Acier 42CrMo4<\/strong><br \/>\nGmforging produit de l&rsquo;acier forg\u00e9 42CrMo4 disponible pour la d\u00e9coupe et la livraison.<\/p>\n<p>Le 42CrMo4 est un acier de haute qualit\u00e9 \u00e0 faible alliage connu pour sa r\u00e9sistance, sa t\u00e9nacit\u00e9 et sa trempabilit\u00e9 excellentes. Cet acier est souvent utilis\u00e9 dans des applications n\u00e9cessitant une r\u00e9sistance \u00e0 la traction et \u00e0 la limite d&rsquo;\u00e9lasticit\u00e9 \u00e9lev\u00e9e, une bonne r\u00e9sistance \u00e0 l&rsquo;usure et la capacit\u00e9 \u00e0 maintenir ses propri\u00e9t\u00e9s m\u00e9caniques \u00e0 des temp\u00e9ratures \u00e9lev\u00e9es. La composition num\u00e9rique \u00ab\u00a042CrMo4\u00a0\u00bb indique ses \u00e9l\u00e9ments d&rsquo;alliage et sa composition approximative :<\/p>\n<p>42 repr\u00e9sente la teneur en carbone approximative (0,42 %).<\/p>\n<p>Cr repr\u00e9sente le chrome en tant qu&rsquo;\u00e9l\u00e9ment d&rsquo;alliage principal.<\/p>\n<p>Mo repr\u00e9sente le molybd\u00e8ne en tant qu&rsquo;\u00e9l\u00e9ment d&rsquo;alliage.<\/p>\n<p>L&rsquo;acier alli\u00e9 1.7225 4140 (42CrMo4) est largement utilis\u00e9 \u00e0 des fins d&rsquo;ing\u00e9nierie, telles que diverses machines, pi\u00e8ces de rechange pour automobiles, engrenages de moteurs, engrenages de surpresseurs, bielles, pi\u00e8ces pour des applications de transmission de puissance, attaches form\u00e9es \u00e0 froid. Il est fr\u00e9quemment utilis\u00e9 dans des domaines tels que les arbres, les engrenages et les travaux d&rsquo;exploration p\u00e9troli\u00e8re.<\/p>\n<p><strong>Acier 34CrNiMo6<\/strong><\/p>\n<p>Gmforging produit de l&rsquo;acier forg\u00e9 34CrNiMo6 disponible pour la d\u00e9coupe et la livraison.<\/p>\n<p>Le 34CrNiMo6 est un acier \u00e0 faible teneur en alliage connu pour sa grande r\u00e9sistance, sa t\u00e9nacit\u00e9 et sa bonne trempabilit\u00e9. Cet acier est souvent utilis\u00e9 dans des applications n\u00e9cessitant d&rsquo;excellentes propri\u00e9t\u00e9s m\u00e9caniques et une r\u00e9sistance \u00e0 l&rsquo;usure et aux chocs. La composition num\u00e9rique \u00ab\u00a034CrNiMo6\u00a0\u00bb indique ses \u00e9l\u00e9ments d&rsquo;alliage et sa composition approximative :<\/p>\n<p>34 repr\u00e9sente la teneur en carbone approximative (0,34 %).<\/p>\n<p>Cr repr\u00e9sente le chrome en tant qu&rsquo;\u00e9l\u00e9ment d&rsquo;alliage principal.<\/p>\n<p>Ni repr\u00e9sente le nickel en tant qu&rsquo;\u00e9l\u00e9ment d&rsquo;alliage.<\/p>\n<p>Mo repr\u00e9sente le molybd\u00e8ne en tant qu&rsquo;\u00e9l\u00e9ment d&rsquo;alliage.<\/p>\n<p>L&rsquo;acier tremp\u00e9 1.6582 (AISI 4340) (34CrNiMo) est particuli\u00e8rement appr\u00e9ci\u00e9 dans les pi\u00e8ces de m\u00e9canique, les vilebrequins surcharg\u00e9s, les arbres \u00e0 cames et les engrenages.<\/p>\n<p><strong>Acier 30CrNiMo8<\/strong><\/p>\n<p>Gmforging produit de l&rsquo;acier forg\u00e9 30CrNiMo8 disponible pour la d\u00e9coupe et la livraison.<\/p>\n<p>Le 30CrNiMo8 est un acier \u00e0 faible teneur en alliage connu pour sa grande r\u00e9sistance, sa t\u00e9nacit\u00e9 et sa bonne trempabilit\u00e9. Cet acier est couramment utilis\u00e9 dans des applications n\u00e9cessitant d&rsquo;excellentes propri\u00e9t\u00e9s m\u00e9caniques, une r\u00e9sistance \u00e0 l&rsquo;usure et aux chocs, ainsi que la capacit\u00e9 \u00e0 \u00eatre trait\u00e9 thermiquement pour atteindre des niveaux de duret\u00e9 sp\u00e9cifiques. La composition num\u00e9rique \u00ab\u00a030CrNiMo8\u00a0\u00bb indique ses \u00e9l\u00e9ments d&rsquo;alliage et sa composition approximative :<\/p>\n<p>30 repr\u00e9sente la teneur en carbone approximative (0,30 %).<\/p>\n<p>Cr repr\u00e9sente le chrome en tant qu&rsquo;\u00e9l\u00e9ment d&rsquo;alliage principal.<\/p>\n<p>Ni repr\u00e9sente le nickel en tant qu&rsquo;\u00e9l\u00e9ment d&rsquo;alliage.<\/p>\n<p>Mo repr\u00e9sente le molybd\u00e8ne en tant qu&rsquo;\u00e9l\u00e9ment d&rsquo;alliage.<\/p>\n<p>L&rsquo;acier 1,6580 30CrNiMo8 est utilis\u00e9 pour les composants automobiles et g\u00e9n\u00e9raux qui demandent une grande r\u00e9sistance et t\u00e9nacit\u00e9, ainsi qu&rsquo;une bonne trempabilit\u00e9. Il convient particuli\u00e8rement aux pi\u00e8ces lourdes dans les industries de l&rsquo;aviation, de l&rsquo;automobile et militaire.<\/p>\n<\/div><\/section>\n","protected":false},"excerpt":{"rendered":"","protected":false},"author":1,"featured_media":0,"parent":1121,"menu_order":0,"comment_status":"closed","ping_status":"closed","template":"","meta":{"om_disable_all_campaigns":false,"_monsterinsights_skip_tracking":false,"_monsterinsights_sitenote_active":false,"_monsterinsights_sitenote_note":"","_monsterinsights_sitenote_category":0,"footnotes":""},"class_list":["post-1169","page","type-page","status-publish","hentry"],"aioseo_notices":[],"_links":{"self":[{"href":"https:\/\/gmforging.com\/fr\/index.php\/wp-json\/wp\/v2\/pages\/1169","targetHints":{"allow":["GET"]}}],"collection":[{"href":"https:\/\/gmforging.com\/fr\/index.php\/wp-json\/wp\/v2\/pages"}],"about":[{"href":"https:\/\/gmforging.com\/fr\/index.php\/wp-json\/wp\/v2\/types\/page"}],"author":[{"embeddable":true,"href":"https:\/\/gmforging.com\/fr\/index.php\/wp-json\/wp\/v2\/users\/1"}],"replies":[{"embeddable":true,"href":"https:\/\/gmforging.com\/fr\/index.php\/wp-json\/wp\/v2\/comments?post=1169"}],"version-history":[{"count":2,"href":"https:\/\/gmforging.com\/fr\/index.php\/wp-json\/wp\/v2\/pages\/1169\/revisions"}],"predecessor-version":[{"id":1171,"href":"https:\/\/gmforging.com\/fr\/index.php\/wp-json\/wp\/v2\/pages\/1169\/revisions\/1171"}],"up":[{"embeddable":true,"href":"https:\/\/gmforging.com\/fr\/index.php\/wp-json\/wp\/v2\/pages\/1121"}],"wp:attachment":[{"href":"https:\/\/gmforging.com\/fr\/index.php\/wp-json\/wp\/v2\/media?parent=1169"}],"curies":[{"name":"wp","href":"https:\/\/api.w.org\/{rel}","templated":true}]}}