{"id":1157,"date":"2023-09-30T14:33:24","date_gmt":"2023-09-30T13:33:24","guid":{"rendered":"https:\/\/gmforging.com\/index.php\/qualites\/acier-de-cementation\/"},"modified":"2023-10-16T20:24:18","modified_gmt":"2023-10-16T19:24:18","slug":"acier-de-cementation","status":"publish","type":"page","link":"https:\/\/gmforging.com\/fr\/index.php\/qualites\/acier-de-cementation\/","title":{"rendered":"Acier de c\u00e9mentation"},"content":{"rendered":"\n<style type=\"text\/css\" data-created_by=\"avia_inline_auto\" id=\"style-css-av-ln63i6ck-f7a69ae187195ac2382b27a0a89642e6\">\n.avia-section.av-ln63i6ck-f7a69ae187195ac2382b27a0a89642e6{\nbackground-repeat:no-repeat;\nbackground-image:url(https:\/\/gmforging.com\/wp-content\/uploads\/2023\/09\/low-angle-view-building-ceiling-1-scaled.jpg);\nbackground-position:0% 0%;\nbackground-attachment:scroll;\n}\n<\/style>\n<div id='av_section_1'  class='avia-section av-ln63i6ck-f7a69ae187195ac2382b27a0a89642e6 main_color avia-section-default avia-no-border-styling  avia-builder-el-0  el_before_av_textblock  avia-builder-el-first  avia-full-stretch avia-bg-style-scroll av-minimum-height av-minimum-height-50 av-height-50  container_wrap fullsize'  data-section-bg-repeat='stretch' data-av_minimum_height_pc='50' data-av_min_height_opt='50'><div class='container av-section-cont-open' ><main  role=\"main\" itemprop=\"mainContentOfPage\"  class='template-page content  av-content-full alpha units'><div class='post-entry post-entry-type-page post-entry-1157'><div class='entry-content-wrapper clearfix'><\/div><\/div><\/main><!-- close content main element --><\/div><\/div><div id='after_section_1'  class='main_color av_default_container_wrap container_wrap fullsize'  ><div class='container av-section-cont-open' ><div class='template-page content  av-content-full alpha units'><div class='post-entry post-entry-type-page post-entry-1157'><div class='entry-content-wrapper clearfix'>\n<section  class='av_textblock_section av-ln63jq42-43969728a1c3e831a2a5359fd4d3033f '   itemscope=\"itemscope\" itemtype=\"https:\/\/schema.org\/CreativeWork\" ><div class='avia_textblock'  itemprop=\"text\" ><p><strong>\u00ab\u00a0ACIERS ALLI\u00c9S POUR LA C\u00c9MENTATION\u00a0\u00bb<\/strong><\/p>\n<p><strong>\u00ab\u00a0Acier 16 MnCr5 (1.7131)\u00a0\u00bb<\/strong><\/p>\n<p>L&rsquo;acier 16 MnCr5 (1.7131) est un acier faiblement alli\u00e9 reconnu pour sa bonne trempabilit\u00e9, sa r\u00e9sistance et sa r\u00e9sistance \u00e0 l&rsquo;usure. Il est couramment utilis\u00e9 dans des applications n\u00e9cessitant des composants avec une combinaison de ces propri\u00e9t\u00e9s. La composition num\u00e9rique \u00ab\u00a016MnCr5\u00a0\u00bb indique ses \u00e9l\u00e9ments d&rsquo;alliage et sa composition approximative :<\/p>\n<p>16 repr\u00e9sente la teneur en carbone approximative (0,16 %).<br \/>\nMn repr\u00e9sente le mangan\u00e8se en tant qu&rsquo;\u00e9l\u00e9ment d&rsquo;alliage majeur.<br \/>\nCr repr\u00e9sente le chrome en tant qu&rsquo;\u00e9l\u00e9ment d&rsquo;alliage.<br \/>\n5 signifie la teneur en carbone approximative (0,5 %) de chrome.<br \/>\nL&rsquo;acier 16MnCr5 est couramment utilis\u00e9 dans des industries telles que l&rsquo;automobile, le g\u00e9nie m\u00e9canique et la fabrication d&rsquo;engrenages. Il est souvent choisi pour des applications telles que les roues dent\u00e9es, les arbres, les essieux et d&rsquo;autres composants n\u00e9cessitant une combinaison de r\u00e9sistance, de trempabilit\u00e9 et de r\u00e9sistance \u00e0 l&rsquo;usure.<\/p>\n<p>Le 16MnCr5 est un acier polyvalent qui peut \u00eatre adapt\u00e9 pour r\u00e9pondre aux exigences sp\u00e9cifiques de chaque application gr\u00e2ce \u00e0 des traitements thermiques. Ses propri\u00e9t\u00e9s \u00e9quilibr\u00e9es en font un mat\u00e9riau pr\u00e9cieux pour diverses applications dans diff\u00e9rentes industries, en particulier lorsque les composants doivent r\u00e9sister \u00e0 des contraintes \u00e9lev\u00e9es et \u00e0 l&rsquo;usure.<\/p>\n<p><strong>\u00ab\u00a0Acier 20MnCr5\u00a0\u00bb<\/strong><\/p>\n<p>Le 20MnCr5 (1.7147) est un acier de c\u00e9mentation \u00e0 faible teneur en carbone, mais dot\u00e9 d&rsquo;une bonne trempabilit\u00e9, offrant une bonne r\u00e9sistance \u00e0 l&rsquo;usure gr\u00e2ce \u00e0 sa duret\u00e9 de surface \u00e9lev\u00e9e apr\u00e8s la trempe. La petite taille des grains favorise la ductilit\u00e9 et la r\u00e9sistance \u00e0 la fatigue. Il convient aux bo\u00eetes de vitesses et aux engrenages d&rsquo;essieu.<\/p>\n<p>La composition num\u00e9rique \u00ab\u00a020MnCr5\u00a0\u00bb indique ses \u00e9l\u00e9ments d&rsquo;alliage et sa composition approximative :<\/p>\n<p>20 repr\u00e9sente la teneur en carbone approximative (0,20 %).<br \/>\nMn repr\u00e9sente le mangan\u00e8se en tant qu&rsquo;\u00e9l\u00e9ment d&rsquo;alliage majeur.<br \/>\nCr repr\u00e9sente le chrome en tant qu&rsquo;\u00e9l\u00e9ment d&rsquo;alliage.<br \/>\n5 signifie la teneur en carbone approximative (0,5 %) de chrome.<br \/>\n<strong>\u00ab\u00a0AISI 8620\u00a0\u00bb<\/strong><\/p>\n<p>L&rsquo;AISI 8620 (20NiCrMo2, 1.6523) est un mat\u00e9riau adapt\u00e9 \u00e0 la c\u00e9mentation et \u00e0 la nitruration gr\u00e2ce \u00e0 sa faible teneur en carbone. L&rsquo;acier 8620 est un acier de c\u00e9mentation ductile o\u00f9 la t\u00e9nacit\u00e9 est requise dans le noyau, il est dur et r\u00e9sistant \u00e0 l&rsquo;abrasion en surface et privil\u00e9gi\u00e9 dans les zones d&rsquo;impact.<\/p>\n<p>L&rsquo;AISI 8620 (20NiCrMo2, 1.6523) est utilis\u00e9 dans les roues dent\u00e9es, les axes, les douilles d&rsquo;interrupteur, les maillons de cha\u00eene et des pi\u00e8ces similaires.<\/p>\n<p><strong>\u00ab\u00a018CrNiMo7-6\u00a0\u00bb<\/strong><\/p>\n<p>L&rsquo;AISI 4820 (18CrNiMo7-6,1,6587) est un acier de c\u00e9mentation alli\u00e9 au nickel, au chrome et au molybd\u00e8ne. La profondeur de duret\u00e9 en surface est bien plus \u00e9lev\u00e9e par rapport au 8620. Comme la teneur en acier, chrome et nickel est bien plus \u00e9lev\u00e9e que celle du 8620, ses propri\u00e9t\u00e9s m\u00e9caniques g\u00e9n\u00e9rales sont \u00e9galement meilleures.<\/p>\n<p>L&rsquo;AISI 4820 (18CrNiMo7-6,1,6587) est utilis\u00e9 dans les bagues d&rsquo;usure, les broches, les roulements et d&rsquo;autres applications similaires.\u00a0\u00bb<\/p>\n<\/div><\/section>\n","protected":false},"excerpt":{"rendered":"","protected":false},"author":1,"featured_media":0,"parent":1121,"menu_order":0,"comment_status":"closed","ping_status":"closed","template":"","meta":{"om_disable_all_campaigns":false,"_monsterinsights_skip_tracking":false,"_monsterinsights_sitenote_active":false,"_monsterinsights_sitenote_note":"","_monsterinsights_sitenote_category":0,"footnotes":""},"class_list":["post-1157","page","type-page","status-publish","hentry"],"aioseo_notices":[],"_links":{"self":[{"href":"https:\/\/gmforging.com\/fr\/index.php\/wp-json\/wp\/v2\/pages\/1157","targetHints":{"allow":["GET"]}}],"collection":[{"href":"https:\/\/gmforging.com\/fr\/index.php\/wp-json\/wp\/v2\/pages"}],"about":[{"href":"https:\/\/gmforging.com\/fr\/index.php\/wp-json\/wp\/v2\/types\/page"}],"author":[{"embeddable":true,"href":"https:\/\/gmforging.com\/fr\/index.php\/wp-json\/wp\/v2\/users\/1"}],"replies":[{"embeddable":true,"href":"https:\/\/gmforging.com\/fr\/index.php\/wp-json\/wp\/v2\/comments?post=1157"}],"version-history":[{"count":2,"href":"https:\/\/gmforging.com\/fr\/index.php\/wp-json\/wp\/v2\/pages\/1157\/revisions"}],"predecessor-version":[{"id":1159,"href":"https:\/\/gmforging.com\/fr\/index.php\/wp-json\/wp\/v2\/pages\/1157\/revisions\/1159"}],"up":[{"embeddable":true,"href":"https:\/\/gmforging.com\/fr\/index.php\/wp-json\/wp\/v2\/pages\/1121"}],"wp:attachment":[{"href":"https:\/\/gmforging.com\/fr\/index.php\/wp-json\/wp\/v2\/media?parent=1157"}],"curies":[{"name":"wp","href":"https:\/\/api.w.org\/{rel}","templated":true}]}}