{"id":1145,"date":"2023-09-30T14:33:51","date_gmt":"2023-09-30T13:33:51","guid":{"rendered":"https:\/\/gmforging.com\/index.php\/qualites\/acier-au-carbone\/"},"modified":"2023-10-16T20:08:56","modified_gmt":"2023-10-16T19:08:56","slug":"acier-au-carbone","status":"publish","type":"page","link":"https:\/\/gmforging.com\/fr\/index.php\/qualites\/acier-au-carbone\/","title":{"rendered":"Acier au carbone"},"content":{"rendered":"\n<style type=\"text\/css\" data-created_by=\"avia_inline_auto\" id=\"style-css-av-ln63ee4i-a45c5428ce70ef7007e1140f8914af85\">\n.avia-section.av-ln63ee4i-a45c5428ce70ef7007e1140f8914af85{\nbackground-repeat:no-repeat;\nbackground-image:url(https:\/\/gmforging.com\/wp-content\/uploads\/2023\/09\/low-angle-view-building-ceiling-1-scaled.jpg);\nbackground-position:0% 0%;\nbackground-attachment:scroll;\n}\n<\/style>\n<div id='av_section_1'  class='avia-section av-ln63ee4i-a45c5428ce70ef7007e1140f8914af85 main_color avia-section-default avia-no-border-styling  avia-builder-el-0  el_before_av_textblock  avia-builder-el-first  avia-full-stretch avia-bg-style-scroll av-minimum-height av-minimum-height-50 av-height-50  container_wrap fullsize'  data-section-bg-repeat='stretch' data-av_minimum_height_pc='50' data-av_min_height_opt='50'><div class='container av-section-cont-open' ><main  role=\"main\" itemprop=\"mainContentOfPage\"  class='template-page content  av-content-full alpha units'><div class='post-entry post-entry-type-page post-entry-1145'><div class='entry-content-wrapper clearfix'><\/div><\/div><\/main><!-- close content main element --><\/div><\/div><div id='after_section_1'  class='main_color av_default_container_wrap container_wrap fullsize'  ><div class='container av-section-cont-open' ><div class='template-page content  av-content-full alpha units'><div class='post-entry post-entry-type-page post-entry-1145'><div class='entry-content-wrapper clearfix'>\n<section  class='av_textblock_section av-ln63gkrg-fb14a09201c99b762d874f3af2713a89 '   itemscope=\"itemscope\" itemtype=\"https:\/\/schema.org\/CreativeWork\" ><div class='avia_textblock'  itemprop=\"text\" ><p><strong>Acier au carbone<\/strong><\/p>\n<p><strong>SAE 1020<\/strong> : L&rsquo;acier SAE 1020 se caract\u00e9rise par sa faible trempabilit\u00e9 et sa r\u00e9sistance \u00e0 la traction, avec une composition nominale de 0,22 % de carbone (C) et 0,55 % de mangan\u00e8se (Mn). Il se distingue par sa grande soudabilit\u00e9, son usinabilit\u00e9 favorable et sa ductilit\u00e9 notable. Il est fr\u00e9quemment utilis\u00e9 dans la fabrication d&rsquo;essieux, d&rsquo;arbres et de divers composants m\u00e9caniques en raison de ses attributs favorables en termes de soudabilit\u00e9 et d&rsquo;usinabilit\u00e9.<\/p>\n<p><strong>SAE 1030<\/strong> : L&rsquo;acier SAE 1030 est un acier \u00e0 haute teneur en carbone contenant environ 0,30 % de carbone, qui peut \u00eatre durci par traitement thermique jusqu&rsquo;\u00e0 une duret\u00e9 maximale d&rsquo;environ Rockwell C 50. L&rsquo;acier au carbone \u00e0 haute teneur, adouci, est destin\u00e9 aux applications n\u00e9cessitant une d\u00e9formation mod\u00e9r\u00e9e, tandis que le produit adouci sph\u00e9ro\u00efdis\u00e9 est destin\u00e9 aux applications n\u00e9cessitant une d\u00e9formation \u00e0 froid maximale. Le produit adouci sph\u00e9ro\u00efdis\u00e9 est trait\u00e9 pour obtenir la plus faible duret\u00e9 pour une d\u00e9formabilit\u00e9 maximale. Ce grade d&rsquo;acier est utilis\u00e9 pour les pi\u00e8ces de machines, les supports, les freins, les agrafes, les embrayages, les ressorts, les rondelles et pour une large gamme d&rsquo;applications qui peuvent exploiter sa bonne combinaison de propri\u00e9t\u00e9s m\u00e9caniques.<\/p>\n<p><strong>SAE 1045<\/strong> : L&rsquo;acier AISI 1045, class\u00e9 comme acier au carbone moyen, pr\u00e9sente des caract\u00e9ristiques avantageuses telles qu&rsquo;une excellente soudabilit\u00e9, une usinabilit\u00e9 favorable et des propri\u00e9t\u00e9s de r\u00e9sistance et d&rsquo;impact remarquables, que ce soit \u00e0 l&rsquo;\u00e9tat normalis\u00e9 ou forg\u00e9 \u00e0 chaud. Il est important de noter que l&rsquo;acier au carbone AISI 1045 manque des \u00e9l\u00e9ments d&rsquo;alliage n\u00e9cessaires, le rendant insensible au processus de nitruration.<\/p>\n<p><strong>SAE 1050<\/strong> : Le grade d&rsquo;acier 1050 est class\u00e9 comme un acier \u00e0 teneur moyenne en carbone, poss\u00e9dant des niveaux mod\u00e9r\u00e9s de r\u00e9sistance \u00e0 la traction et de r\u00e9sistance. Il est largement utilis\u00e9 dans la production de composants forg\u00e9s, notamment les arbres, les engrenages, les essieux, les bandages, les socs, les vis, les faucilles, les couteaux, les haches, les marteaux, ainsi que dans la fabrication de ressorts non sollicit\u00e9s et de ressorts h\u00e9lico\u00efdaux.<\/p>\n<p><strong>SAE 1060 <\/strong>: Le grade d&rsquo;acier SAE 1060 est un acier structurel au carbone de haute qualit\u00e9, avec d&rsquo;excellentes propri\u00e9t\u00e9s d&rsquo;usinabilit\u00e9 et de traitement thermique, ainsi qu&rsquo;une excellente r\u00e9sistance \u00e0 la corrosion. Ses caract\u00e9ristiques chimiques en font un choix id\u00e9al pour les applications n\u00e9cessitant une r\u00e9sistance sup\u00e9rieure \u00e0 la corrosion et \u00e0 l&rsquo;usure.<\/p>\n<p><strong>SAE 1090<\/strong> : L&rsquo;AISI 1090 est un acier \u00e0 haute teneur en carbone r\u00e9put\u00e9 pour ses remarquables attributs de r\u00e9sistance \u00e0 l&rsquo;usure et de t\u00e9nacit\u00e9. Cet alliage trouve son utilit\u00e9 optimale dans des sc\u00e9narios n\u00e9cessitant des proc\u00e9dures de traitement thermique pr\u00e9cises. En outre, l&rsquo;AISI 1090 se distingue comme un acier alli\u00e9 marqu\u00e9 par une r\u00e9sistance prononc\u00e9e \u00e0 la corrosion, attribu\u00e9e \u00e0 sa composition chimique distinctive. Cette composition particuli\u00e8re est particuli\u00e8rement appr\u00e9ci\u00e9e pour sa capacit\u00e9 \u00e0 r\u00e9sister \u00e0 la rouille, la rendant particuli\u00e8rement adapt\u00e9e aux applications dans le secteur de la construction et d&rsquo;autres environnements ext\u00e9rieurs expos\u00e9s \u00e0 l&rsquo;humidit\u00e9. De plus, en raison de son exceptionnel rapport r\u00e9sistance-poids, l&rsquo;AISI 1090 est largement adopt\u00e9 dans le domaine de l&rsquo;ing\u00e9nierie automobile, contribuant de mani\u00e8re significative \u00e0 la fabrication de composants essentiels tels que les pignons, les roues, les vilebrequins et les pi\u00e8ces automobiles. Ses propri\u00e9t\u00e9s r\u00e9sistantes \u00e0 la rouille trouvent \u00e9galement leur utilit\u00e9 dans des secteurs tels que la construction de plateformes de forage p\u00e9trolier et la production de compos<\/p>\n<\/div><\/section>\n","protected":false},"excerpt":{"rendered":"","protected":false},"author":1,"featured_media":0,"parent":1121,"menu_order":0,"comment_status":"closed","ping_status":"closed","template":"","meta":{"om_disable_all_campaigns":false,"_monsterinsights_skip_tracking":false,"_monsterinsights_sitenote_active":false,"_monsterinsights_sitenote_note":"","_monsterinsights_sitenote_category":0,"footnotes":""},"class_list":["post-1145","page","type-page","status-publish","hentry"],"aioseo_notices":[],"_links":{"self":[{"href":"https:\/\/gmforging.com\/fr\/index.php\/wp-json\/wp\/v2\/pages\/1145","targetHints":{"allow":["GET"]}}],"collection":[{"href":"https:\/\/gmforging.com\/fr\/index.php\/wp-json\/wp\/v2\/pages"}],"about":[{"href":"https:\/\/gmforging.com\/fr\/index.php\/wp-json\/wp\/v2\/types\/page"}],"author":[{"embeddable":true,"href":"https:\/\/gmforging.com\/fr\/index.php\/wp-json\/wp\/v2\/users\/1"}],"replies":[{"embeddable":true,"href":"https:\/\/gmforging.com\/fr\/index.php\/wp-json\/wp\/v2\/comments?post=1145"}],"version-history":[{"count":2,"href":"https:\/\/gmforging.com\/fr\/index.php\/wp-json\/wp\/v2\/pages\/1145\/revisions"}],"predecessor-version":[{"id":1147,"href":"https:\/\/gmforging.com\/fr\/index.php\/wp-json\/wp\/v2\/pages\/1145\/revisions\/1147"}],"up":[{"embeddable":true,"href":"https:\/\/gmforging.com\/fr\/index.php\/wp-json\/wp\/v2\/pages\/1121"}],"wp:attachment":[{"href":"https:\/\/gmforging.com\/fr\/index.php\/wp-json\/wp\/v2\/media?parent=1145"}],"curies":[{"name":"wp","href":"https:\/\/api.w.org\/{rel}","templated":true}]}}