{"id":1133,"date":"2023-09-30T14:35:17","date_gmt":"2023-09-30T13:35:17","guid":{"rendered":"https:\/\/gmforging.com\/index.php\/qualites\/acier-de-roulement\/"},"modified":"2023-10-16T18:05:18","modified_gmt":"2023-10-16T17:05:18","slug":"acier-de-roulement","status":"publish","type":"page","link":"https:\/\/gmforging.com\/fr\/index.php\/qualites\/acier-de-roulement\/","title":{"rendered":"Acier de roulement"},"content":{"rendered":"\n<style type=\"text\/css\" data-created_by=\"avia_inline_auto\" id=\"style-css-av-ln636j43-faf2f0033245698a98a293ab9733514d\">\n.avia-section.av-ln636j43-faf2f0033245698a98a293ab9733514d{\nbackground-repeat:no-repeat;\nbackground-image:url(https:\/\/gmforging.com\/wp-content\/uploads\/2023\/09\/low-angle-view-building-ceiling-1-scaled.jpg);\nbackground-position:0% 0%;\nbackground-attachment:scroll;\n}\n<\/style>\n<div id='av_section_1'  class='avia-section av-ln636j43-faf2f0033245698a98a293ab9733514d main_color avia-section-default avia-no-border-styling  avia-builder-el-0  el_before_av_textblock  avia-builder-el-first  avia-full-stretch avia-bg-style-scroll av-minimum-height av-minimum-height-50 av-height-50  container_wrap fullsize'  data-section-bg-repeat='stretch' data-av_minimum_height_pc='50' data-av_min_height_opt='50'><div class='container av-section-cont-open' ><main  role=\"main\" itemprop=\"mainContentOfPage\"  class='template-page content  av-content-full alpha units'><div class='post-entry post-entry-type-page post-entry-1133'><div class='entry-content-wrapper clearfix'><\/div><\/div><\/main><!-- close content main element --><\/div><\/div><div id='after_section_1'  class='main_color av_default_container_wrap container_wrap fullsize'  ><div class='container av-section-cont-open' ><div class='template-page content  av-content-full alpha units'><div class='post-entry post-entry-type-page post-entry-1133'><div class='entry-content-wrapper clearfix'>\n<section  class='av_textblock_section av-ln63ctsh-8a3e4de24fb2ea72d06399c0930bbe61 '   itemscope=\"itemscope\" itemtype=\"https:\/\/schema.org\/CreativeWork\" ><div class='avia_textblock'  itemprop=\"text\" ><p><strong>Acier pour roulements<\/strong><\/p>\n<p><strong>Acier 100 Cr6<\/strong><\/p>\n<p>Le 100Cr6 est un acier pour roulements \u00e0 durcissement int\u00e9gral con\u00e7u pour les applications de contact roulant et autres applications \u00e0 haute fatigue. \u00c0 l&rsquo;\u00e9tat durci, la haute duret\u00e9, la haute r\u00e9sistance et la grande puret\u00e9 conf\u00e8rent \u00e0 l&rsquo;acier les propri\u00e9t\u00e9s n\u00e9cessaires pour r\u00e9sister \u00e0 la fatigue \u00e0 haute fr\u00e9quence et \u00e0 haute contrainte. Le 100Cr6 est principalement utilis\u00e9 pour les composants de roulements de petite et moyenne taille.<\/p>\n<p>L&rsquo;acier DIN 100Cr6 est largement utilis\u00e9 pour diverses applications dans les roulements des machines rotatives. Les applications typiques incluent les corps de soupapes, les pompes et les raccords, les charges \u00e9lev\u00e9es de roues, boulons, boulons \u00e0 double t\u00eate, engrenages, moteurs \u00e0 combustion interne, locomotives \u00e9lectriques, machines-outils, tracteurs, \u00e9quipements de laminage de l&rsquo;acier, machines de forage, v\u00e9hicules ferroviaires et arbres de transmission des machines mini\u00e8res sur les billes d&rsquo;acier, les rouleaux et les bagues d&rsquo;arbre, etc.<\/p>\n<p><strong>C(\uff05) : 0,93 \u00e0 1,05<br \/>\nSi(\uff05) : 0,15 \u00e0 0,35<br \/>\nMn(\uff05) : 0,25 \u00e0 0,45<br \/>\nP(\uff05) : \u2264 0,025<\/strong><\/p>\n<p><strong>S(\uff05) : \u2264 0,015<br \/>\nCr(\uff05) : 1,35 \u00e0 1,60\/strong><\/p>\n<\/div><\/section>\n","protected":false},"excerpt":{"rendered":"","protected":false},"author":1,"featured_media":0,"parent":1121,"menu_order":0,"comment_status":"closed","ping_status":"closed","template":"","meta":{"om_disable_all_campaigns":false,"_monsterinsights_skip_tracking":false,"_monsterinsights_sitenote_active":false,"_monsterinsights_sitenote_note":"","_monsterinsights_sitenote_category":0,"footnotes":""},"class_list":["post-1133","page","type-page","status-publish","hentry"],"aioseo_notices":[],"_links":{"self":[{"href":"https:\/\/gmforging.com\/fr\/index.php\/wp-json\/wp\/v2\/pages\/1133","targetHints":{"allow":["GET"]}}],"collection":[{"href":"https:\/\/gmforging.com\/fr\/index.php\/wp-json\/wp\/v2\/pages"}],"about":[{"href":"https:\/\/gmforging.com\/fr\/index.php\/wp-json\/wp\/v2\/types\/page"}],"author":[{"embeddable":true,"href":"https:\/\/gmforging.com\/fr\/index.php\/wp-json\/wp\/v2\/users\/1"}],"replies":[{"embeddable":true,"href":"https:\/\/gmforging.com\/fr\/index.php\/wp-json\/wp\/v2\/comments?post=1133"}],"version-history":[{"count":2,"href":"https:\/\/gmforging.com\/fr\/index.php\/wp-json\/wp\/v2\/pages\/1133\/revisions"}],"predecessor-version":[{"id":1135,"href":"https:\/\/gmforging.com\/fr\/index.php\/wp-json\/wp\/v2\/pages\/1133\/revisions\/1135"}],"up":[{"embeddable":true,"href":"https:\/\/gmforging.com\/fr\/index.php\/wp-json\/wp\/v2\/pages\/1121"}],"wp:attachment":[{"href":"https:\/\/gmforging.com\/fr\/index.php\/wp-json\/wp\/v2\/media?parent=1133"}],"curies":[{"name":"wp","href":"https:\/\/api.w.org\/{rel}","templated":true}]}}