{"id":1121,"date":"2023-09-16T14:02:15","date_gmt":"2023-09-16T13:02:15","guid":{"rendered":"https:\/\/gmforging.com\/index.php\/qualites\/"},"modified":"2023-10-16T15:41:11","modified_gmt":"2023-10-16T14:41:11","slug":"qualites","status":"publish","type":"page","link":"https:\/\/gmforging.com\/fr\/index.php\/qualites\/","title":{"rendered":"Qualit\u00e9s"},"content":{"rendered":"\n<style type=\"text\/css\" data-created_by=\"avia_inline_auto\" id=\"style-css-av-lmm1iw38-c455aeaf7efb7ac8e6cce71cf385ecef\">\n.avia-section.av-lmm1iw38-c455aeaf7efb7ac8e6cce71cf385ecef{\nbackground-repeat:no-repeat;\nbackground-image:url(https:\/\/gmforging.com\/wp-content\/uploads\/2023\/09\/low-angle-view-building-ceiling-1-scaled.jpg);\nbackground-position:0% 0%;\nbackground-attachment:scroll;\n}\n<\/style>\n<div id='av_section_1'  class='avia-section av-lmm1iw38-c455aeaf7efb7ac8e6cce71cf385ecef main_color avia-section-default avia-no-border-styling  avia-builder-el-0  el_before_av_one_full  avia-builder-el-first  avia-full-stretch avia-bg-style-scroll av-minimum-height av-minimum-height-50 av-height-50  container_wrap fullsize'  data-section-bg-repeat='stretch' data-av_minimum_height_pc='50' data-av_min_height_opt='50'><div class='container av-section-cont-open' ><main  role=\"main\" itemprop=\"mainContentOfPage\"  class='template-page content  av-content-full alpha units'><div class='post-entry post-entry-type-page post-entry-1121'><div class='entry-content-wrapper clearfix'><\/div><\/div><\/main><!-- close content main element --><\/div><\/div><div id='after_section_1'  class='main_color av_default_container_wrap container_wrap fullsize'  ><div class='container av-section-cont-open' ><div class='template-page content  av-content-full alpha units'><div class='post-entry post-entry-type-page post-entry-1121'><div class='entry-content-wrapper clearfix'>\n<div  class='flex_column av-9pz9l-11325e3a3cc578850cbab141f3ceb200 av_one_full  avia-builder-el-1  el_after_av_section  avia-builder-el-no-sibling  first flex_column_div  '     ><section  class='av_textblock_section av-lmm161m1-57632d47e755a678a7d84b340acec520 '   itemscope=\"itemscope\" itemtype=\"https:\/\/schema.org\/CreativeWork\" ><div class='avia_textblock'  itemprop=\"text\" ><p><strong>42 CrMo4 STEEL<\/strong><\/p>\n<p>Gmforging produit de l&rsquo;acier forg\u00e9 42 CrMo4 qui est disponible pour la d\u00e9coupe et la livraison.<\/p>\n<p>42CrMo4 est un acier \u00e0 faible teneur en alliage de haute qualit\u00e9, r\u00e9put\u00e9 pour son excellente r\u00e9sistance, sa t\u00e9nacit\u00e9 et son aptitude au durcissement. Cet acier est souvent utilis\u00e9 dans des applications n\u00e9cessitant une r\u00e9sistance \u00e9lev\u00e9e \u00e0 la traction et \u00e0 la limite d&rsquo;\u00e9lasticit\u00e9, une bonne r\u00e9sistance \u00e0 l&rsquo;usure et la capacit\u00e9 \u00e0 maintenir ses propri\u00e9t\u00e9s m\u00e9caniques \u00e0 des temp\u00e9ratures \u00e9lev\u00e9es. La composition num\u00e9rique \u00ab\u00a042CrMo4\u00a0\u00bb indique ses \u00e9l\u00e9ments d&rsquo;alliage et sa composition approximative :<\/p>\n<p>42 d\u00e9signe la teneur approximative en carbone (0,42 %).<\/p>\n<p>Cr repr\u00e9sente le chrome en tant qu&rsquo;\u00e9l\u00e9ment d&rsquo;alliage majeur.<\/p>\n<p>Mo repr\u00e9sente le molybd\u00e8ne en tant qu&rsquo;\u00e9l\u00e9ment d&rsquo;alliage.<\/p>\n<p>L&rsquo;acier alli\u00e9 1.7225 4140 (42CrMo4) est largement utilis\u00e9 \u00e0 des fins d&rsquo;ing\u00e9nierie, telles que diverses pi\u00e8ces de machines, automobiles, pi\u00e8ces de rechange pour l&rsquo;exploitation mini\u00e8re, engrenages de moteurs, engrenages d&rsquo;entra\u00eenement de compresseurs, bielles, pi\u00e8ces pour des applications de cha\u00eene cin\u00e9matique, fixations form\u00e9es \u00e0 froid, et il est fr\u00e9quemment utilis\u00e9 dans des domaines tels que les arbres, les engrenages et les travaux d&rsquo;exploration p\u00e9troli\u00e8re.<\/p>\n<p><strong>34CrNiMo6 STEEL<\/strong><\/p>\n<p>Gmforging produit de l&rsquo;acier forg\u00e9 34CrNiMo6 qui est disponible pour la d\u00e9coupe et la livraison.<\/p>\n<p>34CrNiMo6 est un acier \u00e0 faible teneur en alliage r\u00e9put\u00e9 pour sa haute r\u00e9sistance, sa t\u00e9nacit\u00e9 et sa bonne aptitude au durcissement. Cet acier est souvent utilis\u00e9 dans des applications exigeant d&rsquo;excellentes propri\u00e9t\u00e9s m\u00e9caniques, ainsi qu&rsquo;une r\u00e9sistance \u00e0 l&rsquo;usure et aux impacts. La composition num\u00e9rique \u00ab\u00a034CrNiMo6\u00a0\u00bb indique ses \u00e9l\u00e9ments d&rsquo;alliage et sa composition approximative :<\/p>\n<p>34 d\u00e9signe la teneur approximative en carbone (0,34 %).<\/p>\n<p>Cr repr\u00e9sente le chrome en tant qu&rsquo;\u00e9l\u00e9ment d&rsquo;alliage majeur.<\/p>\n<p>Ni repr\u00e9sente le nickel en tant qu&rsquo;\u00e9l\u00e9ment d&rsquo;alliage.<\/p>\n<p>Mo repr\u00e9sente le molybd\u00e8ne en tant qu&rsquo;\u00e9l\u00e9ment d&rsquo;alliage.<\/p>\n<p>L&rsquo;acier tremp\u00e9 1.6582 (AISI 4340) (34CrNiMo) est particuli\u00e8rement appr\u00e9ci\u00e9 dans la fabrication de pi\u00e8ces d&rsquo;ing\u00e9nierie m\u00e9canique, de vilebrequins surcharg\u00e9s, d&rsquo;arbres \u00e0 cames et d&rsquo;engrenages.<\/p>\n<p><strong>30CrNiMo8 STEEL<\/strong><\/p>\n<p>Gmforging produit de l&rsquo;acier forg\u00e9 30CrNiMo8 qui est disponible pour la d\u00e9coupe et la livraison.<\/p>\n<p>30CrNiMo8 est un acier \u00e0 faible teneur en alliage r\u00e9put\u00e9 pour sa haute r\u00e9sistance, sa t\u00e9nacit\u00e9 et sa bonne aptitude au durcissement. Cet acier est couramment utilis\u00e9 dans des applications exigeant d&rsquo;excellentes propri\u00e9t\u00e9s m\u00e9caniques, une r\u00e9sistance \u00e0 l&rsquo;usure et aux impacts, ainsi que la capacit\u00e9 d&rsquo;\u00eatre trait\u00e9 thermiquement pour atteindre des niveaux de duret\u00e9 sp\u00e9cifiques. La composition num\u00e9rique \u00ab\u00a030CrNiMo8\u00a0\u00bb indique ses \u00e9l\u00e9ments d&rsquo;alliage et sa composition approximative :<\/p>\n<p>30 d\u00e9signe la teneur approximative en carbone (0,30 %).<\/p>\n<p>Cr repr\u00e9sente le chrome en tant qu&rsquo;\u00e9l\u00e9ment d&rsquo;alliage majeur.<\/p>\n<p>Ni repr\u00e9sente le nickel en tant qu&rsquo;\u00e9l\u00e9ment d&rsquo;alliage.<\/p>\n<p>Mo repr\u00e9sente le molybd\u00e8ne en tant qu&rsquo;\u00e9l\u00e9ment d&rsquo;alliage.<\/p>\n<p>L&rsquo;acier 1,6580 30CrNiMo8 est utilis\u00e9 pour les composants automobiles et g\u00e9n\u00e9raux qui exigent une r\u00e9sistance et une t\u00e9nacit\u00e9 \u00e9lev\u00e9es, ainsi qu&rsquo;une bonne aptitude au durcissement. Il convient particuli\u00e8rement aux pi\u00e8ces de haute r\u00e9sistance dans les industries de l&rsquo;aviation, de l&rsquo;automobile et militaire.<\/p>\n<\/div><\/section><\/div>\n","protected":false},"excerpt":{"rendered":"","protected":false},"author":1,"featured_media":0,"parent":0,"menu_order":0,"comment_status":"closed","ping_status":"closed","template":"","meta":{"om_disable_all_campaigns":false,"_monsterinsights_skip_tracking":false,"_monsterinsights_sitenote_active":false,"_monsterinsights_sitenote_note":"","_monsterinsights_sitenote_category":0,"footnotes":""},"class_list":["post-1121","page","type-page","status-publish","hentry"],"aioseo_notices":[],"_links":{"self":[{"href":"https:\/\/gmforging.com\/fr\/index.php\/wp-json\/wp\/v2\/pages\/1121","targetHints":{"allow":["GET"]}}],"collection":[{"href":"https:\/\/gmforging.com\/fr\/index.php\/wp-json\/wp\/v2\/pages"}],"about":[{"href":"https:\/\/gmforging.com\/fr\/index.php\/wp-json\/wp\/v2\/types\/page"}],"author":[{"embeddable":true,"href":"https:\/\/gmforging.com\/fr\/index.php\/wp-json\/wp\/v2\/users\/1"}],"replies":[{"embeddable":true,"href":"https:\/\/gmforging.com\/fr\/index.php\/wp-json\/wp\/v2\/comments?post=1121"}],"version-history":[{"count":2,"href":"https:\/\/gmforging.com\/fr\/index.php\/wp-json\/wp\/v2\/pages\/1121\/revisions"}],"predecessor-version":[{"id":1123,"href":"https:\/\/gmforging.com\/fr\/index.php\/wp-json\/wp\/v2\/pages\/1121\/revisions\/1123"}],"wp:attachment":[{"href":"https:\/\/gmforging.com\/fr\/index.php\/wp-json\/wp\/v2\/media?parent=1121"}],"curies":[{"name":"wp","href":"https:\/\/api.w.org\/{rel}","templated":true}]}}