{"id":1097,"date":"2023-09-24T16:53:33","date_gmt":"2023-09-24T15:53:33","guid":{"rendered":"https:\/\/gmforging.com\/index.php\/production-denergie\/"},"modified":"2023-10-16T12:05:44","modified_gmt":"2023-10-16T11:05:44","slug":"production-denergie","status":"publish","type":"page","link":"https:\/\/gmforging.com\/fr\/index.php\/production-denergie\/","title":{"rendered":"Production d&rsquo;\u00e9nergie"},"content":{"rendered":"<div id='av-layout-grid-1'  class='av-layout-grid-container av-2qz5r-d945b567b79d76c3114f56d309332492 entry-content-wrapper main_color av-flex-cells  avia-builder-el-0  el_before_av_layout_row  avia-builder-el-first   container_wrap fullsize'  >\n\n<style type=\"text\/css\" data-created_by=\"avia_inline_auto\" id=\"style-css-av-lmxnf7f8-d42330501d1c43921e9cca9756b5f656\">\n.flex_cell.av-lmxnf7f8-d42330501d1c43921e9cca9756b5f656{\nvertical-align:top;\nbackground-color:#999999;\n}\n.responsive #top #wrap_all .flex_cell.av-lmxnf7f8-d42330501d1c43921e9cca9756b5f656{\npadding:10px 10px 10px 10px !important;\n}\n<\/style>\n<div class='flex_cell av-lmxnf7f8-d42330501d1c43921e9cca9756b5f656 av-gridrow-cell av_one_full no_margin  avia-builder-el-1  avia-builder-el-no-sibling  content-align-top'  ><div class='flex_cell_inner'><\/div><\/div>\n<\/div>\n<div id='av-layout-grid-2'  class='av-layout-grid-container av-n6scv-ced13a001e80067431d83a75fc2a8f35 entry-content-wrapper main_color av-flex-cells  avia-builder-el-2  el_after_av_layout_row  avia-builder-el-last  grid-row-not-first  container_wrap fullsize'  >\n\n<style type=\"text\/css\" data-created_by=\"avia_inline_auto\" id=\"style-css-av-gdptr-0dae12ffd5afa8c5e0a3a0c7fbec1d49\">\n.flex_cell.av-gdptr-0dae12ffd5afa8c5e0a3a0c7fbec1d49{\nvertical-align:top;\n}\n<\/style>\n<div class='flex_cell av-gdptr-0dae12ffd5afa8c5e0a3a0c7fbec1d49 av-gridrow-cell av_one_half no_margin  avia-builder-el-3  el_before_av_cell_one_half  avia-builder-el-first  content-align-top'  ><div class='flex_cell_inner'>\n<style type=\"text\/css\" data-created_by=\"avia_inline_auto\" id=\"style-css-av-lmxnex14-b027d906db9a567bf8ea42e9e603d14f\">\n.avia-image-container.av-lmxnex14-b027d906db9a567bf8ea42e9e603d14f img.avia_image{\nbox-shadow:none;\n}\n.avia-image-container.av-lmxnex14-b027d906db9a567bf8ea42e9e603d14f .av-image-caption-overlay-center{\ncolor:#ffffff;\n}\n<\/style>\n<div  class='avia-image-container av-lmxnex14-b027d906db9a567bf8ea42e9e603d14f av-styling- avia-align-center  avia-builder-el-4  avia-builder-el-no-sibling '   itemprop=\"image\" itemscope=\"itemscope\" itemtype=\"https:\/\/schema.org\/ImageObject\" ><div class=\"avia-image-container-inner\"><div class=\"avia-image-overlay-wrap\"><img decoding=\"async\" fetchpriority=\"high\" class='wp-image-749 avia-img-lazy-loading-not-749 avia_image ' src=\"https:\/\/gmforging.com\/wp-content\/uploads\/2023\/09\/app2-495x400.jpg\" alt='Wind farm, Overlooking Columbia River' title='Wind farm,  overlooking Columbia River.'  height=\"400\" width=\"495\"  itemprop=\"thumbnailUrl\" srcset=\"https:\/\/gmforging.com\/wp-content\/uploads\/2023\/09\/app2-495x400.jpg 495w, https:\/\/gmforging.com\/wp-content\/uploads\/2023\/09\/app2-845x684.jpg 845w\" sizes=\"(max-width: 495px) 100vw, 495px\" \/><\/div><\/div><\/div>\n<\/div><\/div>\n<style type=\"text\/css\" data-created_by=\"avia_inline_auto\" id=\"style-css-av-9gjx3-fd777b8bf763cd43e3479176cdb3f222\">\n.flex_cell.av-9gjx3-fd777b8bf763cd43e3479176cdb3f222{\nvertical-align:top;\n}\n<\/style>\n<div class='flex_cell av-9gjx3-fd777b8bf763cd43e3479176cdb3f222 av-gridrow-cell av_one_half no_margin  avia-builder-el-5  el_after_av_cell_one_half  avia-builder-el-last  content-align-top'  ><div class='flex_cell_inner'><section  class='av_textblock_section av-lmxng79r-b93a63f73d01f524de26366166f9bbc7 '   itemscope=\"itemscope\" itemtype=\"https:\/\/schema.org\/CreativeWork\" ><div class='avia_textblock'  itemprop=\"text\" ><p><strong>Production d&rsquo;\u00e9nergie<\/strong><\/p>\n<p>GM Forging fournit des pi\u00e8ces forg\u00e9es sur mesure de haute qualit\u00e9 adapt\u00e9es \u00e0 une utilisation dans le secteur de la production d&rsquo;\u00e9nergie. Nos offres de m\u00e9tal forg\u00e9 se distinguent par une long\u00e9vit\u00e9 de service prolong\u00e9e, une r\u00e9sistance exceptionnelle \u00e0 la fatigue, des structures de grains affin\u00e9es, une r\u00e9sistance accrue et une efficacit\u00e9 op\u00e9rationnelle renforc\u00e9e.<\/p>\n<p>Notre installation de forgeage poss\u00e8de la capacit\u00e9 de fabriquer efficacement et de mani\u00e8re rentable des composants en acier forg\u00e9 pour l&rsquo;industrie de la production d&rsquo;\u00e9nergie, couvrant les domaines suivants :<\/p>\n<ul>\n<li>Impulseurs:<\/li>\n<li>Lames:<\/li>\n<li>Axes de compresseur et de g\u00e9n\u00e9rateur:<\/li>\n<li>Disques et moyeux<\/li>\n<li>Anneaux (complets\/segment\u00e9s)<\/li>\n<li>Turbines<\/li>\n<\/ul>\n<p>De plus, nous disposons des ressources et de l&rsquo;expertise n\u00e9cessaires pour forger ces produits en utilisant diverses autres nuances d&rsquo;acier sur demande sp\u00e9cifique.<\/p>\n<\/div><\/section>\n<\/div><\/div><\/div>\n","protected":false},"excerpt":{"rendered":"","protected":false},"author":1,"featured_media":0,"parent":0,"menu_order":0,"comment_status":"closed","ping_status":"closed","template":"","meta":{"om_disable_all_campaigns":false,"_monsterinsights_skip_tracking":false,"_monsterinsights_sitenote_active":false,"_monsterinsights_sitenote_note":"","_monsterinsights_sitenote_category":0,"footnotes":""},"class_list":["post-1097","page","type-page","status-publish","hentry"],"aioseo_notices":[],"_links":{"self":[{"href":"https:\/\/gmforging.com\/fr\/index.php\/wp-json\/wp\/v2\/pages\/1097","targetHints":{"allow":["GET"]}}],"collection":[{"href":"https:\/\/gmforging.com\/fr\/index.php\/wp-json\/wp\/v2\/pages"}],"about":[{"href":"https:\/\/gmforging.com\/fr\/index.php\/wp-json\/wp\/v2\/types\/page"}],"author":[{"embeddable":true,"href":"https:\/\/gmforging.com\/fr\/index.php\/wp-json\/wp\/v2\/users\/1"}],"replies":[{"embeddable":true,"href":"https:\/\/gmforging.com\/fr\/index.php\/wp-json\/wp\/v2\/comments?post=1097"}],"version-history":[{"count":2,"href":"https:\/\/gmforging.com\/fr\/index.php\/wp-json\/wp\/v2\/pages\/1097\/revisions"}],"predecessor-version":[{"id":1099,"href":"https:\/\/gmforging.com\/fr\/index.php\/wp-json\/wp\/v2\/pages\/1097\/revisions\/1099"}],"wp:attachment":[{"href":"https:\/\/gmforging.com\/fr\/index.php\/wp-json\/wp\/v2\/media?parent=1097"}],"curies":[{"name":"wp","href":"https:\/\/api.w.org\/{rel}","templated":true}]}}