{"id":1085,"date":"2023-09-24T16:53:55","date_gmt":"2023-09-24T15:53:55","guid":{"rendered":"https:\/\/gmforging.com\/index.php\/petrole-et-gaz\/"},"modified":"2023-10-16T11:34:56","modified_gmt":"2023-10-16T10:34:56","slug":"petrole-et-gaz","status":"publish","type":"page","link":"https:\/\/gmforging.com\/fr\/index.php\/petrole-et-gaz\/","title":{"rendered":"P\u00e9trole et Gaz"},"content":{"rendered":"<div id='av-layout-grid-1'  class='av-layout-grid-container av-t5q0h-267ef9df5d9b3fdc991461155b535454 entry-content-wrapper main_color av-flex-cells  avia-builder-el-0  el_before_av_layout_row  avia-builder-el-first   container_wrap fullsize'  >\n\n<style type=\"text\/css\" data-created_by=\"avia_inline_auto\" id=\"style-css-av-lmxnjtx9-a9f5dbaba22d3cfa1d5ed2ac0c38cd8d\">\n.flex_cell.av-lmxnjtx9-a9f5dbaba22d3cfa1d5ed2ac0c38cd8d{\nvertical-align:top;\nbackground-color:#f49919;\n}\n.responsive #top #wrap_all .flex_cell.av-lmxnjtx9-a9f5dbaba22d3cfa1d5ed2ac0c38cd8d{\npadding:10px 10px 10px 10px !important;\n}\n<\/style>\n<div class='flex_cell av-lmxnjtx9-a9f5dbaba22d3cfa1d5ed2ac0c38cd8d av-gridrow-cell av_one_full no_margin  avia-builder-el-1  avia-builder-el-no-sibling  content-align-top'  ><div class='flex_cell_inner'><\/div><\/div><\/div><div id='av-layout-grid-2'  class='av-layout-grid-container av-ktnjl-6cb3f8f115039c619208fe3e80688dc2 entry-content-wrapper main_color av-flex-cells  avia-builder-el-2  el_after_av_layout_row  avia-builder-el-last  grid-row-not-first  container_wrap fullsize'  >\n\n<style type=\"text\/css\" data-created_by=\"avia_inline_auto\" id=\"style-css-av-eaxp5-f6c0fd01ba0de129c9d51c8ab5237972\">\n.flex_cell.av-eaxp5-f6c0fd01ba0de129c9d51c8ab5237972{\nvertical-align:top;\n}\n<\/style>\n<div class='flex_cell av-eaxp5-f6c0fd01ba0de129c9d51c8ab5237972 av-gridrow-cell av_one_half no_margin  avia-builder-el-3  el_before_av_cell_one_half  avia-builder-el-first  content-align-top'  ><div class='flex_cell_inner'>\n<style type=\"text\/css\" data-created_by=\"avia_inline_auto\" id=\"style-css-av-lmxnk7z6-bab47b3788b19d36a1697b3897b18338\">\n.avia-image-container.av-lmxnk7z6-bab47b3788b19d36a1697b3897b18338 img.avia_image{\nbox-shadow:none;\n}\n.avia-image-container.av-lmxnk7z6-bab47b3788b19d36a1697b3897b18338 .av-image-caption-overlay-center{\ncolor:#ffffff;\n}\n<\/style>\n<div  class='avia-image-container av-lmxnk7z6-bab47b3788b19d36a1697b3897b18338 av-styling- avia-align-center  avia-builder-el-4  avia-builder-el-no-sibling '   itemprop=\"image\" itemscope=\"itemscope\" itemtype=\"https:\/\/schema.org\/ImageObject\" ><div class=\"avia-image-container-inner\"><div class=\"avia-image-overlay-wrap\"><img decoding=\"async\" fetchpriority=\"high\" class='wp-image-881 avia-img-lazy-loading-not-881 avia_image ' src=\"https:\/\/gmforging.com\/wp-content\/uploads\/2023\/09\/app3-2-495x400.jpg\" alt='Wind farm,  overlooking Columbia River.' title='Wind farm,  overlooking Columbia River.'  height=\"400\" width=\"495\"  itemprop=\"thumbnailUrl\" srcset=\"https:\/\/gmforging.com\/wp-content\/uploads\/2023\/09\/app3-2-495x400.jpg 495w, https:\/\/gmforging.com\/wp-content\/uploads\/2023\/09\/app3-2-845x684.jpg 845w\" sizes=\"(max-width: 495px) 100vw, 495px\" \/><\/div><\/div><\/div>\n<\/div><\/div>\n<style type=\"text\/css\" data-created_by=\"avia_inline_auto\" id=\"style-css-av-v169-c7fa6eac3ec1f22e6eb9094461c021bd\">\n.flex_cell.av-v169-c7fa6eac3ec1f22e6eb9094461c021bd{\nvertical-align:top;\n}\n<\/style>\n<div class='flex_cell av-v169-c7fa6eac3ec1f22e6eb9094461c021bd av-gridrow-cell av_one_half no_margin  avia-builder-el-5  el_after_av_cell_one_half  avia-builder-el-last  content-align-top'  ><div class='flex_cell_inner'><section  class='av_textblock_section av-lmxnjak4-2d6cd5ae0b8755c28cf2fddd8f438404 '   itemscope=\"itemscope\" itemtype=\"https:\/\/schema.org\/CreativeWork\" ><div class='avia_textblock'  itemprop=\"text\" ><p><strong>P\u00e9trole et Gaz<\/strong><\/p>\n<p>Nous fabriquons des pi\u00e8ces forg\u00e9es utilis\u00e9es dans les plates-formes de forage, les pipelines et les raffineries \u00e0 travers le monde. L&rsquo;industrie p\u00e9troli\u00e8re et gazi\u00e8re compte sur des composants forg\u00e9s pour garantir le bon fonctionnement en toute s\u00e9curit\u00e9 de ses installations.<\/p>\n<p><strong>Capacit\u00e9s de Forgeage Personnalis\u00e9es pour l&rsquo;Industrie du P\u00e9trole et du Gaz<\/strong>.<\/p>\n<ul>\n<li>\u00c9quipement de t\u00eate de puits<\/li>\n<li>Couronnes d&rsquo;arbres<\/li>\n<li>Bloc-cylindres<\/li>\n<li>Corps de soupape<\/li>\n<li>Extr\u00e9mit\u00e9s de fluides<\/li>\n<li>Collecteurs<\/li>\n<\/ul>\n<\/div><\/section>\n<\/div><\/div><\/div><\/p>\n","protected":false},"excerpt":{"rendered":"","protected":false},"author":1,"featured_media":0,"parent":0,"menu_order":0,"comment_status":"closed","ping_status":"closed","template":"","meta":{"om_disable_all_campaigns":false,"_monsterinsights_skip_tracking":false,"_monsterinsights_sitenote_active":false,"_monsterinsights_sitenote_note":"","_monsterinsights_sitenote_category":0,"footnotes":""},"class_list":["post-1085","page","type-page","status-publish","hentry"],"aioseo_notices":[],"_links":{"self":[{"href":"https:\/\/gmforging.com\/fr\/index.php\/wp-json\/wp\/v2\/pages\/1085","targetHints":{"allow":["GET"]}}],"collection":[{"href":"https:\/\/gmforging.com\/fr\/index.php\/wp-json\/wp\/v2\/pages"}],"about":[{"href":"https:\/\/gmforging.com\/fr\/index.php\/wp-json\/wp\/v2\/types\/page"}],"author":[{"embeddable":true,"href":"https:\/\/gmforging.com\/fr\/index.php\/wp-json\/wp\/v2\/users\/1"}],"replies":[{"embeddable":true,"href":"https:\/\/gmforging.com\/fr\/index.php\/wp-json\/wp\/v2\/comments?post=1085"}],"version-history":[{"count":2,"href":"https:\/\/gmforging.com\/fr\/index.php\/wp-json\/wp\/v2\/pages\/1085\/revisions"}],"predecessor-version":[{"id":1087,"href":"https:\/\/gmforging.com\/fr\/index.php\/wp-json\/wp\/v2\/pages\/1085\/revisions\/1087"}],"wp:attachment":[{"href":"https:\/\/gmforging.com\/fr\/index.php\/wp-json\/wp\/v2\/media?parent=1085"}],"curies":[{"name":"wp","href":"https:\/\/api.w.org\/{rel}","templated":true}]}}