{"id":1073,"date":"2023-09-16T12:46:26","date_gmt":"2023-09-16T11:46:26","guid":{"rendered":"https:\/\/gmforging.com\/index.php\/traitement-mecanique\/"},"modified":"2023-10-16T11:27:59","modified_gmt":"2023-10-16T10:27:59","slug":"traitement-mecanique","status":"publish","type":"page","link":"https:\/\/gmforging.com\/fr\/index.php\/traitement-mecanique\/","title":{"rendered":"Traitement m\u00e9canique"},"content":{"rendered":"\n<style type=\"text\/css\" data-created_by=\"avia_inline_auto\" id=\"style-css-av-lmm0k5z0-afe1e97943624a347bd26afea855cfc9\">\n.avia-section.av-lmm0k5z0-afe1e97943624a347bd26afea855cfc9{\nbackground-repeat:no-repeat;\nbackground-image:url(https:\/\/gmforging.com\/wp-content\/uploads\/2023\/09\/Mechanical-processing.jpg);\nbackground-position:0% 0%;\nbackground-attachment:scroll;\n}\n<\/style>\n<div id='av_section_1'  class='avia-section av-lmm0k5z0-afe1e97943624a347bd26afea855cfc9 main_color avia-section-default avia-no-border-styling  avia-builder-el-0  el_before_av_one_full  avia-builder-el-first  avia-full-stretch avia-bg-style-scroll av-minimum-height av-minimum-height-50 av-height-50  container_wrap fullsize'  data-section-bg-repeat='stretch' data-av_minimum_height_pc='50' data-av_min_height_opt='50'><div class='container av-section-cont-open' ><main  role=\"main\" itemprop=\"mainContentOfPage\"  class='template-page content  av-content-full alpha units'><div class='post-entry post-entry-type-page post-entry-1073'><div class='entry-content-wrapper clearfix'><\/div><\/div><\/main><!-- close content main element --><\/div><\/div><div id='after_section_1'  class='main_color av_default_container_wrap container_wrap fullsize'  ><div class='container av-section-cont-open' ><div class='template-page content  av-content-full alpha units'><div class='post-entry post-entry-type-page post-entry-1073'><div class='entry-content-wrapper clearfix'>\n<div  class='flex_column av-b2kfv-74c3b3a89828e97e8fc9a58c971659b0 av_one_full  avia-builder-el-1  el_after_av_section  avia-builder-el-no-sibling  first flex_column_div  '     ><section  class='av_textblock_section av-lmm0j6sg-ec2468620ec28eef0d0db0ea31f3143d '   itemscope=\"itemscope\" itemtype=\"https:\/\/schema.org\/CreativeWork\" ><div class='avia_textblock'  itemprop=\"text\" ><p>Nous fournissons \u00e0 la fois des produits semi-finis et des produits finis. Cela est rendu possible gr\u00e2ce \u00e0 notre vaste infrastructure de machines pour le traitement m\u00e9canique.<\/p>\n<p>Tours universels\u2026\u2026\u2026\u2026. 3 m\u00e8tres &#8211; 5 m\u00e8tres &#8211; 10 m\u00e8tres<br \/>\nTours verticaux universels\u2026\u2026.. Max \u00d81600 mm.<br \/>\nTour vertical \u00e0 commande num\u00e9rique (CNC)\u2026\u2026\u2026\u2026\u2026\u2026 Max \u00d8 2000 mm.<br \/>\nBorverk \u00e0 commande num\u00e9rique (CNC)\u2026\u2026\u2026\u2026\u2026\u2026\u2026\u2026\u2026 (2500 X 3500 mm.)<br \/>\nScies \u00e0 ruban\u2026\u2026\u2026\u2026\u2026\u2026 Nous coupons des mat\u00e9riaux en sections de \u00d8 200-1300 mm de diff\u00e9rentes tailles.<\/p>\n<\/div><\/section><\/div>\n","protected":false},"excerpt":{"rendered":"","protected":false},"author":1,"featured_media":0,"parent":0,"menu_order":0,"comment_status":"closed","ping_status":"closed","template":"","meta":{"om_disable_all_campaigns":false,"_monsterinsights_skip_tracking":false,"_monsterinsights_sitenote_active":false,"_monsterinsights_sitenote_note":"","_monsterinsights_sitenote_category":0,"footnotes":""},"class_list":["post-1073","page","type-page","status-publish","hentry"],"aioseo_notices":[],"_links":{"self":[{"href":"https:\/\/gmforging.com\/fr\/index.php\/wp-json\/wp\/v2\/pages\/1073","targetHints":{"allow":["GET"]}}],"collection":[{"href":"https:\/\/gmforging.com\/fr\/index.php\/wp-json\/wp\/v2\/pages"}],"about":[{"href":"https:\/\/gmforging.com\/fr\/index.php\/wp-json\/wp\/v2\/types\/page"}],"author":[{"embeddable":true,"href":"https:\/\/gmforging.com\/fr\/index.php\/wp-json\/wp\/v2\/users\/1"}],"replies":[{"embeddable":true,"href":"https:\/\/gmforging.com\/fr\/index.php\/wp-json\/wp\/v2\/comments?post=1073"}],"version-history":[{"count":2,"href":"https:\/\/gmforging.com\/fr\/index.php\/wp-json\/wp\/v2\/pages\/1073\/revisions"}],"predecessor-version":[{"id":1075,"href":"https:\/\/gmforging.com\/fr\/index.php\/wp-json\/wp\/v2\/pages\/1073\/revisions\/1075"}],"wp:attachment":[{"href":"https:\/\/gmforging.com\/fr\/index.php\/wp-json\/wp\/v2\/media?parent=1073"}],"curies":[{"name":"wp","href":"https:\/\/api.w.org\/{rel}","templated":true}]}}