{"id":1061,"date":"2023-09-24T16:54:19","date_gmt":"2023-09-24T15:54:19","guid":{"rendered":"https:\/\/gmforging.com\/index.php\/machines-industrielles\/"},"modified":"2023-10-16T08:35:05","modified_gmt":"2023-10-16T07:35:05","slug":"machines-industrielles","status":"publish","type":"page","link":"https:\/\/gmforging.com\/fr\/index.php\/machines-industrielles\/","title":{"rendered":"Machines industrielles"},"content":{"rendered":"<div id='av-layout-grid-1'  class='av-layout-grid-container av-sazj7-bdd372a423da373c0919de2044013058 entry-content-wrapper main_color av-flex-cells  avia-builder-el-0  el_before_av_layout_row  avia-builder-el-first   container_wrap fullsize'  >\n\n<style type=\"text\/css\" data-created_by=\"avia_inline_auto\" id=\"style-css-av-lmxns9z5-628bf42c8228d0c4c5cb75f4590782ec\">\n.flex_cell.av-lmxns9z5-628bf42c8228d0c4c5cb75f4590782ec{\nvertical-align:top;\nbackground-color:#999999;\n}\n.responsive #top #wrap_all .flex_cell.av-lmxns9z5-628bf42c8228d0c4c5cb75f4590782ec{\npadding:10px 10px 10px 10px !important;\n}\n<\/style>\n<div class='flex_cell av-lmxns9z5-628bf42c8228d0c4c5cb75f4590782ec av-gridrow-cell av_one_full no_margin  avia-builder-el-1  avia-builder-el-no-sibling  content-align-top'  ><div class='flex_cell_inner'><\/div><\/div><\/div><div id='av-layout-grid-2'  class='av-layout-grid-container av-krn0j-62cbf5bca0fd6839c63322453792de7d entry-content-wrapper main_color av-flex-cells  avia-builder-el-2  el_after_av_layout_row  avia-builder-el-last  grid-row-not-first  container_wrap fullsize'  >\n\n<style type=\"text\/css\" data-created_by=\"avia_inline_auto\" id=\"style-css-av-fws9f-cc5f00d5f47c3dda8b32069993329970\">\n.flex_cell.av-fws9f-cc5f00d5f47c3dda8b32069993329970{\nvertical-align:top;\n}\n<\/style>\n<div class='flex_cell av-fws9f-cc5f00d5f47c3dda8b32069993329970 av-gridrow-cell av_one_half no_margin  avia-builder-el-3  el_before_av_cell_one_half  avia-builder-el-first  content-align-top'  ><div class='flex_cell_inner'>\n<style type=\"text\/css\" data-created_by=\"avia_inline_auto\" id=\"style-css-av-lmxnsliq-3675e67a79385acf5a8353073a825a58\">\n.avia-image-container.av-lmxnsliq-3675e67a79385acf5a8353073a825a58 img.avia_image{\nbox-shadow:none;\n}\n.avia-image-container.av-lmxnsliq-3675e67a79385acf5a8353073a825a58 .av-image-caption-overlay-center{\ncolor:#ffffff;\n}\n<\/style>\n<div  class='avia-image-container av-lmxnsliq-3675e67a79385acf5a8353073a825a58 av-styling- avia-align-center  avia-builder-el-4  avia-builder-el-no-sibling '   itemprop=\"image\" itemscope=\"itemscope\" itemtype=\"https:\/\/schema.org\/ImageObject\" ><div class=\"avia-image-container-inner\"><div class=\"avia-image-overlay-wrap\"><img decoding=\"async\" fetchpriority=\"high\" class='wp-image-759 avia-img-lazy-loading-not-759 avia_image ' src=\"https:\/\/gmforging.com\/wp-content\/uploads\/2023\/09\/app4-495x400.jpg\" alt='Wind farm, Overlooking Columbia River' title='Wind farm,  overlooking Columbia River.'  height=\"400\" width=\"495\"  itemprop=\"thumbnailUrl\" srcset=\"https:\/\/gmforging.com\/wp-content\/uploads\/2023\/09\/app4-495x400.jpg 495w, https:\/\/gmforging.com\/wp-content\/uploads\/2023\/09\/app4-845x684.jpg 845w\" sizes=\"(max-width: 495px) 100vw, 495px\" \/><\/div><\/div><\/div>\n<\/div><\/div>\n<style type=\"text\/css\" data-created_by=\"avia_inline_auto\" id=\"style-css-av-7xliz-e90cddf942fae2f2080ee1138ce49d9f\">\n.flex_cell.av-7xliz-e90cddf942fae2f2080ee1138ce49d9f{\nvertical-align:top;\n}\n<\/style>\n<div class='flex_cell av-7xliz-e90cddf942fae2f2080ee1138ce49d9f av-gridrow-cell av_one_half no_margin  avia-builder-el-5  el_after_av_cell_one_half  avia-builder-el-last  content-align-top'  ><div class='flex_cell_inner'><section  class='av_textblock_section av-lmxnth6h-88eb23b370d2dcb2d81c169575b1ec9e '   itemscope=\"itemscope\" itemtype=\"https:\/\/schema.org\/CreativeWork\" ><div class='avia_textblock'  itemprop=\"text\" ><p><strong>Machines industrielles<\/strong><\/p>\n<p>Notre processus de fabrication adaptable nous permet de fournir une vari\u00e9t\u00e9 diversifi\u00e9e de g\u00e9om\u00e9tries dans de nombreux mat\u00e9riaux. Chez Gm forging, nous reconnaissons l&rsquo;importance de fournir des composants fiables pour les machines industrielles et les \u00e9quipements lourds, qui jouent un r\u00f4le essentiel dans le maintien des industries cruciales telles que la production d&rsquo;acier, la transformation des aliments et les services de sant\u00e9.<\/p>\n<ul>\n<li>\u00c9quipement de manutention(Anneaux forg\u00e9s,  anneaux profil\u00e9s, disques et composants \u00e0 fili\u00e8re ouverte)<\/li>\n<li>Pompes et Vannes(Anneaux lamin\u00e9s et disques pour pompes et vannes)<\/li>\n<li>Transmissions(Anneaux et pi\u00e8ces forg\u00e9es \u00e0 fili\u00e8re ouverte pour engrenages, tourillons, pignons)<\/li>\n<li>\u00c9quipement rotatif(Grands pneus, tourillons, engrenages, rouleaux, arbres, pignons)<\/li>\n<li>\u00c9changeurs de chaleur ; R\u00e9servoirs sous pression (Brides)<\/li>\n<\/ul>\n<\/div><\/section>\n<\/div><\/div><\/div><\/p>\n","protected":false},"excerpt":{"rendered":"","protected":false},"author":1,"featured_media":0,"parent":0,"menu_order":0,"comment_status":"closed","ping_status":"closed","template":"","meta":{"om_disable_all_campaigns":false,"_monsterinsights_skip_tracking":false,"_monsterinsights_sitenote_active":false,"_monsterinsights_sitenote_note":"","_monsterinsights_sitenote_category":0,"footnotes":""},"class_list":["post-1061","page","type-page","status-publish","hentry"],"aioseo_notices":[],"_links":{"self":[{"href":"https:\/\/gmforging.com\/fr\/index.php\/wp-json\/wp\/v2\/pages\/1061","targetHints":{"allow":["GET"]}}],"collection":[{"href":"https:\/\/gmforging.com\/fr\/index.php\/wp-json\/wp\/v2\/pages"}],"about":[{"href":"https:\/\/gmforging.com\/fr\/index.php\/wp-json\/wp\/v2\/types\/page"}],"author":[{"embeddable":true,"href":"https:\/\/gmforging.com\/fr\/index.php\/wp-json\/wp\/v2\/users\/1"}],"replies":[{"embeddable":true,"href":"https:\/\/gmforging.com\/fr\/index.php\/wp-json\/wp\/v2\/comments?post=1061"}],"version-history":[{"count":2,"href":"https:\/\/gmforging.com\/fr\/index.php\/wp-json\/wp\/v2\/pages\/1061\/revisions"}],"predecessor-version":[{"id":1063,"href":"https:\/\/gmforging.com\/fr\/index.php\/wp-json\/wp\/v2\/pages\/1061\/revisions\/1063"}],"wp:attachment":[{"href":"https:\/\/gmforging.com\/fr\/index.php\/wp-json\/wp\/v2\/media?parent=1061"}],"curies":[{"name":"wp","href":"https:\/\/api.w.org\/{rel}","templated":true}]}}