{"id":1037,"date":"2023-09-24T16:54:44","date_gmt":"2023-09-24T15:54:44","guid":{"rendered":"https:\/\/gmforging.com\/index.php\/construction-et-exploitation-miniere\/"},"modified":"2023-10-15T23:15:06","modified_gmt":"2023-10-15T22:15:06","slug":"construction-et-exploitation-miniere","status":"publish","type":"page","link":"https:\/\/gmforging.com\/fr\/index.php\/construction-et-exploitation-miniere\/","title":{"rendered":"Construction et Exploitation Mini\u00e8re"},"content":{"rendered":"<div id='av-layout-grid-1'  class='av-layout-grid-container av-peml9-be6a459e9d17ee7d7b56e98bb391b95f entry-content-wrapper main_color av-flex-cells  avia-builder-el-0  el_before_av_layout_row  avia-builder-el-first   container_wrap fullsize'  >\n\n<style type=\"text\/css\" data-created_by=\"avia_inline_auto\" id=\"style-css-av-lmxnvn0v-9595c0e7d94034b65a219b987d3bab16\">\n.flex_cell.av-lmxnvn0v-9595c0e7d94034b65a219b987d3bab16{\nvertical-align:top;\nbackground-color:#f49919;\n}\n.responsive #top #wrap_all .flex_cell.av-lmxnvn0v-9595c0e7d94034b65a219b987d3bab16{\npadding:10px 10px 10px 10px !important;\n}\n<\/style>\n<div class='flex_cell av-lmxnvn0v-9595c0e7d94034b65a219b987d3bab16 av-gridrow-cell av_one_full no_margin  avia-builder-el-1  avia-builder-el-no-sibling  content-align-top'  ><div class='flex_cell_inner'><\/div><\/div>\n<\/div>\n<div id='av-layout-grid-2'  class='av-layout-grid-container av-ije4l-bcfce2243ff49cf931f49d693377333b entry-content-wrapper main_color av-flex-cells  avia-builder-el-2  el_after_av_layout_row  avia-builder-el-last  grid-row-not-first  container_wrap fullsize'  >\n\n<style type=\"text\/css\" data-created_by=\"avia_inline_auto\" id=\"style-css-av-cr5zh-e50c9e898f260969ea3d4ec886990974\">\n.flex_cell.av-cr5zh-e50c9e898f260969ea3d4ec886990974{\nvertical-align:top;\n}\n<\/style>\n<div class='flex_cell av-cr5zh-e50c9e898f260969ea3d4ec886990974 av-gridrow-cell av_one_half no_margin  avia-builder-el-3  el_before_av_cell_one_half  avia-builder-el-first  content-align-top'  ><div class='flex_cell_inner'>\n<style type=\"text\/css\" data-created_by=\"avia_inline_auto\" id=\"style-css-av-lmxnvx2x-ddd07b351584ceb6ba37f3cbbf3f6f8b\">\n.avia-image-container.av-lmxnvx2x-ddd07b351584ceb6ba37f3cbbf3f6f8b img.avia_image{\nbox-shadow:none;\n}\n.avia-image-container.av-lmxnvx2x-ddd07b351584ceb6ba37f3cbbf3f6f8b .av-image-caption-overlay-center{\ncolor:#ffffff;\n}\n<\/style>\n<div  class='avia-image-container av-lmxnvx2x-ddd07b351584ceb6ba37f3cbbf3f6f8b av-styling- avia-align-center  avia-builder-el-4  avia-builder-el-no-sibling '   itemprop=\"image\" itemscope=\"itemscope\" itemtype=\"https:\/\/schema.org\/ImageObject\" ><div class=\"avia-image-container-inner\"><div class=\"avia-image-overlay-wrap\"><img decoding=\"async\" fetchpriority=\"high\" class='wp-image-764 avia-img-lazy-loading-not-764 avia_image ' src=\"https:\/\/gmforging.com\/wp-content\/uploads\/2023\/09\/app5-495x400.jpg\" alt='Wind farm, Overlooking Columbia River' title='Wind farm,  overlooking Columbia River.'  height=\"400\" width=\"495\"  itemprop=\"thumbnailUrl\" srcset=\"https:\/\/gmforging.com\/wp-content\/uploads\/2023\/09\/app5-495x400.jpg 495w, https:\/\/gmforging.com\/wp-content\/uploads\/2023\/09\/app5-845x684.jpg 845w\" sizes=\"(max-width: 495px) 100vw, 495px\" \/><\/div><\/div><\/div>\n<\/div><\/div>\n<style type=\"text\/css\" data-created_by=\"avia_inline_auto\" id=\"style-css-av-bhxwd-9f04cf2302954603c6975ce0ce080b3d\">\n.flex_cell.av-bhxwd-9f04cf2302954603c6975ce0ce080b3d{\nvertical-align:top;\n}\n<\/style>\n<div class='flex_cell av-bhxwd-9f04cf2302954603c6975ce0ce080b3d av-gridrow-cell av_one_half no_margin  avia-builder-el-5  el_after_av_cell_one_half  avia-builder-el-last  content-align-top'  ><div class='flex_cell_inner'><section  class='av_textblock_section av-lmxnxbcn-0dc7bdbeb0e9b1d8fb84be1fccaaa137 '   itemscope=\"itemscope\" itemtype=\"https:\/\/schema.org\/CreativeWork\" ><div class='avia_textblock'  itemprop=\"text\" ><p><strong>Construction et Exploitation Mini\u00e8re<\/strong><\/p>\n<p>Les industries de la construction et de l&rsquo;exploitation mini\u00e8re exercent une influence significative sur la pr\u00e9servation et l&rsquo;am\u00e9lioration de nos routines quotidiennes. Chez Gmforging, nous nous sp\u00e9cialisons dans la fourniture de pi\u00e8ces forg\u00e9es de premier ordre essentielles pour les machines en surface et souterraines. Nos offres englobent la flexibilit\u00e9 et l&rsquo;adaptabilit\u00e9 pour r\u00e9pondre aux besoins de remplacement ainsi qu&rsquo;aux exigences de production en grande quantit\u00e9..<\/p>\n<p><strong>Camions Miniers<\/strong> (Barres\/Pistons)<br \/>\n<strong>Pelles (<\/strong>Engrenages de pivotement, chemins de roulement, \u00e9bauches de bague porteuse, jante<strong>)<br \/>\n<\/strong><strong>Niveleuses<\/strong> (<br \/>\nCercle, jantes, entra\u00eenement de broche)<br \/>\n<strong>Chargeuses sur pneus<\/strong>(Entra\u00eenement de broche, treuils)<\/p>\n<\/div><\/section>\n<\/div><\/div><\/div>\n","protected":false},"excerpt":{"rendered":"","protected":false},"author":1,"featured_media":0,"parent":0,"menu_order":0,"comment_status":"closed","ping_status":"closed","template":"","meta":{"om_disable_all_campaigns":false,"_monsterinsights_skip_tracking":false,"_monsterinsights_sitenote_active":false,"_monsterinsights_sitenote_note":"","_monsterinsights_sitenote_category":0,"footnotes":""},"class_list":["post-1037","page","type-page","status-publish","hentry"],"aioseo_notices":[],"_links":{"self":[{"href":"https:\/\/gmforging.com\/fr\/index.php\/wp-json\/wp\/v2\/pages\/1037","targetHints":{"allow":["GET"]}}],"collection":[{"href":"https:\/\/gmforging.com\/fr\/index.php\/wp-json\/wp\/v2\/pages"}],"about":[{"href":"https:\/\/gmforging.com\/fr\/index.php\/wp-json\/wp\/v2\/types\/page"}],"author":[{"embeddable":true,"href":"https:\/\/gmforging.com\/fr\/index.php\/wp-json\/wp\/v2\/users\/1"}],"replies":[{"embeddable":true,"href":"https:\/\/gmforging.com\/fr\/index.php\/wp-json\/wp\/v2\/comments?post=1037"}],"version-history":[{"count":2,"href":"https:\/\/gmforging.com\/fr\/index.php\/wp-json\/wp\/v2\/pages\/1037\/revisions"}],"predecessor-version":[{"id":1039,"href":"https:\/\/gmforging.com\/fr\/index.php\/wp-json\/wp\/v2\/pages\/1037\/revisions\/1039"}],"wp:attachment":[{"href":"https:\/\/gmforging.com\/fr\/index.php\/wp-json\/wp\/v2\/media?parent=1037"}],"curies":[{"name":"wp","href":"https:\/\/api.w.org\/{rel}","templated":true}]}}