{"id":1025,"date":"2023-09-16T12:47:58","date_gmt":"2023-09-16T11:47:58","guid":{"rendered":"https:\/\/gmforging.com\/index.php\/four-de-recuit\/"},"modified":"2023-10-15T23:07:05","modified_gmt":"2023-10-15T22:07:05","slug":"four-de-recuit","status":"publish","type":"page","link":"https:\/\/gmforging.com\/fr\/index.php\/four-de-recuit\/","title":{"rendered":"Four de recuit"},"content":{"rendered":"\n<style type=\"text\/css\" data-created_by=\"avia_inline_auto\" id=\"style-css-av-lmm0s2gm-63106bed46911b839c1f5d07202a07b3\">\n.avia-section.av-lmm0s2gm-63106bed46911b839c1f5d07202a07b3{\nbackground-repeat:no-repeat;\nbackground-image:url(https:\/\/gmforging.com\/wp-content\/uploads\/2023\/09\/Annealing-Furnace.jpg);\nbackground-position:50% 50%;\nbackground-attachment:scroll;\n}\n.avia-section.av-lmm0s2gm-63106bed46911b839c1f5d07202a07b3 .av-section-color-overlay{\nopacity:0.2;\nbackground-color:#edae44;\n}\n<\/style>\n<div id='av_section_1'  class='avia-section av-lmm0s2gm-63106bed46911b839c1f5d07202a07b3 main_color avia-section-default avia-no-border-styling  avia-builder-el-0  el_before_av_one_full  avia-builder-el-first  avia-full-stretch avia-bg-style-scroll av-section-color-overlay-active av-minimum-height av-minimum-height-50 av-height-50  container_wrap fullsize'  data-section-bg-repeat='stretch' data-av_minimum_height_pc='50' data-av_min_height_opt='50'><div class=\"av-section-color-overlay-wrap\"><div class=\"av-section-color-overlay\"><\/div><div class='container av-section-cont-open' ><main  role=\"main\" itemprop=\"mainContentOfPage\"  class='template-page content  av-content-full alpha units'><div class='post-entry post-entry-type-page post-entry-1025'><div class='entry-content-wrapper clearfix'><\/div><\/div><\/main><!-- close content main element --><\/div><\/div><\/div><div id='after_section_1'  class='main_color av_default_container_wrap container_wrap fullsize'  ><div class='container av-section-cont-open' ><div class='template-page content  av-content-full alpha units'><div class='post-entry post-entry-type-page post-entry-1025'><div class='entry-content-wrapper clearfix'>\n<div  class='flex_column av-7zluf-26a4c1067e467de739924cc710f034c9 av_one_full  avia-builder-el-1  el_after_av_section  avia-builder-el-no-sibling  first flex_column_div  '     ><section  class='av_textblock_section av-lmm0r9ga-55f822f65dbc434bf5857908b4592feb '   itemscope=\"itemscope\" itemtype=\"https:\/\/schema.org\/CreativeWork\" ><div class='avia_textblock'  itemprop=\"text\" ><p>Un four de recuit est un type de four principalement utilis\u00e9 pour le processus de traitement thermique appel\u00e9 recuit. Le recuit est une technique de traitement thermique utilis\u00e9e pour modifier les propri\u00e9t\u00e9s physiques et m\u00e9caniques des mat\u00e9riaux, en particulier des m\u00e9taux et des alliages, en les chauffant \u00e0 une temp\u00e9rature sp\u00e9cifique puis en les refroidissant \u00e0 un taux contr\u00f4l\u00e9. Les objectifs cl\u00e9s du recuit comprennent la r\u00e9duction de la duret\u00e9, l&rsquo;am\u00e9lioration de la ductilit\u00e9 et le soulagement des contraintes internes dans le mat\u00e9riau.<\/p>\n<p>\u00ab\u00a0Notre installation comprend un four de recuit d&rsquo;une longueur de 2 m\u00e8tres, d&rsquo;une largeur de 2 m\u00e8tres, d&rsquo;une hauteur de 2,5 m\u00e8tres et d&rsquo;une capacit\u00e9 de chauffage capable d&rsquo;atteindre des temp\u00e9ratures allant jusqu&rsquo;\u00e0 1250\u00b0C. Ce four fonctionne au gaz naturel et est \u00e9quip\u00e9 de fonctionnalit\u00e9s avanc\u00e9es, y compris des capacit\u00e9s de mesure graphique et de dessin.\u00a0\u00bb<\/p>\n<\/div><\/section><\/div>\n","protected":false},"excerpt":{"rendered":"","protected":false},"author":1,"featured_media":0,"parent":0,"menu_order":0,"comment_status":"closed","ping_status":"closed","template":"","meta":{"om_disable_all_campaigns":false,"_monsterinsights_skip_tracking":false,"_monsterinsights_sitenote_active":false,"_monsterinsights_sitenote_note":"","_monsterinsights_sitenote_category":0,"footnotes":""},"class_list":["post-1025","page","type-page","status-publish","hentry"],"aioseo_notices":[],"_links":{"self":[{"href":"https:\/\/gmforging.com\/fr\/index.php\/wp-json\/wp\/v2\/pages\/1025","targetHints":{"allow":["GET"]}}],"collection":[{"href":"https:\/\/gmforging.com\/fr\/index.php\/wp-json\/wp\/v2\/pages"}],"about":[{"href":"https:\/\/gmforging.com\/fr\/index.php\/wp-json\/wp\/v2\/types\/page"}],"author":[{"embeddable":true,"href":"https:\/\/gmforging.com\/fr\/index.php\/wp-json\/wp\/v2\/users\/1"}],"replies":[{"embeddable":true,"href":"https:\/\/gmforging.com\/fr\/index.php\/wp-json\/wp\/v2\/comments?post=1025"}],"version-history":[{"count":2,"href":"https:\/\/gmforging.com\/fr\/index.php\/wp-json\/wp\/v2\/pages\/1025\/revisions"}],"predecessor-version":[{"id":1027,"href":"https:\/\/gmforging.com\/fr\/index.php\/wp-json\/wp\/v2\/pages\/1025\/revisions\/1027"}],"wp:attachment":[{"href":"https:\/\/gmforging.com\/fr\/index.php\/wp-json\/wp\/v2\/media?parent=1025"}],"curies":[{"name":"wp","href":"https:\/\/api.w.org\/{rel}","templated":true}]}}