{"id":1250,"date":"2023-09-24T16:53:12","date_gmt":"2023-09-24T15:53:12","guid":{"rendered":"https:\/\/gmforging.com\/index.php\/energia-eolica\/"},"modified":"2023-10-17T12:58:59","modified_gmt":"2023-10-17T11:58:59","slug":"energia-eolica","status":"publish","type":"page","link":"https:\/\/gmforging.com\/es\/index.php\/energia-eolica\/","title":{"rendered":"Energ\u00eda e\u00f3lica"},"content":{"rendered":"<div id='av-layout-grid-1'  class='av-layout-grid-container av-s543x-fd16facba84141ca2cc0ca0f5c5dc39c entry-content-wrapper main_color av-flex-cells  avia-builder-el-0  el_before_av_layout_row  avia-builder-el-first   container_wrap fullsize'  >\n\n<style type=\"text\/css\" data-created_by=\"avia_inline_auto\" id=\"style-css-av-lmxnc5v4-b1c0aca982fdb575c72f48efac660ee4\">\n.flex_cell.av-lmxnc5v4-b1c0aca982fdb575c72f48efac660ee4{\nvertical-align:top;\nbackground-color:#f49919;\n}\n.responsive #top #wrap_all .flex_cell.av-lmxnc5v4-b1c0aca982fdb575c72f48efac660ee4{\npadding:10px 10px 10px 10px !important;\n}\n<\/style>\n<div class='flex_cell av-lmxnc5v4-b1c0aca982fdb575c72f48efac660ee4 av-gridrow-cell av_one_full no_margin  avia-builder-el-1  avia-builder-el-no-sibling  content-align-top'  ><div class='flex_cell_inner'><\/div><\/div>\n<\/div>\n<div id='av-layout-grid-2'  class='av-layout-grid-container av-k0hdx-6d9824b9fb2dcdc6da1efbe4dd9b63f0 entry-content-wrapper main_color av-flex-cells  avia-builder-el-2  el_after_av_layout_row  avia-builder-el-last  grid-row-not-first  container_wrap fullsize'  >\n<div class='flex_cell av-efqj9-a216029b228b1e4d851a4bef37745cb7 av-gridrow-cell av_one_half no_margin  avia-builder-el-3  el_before_av_cell_one_half  avia-builder-el-first '  ><div class='flex_cell_inner'>\n<style type=\"text\/css\" data-created_by=\"avia_inline_auto\" id=\"style-css-av-lmxnbqsn-9257743f2db077c52cd0352ff614aea3\">\n.avia-image-container.av-lmxnbqsn-9257743f2db077c52cd0352ff614aea3 img.avia_image{\nbox-shadow:none;\n}\n.avia-image-container.av-lmxnbqsn-9257743f2db077c52cd0352ff614aea3 .av-image-caption-overlay-center{\ncolor:#ffffff;\n}\n<\/style>\n<div  class='avia-image-container av-lmxnbqsn-9257743f2db077c52cd0352ff614aea3 av-styling- avia-align-center  avia-builder-el-4  avia-builder-el-no-sibling '   itemprop=\"image\" itemscope=\"itemscope\" itemtype=\"https:\/\/schema.org\/ImageObject\" ><div class=\"avia-image-container-inner\"><div class=\"avia-image-overlay-wrap\"><img decoding=\"async\" fetchpriority=\"high\" class='wp-image-747 avia-img-lazy-loading-not-747 avia_image ' src=\"https:\/\/gmforging.com\/wp-content\/uploads\/2023\/09\/app1-495x400.jpg\" alt='Wind farm, Overlooking Columbia River' title='Wind farm,  overlooking Columbia River.'  height=\"400\" width=\"495\"  itemprop=\"thumbnailUrl\" srcset=\"https:\/\/gmforging.com\/wp-content\/uploads\/2023\/09\/app1-495x400.jpg 495w, https:\/\/gmforging.com\/wp-content\/uploads\/2023\/09\/app1-845x684.jpg 845w\" sizes=\"(max-width: 495px) 100vw, 495px\" \/><\/div><\/div><\/div>\n<\/div><\/div><div class='flex_cell av-9vll1-fa7963f16bb0b6528248c40becba6fad av-gridrow-cell av_one_half no_margin  avia-builder-el-5  el_after_av_cell_one_half  avia-builder-el-last '  ><div class='flex_cell_inner'><section  class='av_textblock_section av-lmxnbijv-394b8d89fd6b40304797baf21f478879 '   itemscope=\"itemscope\" itemtype=\"https:\/\/schema.org\/CreativeWork\" ><div class='avia_textblock'  itemprop=\"text\" ><p><strong>Energ\u00eda E\u00f3lica<\/strong><\/p>\n<p>Las forjas de turbina e\u00f3lica son componentes utilizados en la construcci\u00f3n de aerogeneradores. Estas forjas suelen estar hechas de materiales de alta resistencia como el acero y se producen mediante un proceso de forja. La forja es un m\u00e9todo de fabricaci\u00f3n que implica calentar un material met\u00e1lico y darle forma mediante la aplicaci\u00f3n de fuerza, generalmente con el uso de matrices o martillos. Este proceso resulta en componentes forjados que son fuertes, duraderos y tienen propiedades mec\u00e1nicas mejoradas en comparaci\u00f3n con piezas fundidas o mecanizadas. Tenemos experiencia en diferentes aplicaciones con materiales como el 42CrMo4, 34CrNiMo6, 18CrNiMo7-6 y 30CrNiMo8, entre otros.<\/p>\n<ul>\n<li>Bridas<\/li>\n<li>Rodamientos<\/li>\n<li>Engranajes<\/li>\n<li>Acoplamientos<\/li>\n<li>Ejes principales<\/li>\n<\/ul>\n<\/div><\/section>\n<\/div><\/div><\/div>\n","protected":false},"excerpt":{"rendered":"","protected":false},"author":1,"featured_media":0,"parent":0,"menu_order":0,"comment_status":"closed","ping_status":"closed","template":"","meta":{"om_disable_all_campaigns":false,"_monsterinsights_skip_tracking":false,"_monsterinsights_sitenote_active":false,"_monsterinsights_sitenote_note":"","_monsterinsights_sitenote_category":0,"footnotes":""},"class_list":["post-1250","page","type-page","status-publish","hentry"],"aioseo_notices":[],"_links":{"self":[{"href":"https:\/\/gmforging.com\/es\/index.php\/wp-json\/wp\/v2\/pages\/1250","targetHints":{"allow":["GET"]}}],"collection":[{"href":"https:\/\/gmforging.com\/es\/index.php\/wp-json\/wp\/v2\/pages"}],"about":[{"href":"https:\/\/gmforging.com\/es\/index.php\/wp-json\/wp\/v2\/types\/page"}],"author":[{"embeddable":true,"href":"https:\/\/gmforging.com\/es\/index.php\/wp-json\/wp\/v2\/users\/1"}],"replies":[{"embeddable":true,"href":"https:\/\/gmforging.com\/es\/index.php\/wp-json\/wp\/v2\/comments?post=1250"}],"version-history":[{"count":2,"href":"https:\/\/gmforging.com\/es\/index.php\/wp-json\/wp\/v2\/pages\/1250\/revisions"}],"predecessor-version":[{"id":1252,"href":"https:\/\/gmforging.com\/es\/index.php\/wp-json\/wp\/v2\/pages\/1250\/revisions\/1252"}],"wp:attachment":[{"href":"https:\/\/gmforging.com\/es\/index.php\/wp-json\/wp\/v2\/media?parent=1250"}],"curies":[{"name":"wp","href":"https:\/\/api.w.org\/{rel}","templated":true}]}}