{"id":1238,"date":"2023-09-16T12:45:45","date_gmt":"2023-09-16T11:45:45","guid":{"rendered":"https:\/\/gmforging.com\/index.php\/temple\/"},"modified":"2023-10-17T12:55:03","modified_gmt":"2023-10-17T11:55:03","slug":"temple","status":"publish","type":"page","link":"https:\/\/gmforging.com\/es\/index.php\/temple\/","title":{"rendered":"Temple"},"content":{"rendered":"\n<style type=\"text\/css\" data-created_by=\"avia_inline_auto\" id=\"style-css-av-lmm0dehq-b4a659e07c68a02408483a261ad15347\">\n.avia-section.av-lmm0dehq-b4a659e07c68a02408483a261ad15347{\nbackground-repeat:no-repeat;\nbackground-image:url(https:\/\/gmforging.com\/wp-content\/uploads\/2023\/09\/tempering.jpg);\nbackground-position:0% 0%;\nbackground-attachment:scroll;\n}\n<\/style>\n<div id='av_section_1'  class='avia-section av-lmm0dehq-b4a659e07c68a02408483a261ad15347 main_color avia-section-default avia-no-border-styling  avia-builder-el-0  el_before_av_one_full  avia-builder-el-first  avia-full-stretch avia-bg-style-scroll av-minimum-height av-minimum-height-50 av-height-50  container_wrap fullsize'  data-section-bg-repeat='stretch' data-av_minimum_height_pc='50' data-av_min_height_opt='50'><div class='container av-section-cont-open' ><main  role=\"main\" itemprop=\"mainContentOfPage\"  class='template-page content  av-content-full alpha units'><div class='post-entry post-entry-type-page post-entry-1238'><div class='entry-content-wrapper clearfix'>\n<\/div><\/div><\/main><!-- close content main element --><\/div><\/div><div id='after_section_1'  class='main_color av_default_container_wrap container_wrap fullsize'  ><div class='container av-section-cont-open' ><div class='template-page content  av-content-full alpha units'><div class='post-entry post-entry-type-page post-entry-1238'><div class='entry-content-wrapper clearfix'><div  class='flex_column av-bqw7l-d720117775069d84dc7e6b23085fd25f av_one_full  avia-builder-el-1  el_after_av_section  avia-builder-el-no-sibling  first flex_column_div  '     ><section  class='av_textblock_section av-lmm0b7ar-d01ce779eccbad1687a08bf3502dde3e '   itemscope=\"itemscope\" itemtype=\"https:\/\/schema.org\/CreativeWork\" ><div class='avia_textblock'  itemprop=\"text\" ><p>Contamos con un horno el\u00e9ctrico de 2 metros por 2,5 metros por 7,5 metros equipado con una capacidad de calentamiento capaz de alcanzar temperaturas de hasta 1250\u00b0C. Este horno funciona con gas natural y est\u00e1 equipado con un sistema automatizado de control de temperatura que abarca ocho pisos. Dentro de nuestro horno controlado electr\u00f3nicamente, tenemos la capacidad de llevar a cabo una amplia gama de procesos de tratamiento t\u00e9rmico, incluyendo temple en aceite, temple en agua (Q+T), alivio de tensiones, alivio de tensiones por soldadura, revenido, recocido de difusi\u00f3n, ablandamiento, normalizaci\u00f3n y m\u00e1s. Nuestro horno tambi\u00e9n est\u00e1 equipado con capacidades de medici\u00f3n gr\u00e1fica y dibujo instant\u00e1neo.<\/p>\n<\/div><\/section><\/div><\/p>\n","protected":false},"excerpt":{"rendered":"","protected":false},"author":1,"featured_media":0,"parent":0,"menu_order":0,"comment_status":"closed","ping_status":"closed","template":"","meta":{"om_disable_all_campaigns":false,"_monsterinsights_skip_tracking":false,"_monsterinsights_sitenote_active":false,"_monsterinsights_sitenote_note":"","_monsterinsights_sitenote_category":0,"footnotes":""},"class_list":["post-1238","page","type-page","status-publish","hentry"],"aioseo_notices":[],"_links":{"self":[{"href":"https:\/\/gmforging.com\/es\/index.php\/wp-json\/wp\/v2\/pages\/1238","targetHints":{"allow":["GET"]}}],"collection":[{"href":"https:\/\/gmforging.com\/es\/index.php\/wp-json\/wp\/v2\/pages"}],"about":[{"href":"https:\/\/gmforging.com\/es\/index.php\/wp-json\/wp\/v2\/types\/page"}],"author":[{"embeddable":true,"href":"https:\/\/gmforging.com\/es\/index.php\/wp-json\/wp\/v2\/users\/1"}],"replies":[{"embeddable":true,"href":"https:\/\/gmforging.com\/es\/index.php\/wp-json\/wp\/v2\/comments?post=1238"}],"version-history":[{"count":2,"href":"https:\/\/gmforging.com\/es\/index.php\/wp-json\/wp\/v2\/pages\/1238\/revisions"}],"predecessor-version":[{"id":1240,"href":"https:\/\/gmforging.com\/es\/index.php\/wp-json\/wp\/v2\/pages\/1238\/revisions\/1240"}],"wp:attachment":[{"href":"https:\/\/gmforging.com\/es\/index.php\/wp-json\/wp\/v2\/media?parent=1238"}],"curies":[{"name":"wp","href":"https:\/\/api.w.org\/{rel}","templated":true}]}}