{"id":1226,"date":"2023-09-16T12:47:28","date_gmt":"2023-09-16T11:47:28","guid":{"rendered":"https:\/\/gmforging.com\/index.php\/recocido-de-alivio-de-tensiones\/"},"modified":"2023-10-17T12:35:27","modified_gmt":"2023-10-17T11:35:27","slug":"recocido-de-alivio-de-tensiones","status":"publish","type":"page","link":"https:\/\/gmforging.com\/es\/index.php\/recocido-de-alivio-de-tensiones\/","title":{"rendered":"Recocido de Alivio de Tensiones"},"content":{"rendered":"\n<style type=\"text\/css\" data-created_by=\"avia_inline_auto\" id=\"style-css-av-lmm0nkgc-b095e625a75505f36569e56d1c869f36\">\n.avia-section.av-lmm0nkgc-b095e625a75505f36569e56d1c869f36{\nbackground-repeat:no-repeat;\nbackground-image:url(https:\/\/gmforging.com\/wp-content\/uploads\/2023\/09\/stress-relief-annealing.jpg);\nbackground-position:50% 50%;\nbackground-attachment:scroll;\n}\n<\/style>\n<div id='av_section_1'  class='avia-section av-lmm0nkgc-b095e625a75505f36569e56d1c869f36 main_color avia-section-default avia-no-border-styling  avia-builder-el-0  el_before_av_one_full  avia-builder-el-first  avia-full-stretch avia-bg-style-scroll av-minimum-height av-minimum-height-50 av-height-50  container_wrap fullsize'  data-section-bg-repeat='stretch' data-av_minimum_height_pc='50' data-av_min_height_opt='50'><div class='container av-section-cont-open' ><main  role=\"main\" itemprop=\"mainContentOfPage\"  class='template-page content  av-content-full alpha units'><div class='post-entry post-entry-type-page post-entry-1226'><div class='entry-content-wrapper clearfix'><\/div><\/div><\/main><!-- close content main element --><\/div><\/div><div id='after_section_1'  class='main_color av_default_container_wrap container_wrap fullsize'  ><div class='container av-section-cont-open' ><div class='template-page content  av-content-full alpha units'><div class='post-entry post-entry-type-page post-entry-1226'><div class='entry-content-wrapper clearfix'>\n<div  class='flex_column av-arp8l-8fe73b5dd2127c79e033f2d9ec398e1e av_one_full  avia-builder-el-1  el_after_av_section  avia-builder-el-no-sibling  first flex_column_div  '     ><section  class='av_textblock_section av-lmm0mnrf-2d4dc1d99fae8ac285f9aed93fe082f8 '   itemscope=\"itemscope\" itemtype=\"https:\/\/schema.org\/CreativeWork\" ><div class='avia_textblock'  itemprop=\"text\" ><p>El recocido de alivio de tensiones es un proceso de tratamiento t\u00e9rmico utilizado para reducir las tensiones internas en materiales, especialmente en metales y aleaciones, que pueden acumularse durante varios procesos de fabricaci\u00f3n, como la fundici\u00f3n, la soldadura, el mecanizado o el trabajo en fr\u00edo. El objetivo del recocido de alivio de tensiones es mejorar las propiedades mec\u00e1nicas del material, su estabilidad dimensional y reducir el riesgo de deformaciones o fisuras.<\/p>\n<p>\u00abOperamos un horno el\u00e9ctrico tipo pozo con un di\u00e1metro de 1,5 metros y una longitud de 3 metros, junto con otra instalaci\u00f3n tipo pozo de las mismas dimensiones. Nuestras operaciones incluyen la recuperaci\u00f3n de gas natural, el revenido, el recocido de alivio de tensiones y procesos de normalizaci\u00f3n. Adem\u00e1s de estas instalaciones, contamos con un tanque de aceite tipo pozo de 6 toneladas y un tanque de agua.<\/p>\n<\/div><\/section><\/div>\n","protected":false},"excerpt":{"rendered":"","protected":false},"author":1,"featured_media":0,"parent":0,"menu_order":0,"comment_status":"closed","ping_status":"closed","template":"","meta":{"om_disable_all_campaigns":false,"_monsterinsights_skip_tracking":false,"_monsterinsights_sitenote_active":false,"_monsterinsights_sitenote_note":"","_monsterinsights_sitenote_category":0,"footnotes":""},"class_list":["post-1226","page","type-page","status-publish","hentry"],"aioseo_notices":[],"_links":{"self":[{"href":"https:\/\/gmforging.com\/es\/index.php\/wp-json\/wp\/v2\/pages\/1226","targetHints":{"allow":["GET"]}}],"collection":[{"href":"https:\/\/gmforging.com\/es\/index.php\/wp-json\/wp\/v2\/pages"}],"about":[{"href":"https:\/\/gmforging.com\/es\/index.php\/wp-json\/wp\/v2\/types\/page"}],"author":[{"embeddable":true,"href":"https:\/\/gmforging.com\/es\/index.php\/wp-json\/wp\/v2\/users\/1"}],"replies":[{"embeddable":true,"href":"https:\/\/gmforging.com\/es\/index.php\/wp-json\/wp\/v2\/comments?post=1226"}],"version-history":[{"count":2,"href":"https:\/\/gmforging.com\/es\/index.php\/wp-json\/wp\/v2\/pages\/1226\/revisions"}],"predecessor-version":[{"id":1228,"href":"https:\/\/gmforging.com\/es\/index.php\/wp-json\/wp\/v2\/pages\/1226\/revisions\/1228"}],"wp:attachment":[{"href":"https:\/\/gmforging.com\/es\/index.php\/wp-json\/wp\/v2\/media?parent=1226"}],"curies":[{"name":"wp","href":"https:\/\/api.w.org\/{rel}","templated":true}]}}