{"id":1214,"date":"2023-09-16T12:49:09","date_gmt":"2023-09-16T11:49:09","guid":{"rendered":"https:\/\/gmforging.com\/index.php\/unidades-de-limpieza-de-barras-de-acero\/"},"modified":"2023-10-17T12:28:21","modified_gmt":"2023-10-17T11:28:21","slug":"unidades-de-limpieza-de-barras-de-acero","status":"publish","type":"page","link":"https:\/\/gmforging.com\/es\/index.php\/unidades-de-limpieza-de-barras-de-acero\/","title":{"rendered":"Unidades de Limpieza de Barras de Acero"},"content":{"rendered":"\n<style type=\"text\/css\" data-created_by=\"avia_inline_auto\" id=\"style-css-av-lmm0x7nv-20a9f970381b6a881dcc9719f923c2b3\">\n.avia-section.av-lmm0x7nv-20a9f970381b6a881dcc9719f923c2b3{\nbackground-repeat:no-repeat;\nbackground-image:url(https:\/\/gmforging.com\/wp-content\/uploads\/2023\/09\/Steel-Ball-Cleaning-Units.jpg);\nbackground-position:50% 50%;\nbackground-attachment:scroll;\n}\n.avia-section.av-lmm0x7nv-20a9f970381b6a881dcc9719f923c2b3 .av-section-color-overlay{\nopacity:0.7;\nbackground-color:#c6c6c6;\n}\n<\/style>\n<div id='av_section_1'  class='avia-section av-lmm0x7nv-20a9f970381b6a881dcc9719f923c2b3 main_color avia-section-default avia-no-border-styling  avia-builder-el-0  el_before_av_one_full  avia-builder-el-first  avia-full-stretch avia-bg-style-scroll av-section-color-overlay-active av-minimum-height av-minimum-height-50 av-height-50  container_wrap fullsize'  data-section-bg-repeat='stretch' data-av_minimum_height_pc='50' data-av_min_height_opt='50'><div class=\"av-section-color-overlay-wrap\"><div class=\"av-section-color-overlay\"><\/div><div class='container av-section-cont-open' ><main  role=\"main\" itemprop=\"mainContentOfPage\"  class='template-page content  av-content-full alpha units'><div class='post-entry post-entry-type-page post-entry-1214'><div class='entry-content-wrapper clearfix'><\/div><\/div><\/main><!-- close content main element --><\/div><\/div><\/div><div id='after_section_1'  class='main_color av_default_container_wrap container_wrap fullsize'  ><div class='container av-section-cont-open' ><div class='template-page content  av-content-full alpha units'><div class='post-entry post-entry-type-page post-entry-1214'><div class='entry-content-wrapper clearfix'>\n<div  class='flex_column av-9479l-03c3829e5a74c51176ecb7bb989e8fb6 av_one_full  avia-builder-el-1  el_after_av_section  avia-builder-el-no-sibling  first flex_column_div  '     ><section  class='av_textblock_section av-lmm0wgiu-c1ceafc60cfe82b01c54ff2669905af5 '   itemscope=\"itemscope\" itemtype=\"https:\/\/schema.org\/CreativeWork\" ><div class='avia_textblock'  itemprop=\"text\" ><p>Las unidades de limpieza de bolas de acero, tambi\u00e9n conocidas como sistemas de limpieza de bolas de acero o m\u00e1quinas de granallado, son equipos industriales utilizados para la preparaci\u00f3n de superficies y la limpieza de diversos tipos de materiales, en particular componentes y estructuras met\u00e1licas. Estas unidades utilizan bolas de acero o perdigones como medios abrasivos para eliminar contaminantes, incrustaciones, \u00f3xido, recubrimientos antiguos y otras imperfecciones de la superficie de las piezas de trabajo objetivo. Las unidades de limpieza de bolas de acero se utilizan com\u00fanmente en industrias como la fabricaci\u00f3n, la construcci\u00f3n, la automoci\u00f3n y la aeroespacial, donde superficies limpias y bien preparadas son esenciales para procesos posteriores como la pintura, el recubrimiento, la soldadura o la inspecci\u00f3n.<\/p>\n<p>Nuestras instalaciones incluyen una operaci\u00f3n de limpieza de bolas de acero dedicada con dimensiones de 4000 x 5000 x 8000 mm. Esta moderna instalaci\u00f3n de limpieza est\u00e1 equipada para manejar trabajos a gran escala preparados para la pintura. Utilizando un sistema de pulverizaci\u00f3n de bolas, abordamos eficazmente la oxidaci\u00f3n que puede surgir despu\u00e9s del proceso de tratamiento t\u00e9rmico. Adem\u00e1s, nuestras operaciones cuentan con tres gabinetes de limpieza de bolas especializados, cada uno con dimensiones de 1350 x 1450 x 1450 mm.<\/p>\n<\/div><\/section><\/div>\n","protected":false},"excerpt":{"rendered":"","protected":false},"author":1,"featured_media":0,"parent":0,"menu_order":0,"comment_status":"closed","ping_status":"closed","template":"","meta":{"om_disable_all_campaigns":false,"_monsterinsights_skip_tracking":false,"_monsterinsights_sitenote_active":false,"_monsterinsights_sitenote_note":"","_monsterinsights_sitenote_category":0,"footnotes":""},"class_list":["post-1214","page","type-page","status-publish","hentry"],"aioseo_notices":[],"_links":{"self":[{"href":"https:\/\/gmforging.com\/es\/index.php\/wp-json\/wp\/v2\/pages\/1214","targetHints":{"allow":["GET"]}}],"collection":[{"href":"https:\/\/gmforging.com\/es\/index.php\/wp-json\/wp\/v2\/pages"}],"about":[{"href":"https:\/\/gmforging.com\/es\/index.php\/wp-json\/wp\/v2\/types\/page"}],"author":[{"embeddable":true,"href":"https:\/\/gmforging.com\/es\/index.php\/wp-json\/wp\/v2\/users\/1"}],"replies":[{"embeddable":true,"href":"https:\/\/gmforging.com\/es\/index.php\/wp-json\/wp\/v2\/comments?post=1214"}],"version-history":[{"count":2,"href":"https:\/\/gmforging.com\/es\/index.php\/wp-json\/wp\/v2\/pages\/1214\/revisions"}],"predecessor-version":[{"id":1216,"href":"https:\/\/gmforging.com\/es\/index.php\/wp-json\/wp\/v2\/pages\/1214\/revisions\/1216"}],"wp:attachment":[{"href":"https:\/\/gmforging.com\/es\/index.php\/wp-json\/wp\/v2\/media?parent=1214"}],"curies":[{"name":"wp","href":"https:\/\/api.w.org\/{rel}","templated":true}]}}