{"id":1202,"date":"2023-09-30T14:34:49","date_gmt":"2023-09-30T13:34:49","guid":{"rendered":"https:\/\/gmforging.com\/index.php\/cualidades\/acero-estructural\/"},"modified":"2023-10-17T12:22:54","modified_gmt":"2023-10-17T11:22:54","slug":"acero-estructural","status":"publish","type":"page","link":"https:\/\/gmforging.com\/es\/index.php\/cualidades\/acero-estructural\/","title":{"rendered":"Acero Estructural"},"content":{"rendered":"\n<style type=\"text\/css\" data-created_by=\"avia_inline_auto\" id=\"style-css-av-ln63qr30-6b8dc0ac7f92787fccc5a106b05654f9\">\n.avia-section.av-ln63qr30-6b8dc0ac7f92787fccc5a106b05654f9{\nbackground-repeat:no-repeat;\nbackground-image:url(https:\/\/gmforging.com\/wp-content\/uploads\/2023\/09\/low-angle-view-building-ceiling-1-scaled.jpg);\nbackground-position:0% 0%;\nbackground-attachment:scroll;\n}\n<\/style>\n<div id='av_section_1'  class='avia-section av-ln63qr30-6b8dc0ac7f92787fccc5a106b05654f9 main_color avia-section-default avia-no-border-styling  avia-builder-el-0  el_before_av_textblock  avia-builder-el-first  avia-full-stretch avia-bg-style-scroll av-minimum-height av-minimum-height-50 av-height-50  container_wrap fullsize'  data-section-bg-repeat='stretch' data-av_minimum_height_pc='50' data-av_min_height_opt='50'><div class='container av-section-cont-open' ><main  role=\"main\" itemprop=\"mainContentOfPage\"  class='template-page content  av-content-full alpha units'><div class='post-entry post-entry-type-page post-entry-1202'><div class='entry-content-wrapper clearfix'><\/div><\/div><\/main><!-- close content main element --><\/div><\/div><div id='after_section_1'  class='main_color av_default_container_wrap container_wrap fullsize'  ><div class='container av-section-cont-open' ><div class='template-page content  av-content-full alpha units'><div class='post-entry post-entry-type-page post-entry-1202'><div class='entry-content-wrapper clearfix'>\n<section  class='av_textblock_section av-ln63rh19-fcda036d8eccd5c82be7d6adfb319852 '   itemscope=\"itemscope\" itemtype=\"https:\/\/schema.org\/CreativeWork\" ><div class='avia_textblock'  itemprop=\"text\" ><p><strong>Acero Estructural<\/strong><\/p>\n<p><strong>Acero S355 J2G3<\/strong><\/p>\n<p>El Acero S355 J2G3 es un acero no aleado de alto rendimiento al manganeso y al carbono. Se le llama S355 debido a que la resistencia m\u00ednima promedio para este material es de 355 MPa. Como acero estructural, tiene una excelente resistencia y soldabilidad. Se puede soldar f\u00e1cilmente a otros aceros soldables. Debido a su bajo equivalente de carbono, posee buenas propiedades de conformado en fr\u00edo.<\/p>\n<p>El S355J2G3 es una clase de acero estructural de bajo contenido de carbono que se utiliza con frecuencia en aplicaciones que requieren mejores propiedades mec\u00e1nicas que las clases S275 y S235. Se utiliza ampliamente en las industrias de la ingenier\u00eda y la construcci\u00f3n.<\/p>\n<p>Las aplicaciones incluyen ejes, pernos y bielas, ejes de motores, hidr\u00e1ulicos y bombas, piezas de maquinaria, torres de transmisi\u00f3n, camiones volquete, gr\u00faas, remolques, bulldozers, excavadoras, m\u00e1quinas forestales, vagones de ferrocarril, delfines, compuertas, tuber\u00edas, puentes de carretera, estructuras de edificios, plataformas de petr\u00f3leo y gas, estructuras mar\u00edtimas, construcci\u00f3n naval, plantas de energ\u00eda, equipos y maquinaria para aceite de palma, ventiladores, bombas, equipos de elevaci\u00f3n y equipos portuarios, entre otros.<\/p>\n<p><strong>Acero ST52<\/strong><\/p>\n<p>El ST52 es un acero de bajo contenido de carbono con contenido de manganeso. Tiene una buena resistencia a los impactos y resistencia del material. Sus propiedades duraderas combinadas con facilidad de procesamiento hacen que el ST52 sea una opci\u00f3n popular para diversas industrias y aplicaciones. En cuanto a otros par\u00e1metros de resistencia f\u00edsica como la dureza superficial y la resistencia a la tracci\u00f3n, el ST52 muestra un buen rendimiento. Adem\u00e1s, el ST52 es bastante d\u00factil, lo que significa que se puede reformar pl\u00e1sticamente en las formas deseadas sin necesidad de tratamiento t\u00e9rmico.<\/p>\n<p>Es una clase de acero estandarizada en Europa, principalmente en Alemania, donde se conoce como \u00abStahl St52\u00bb o \u00abSt52 Stahl\u00bb en alem\u00e1n. En cuanto a su equivalente estadounidense, el acero ST52 corresponde al acero ASTM A572, grado 50.<\/p>\n<p>Las caracter\u00edsticas clave del acero ST52 incluyen su alta resistencia, buena soldabilidad y facilidad de mecanizado. Se utiliza com\u00fanmente en la construcci\u00f3n de edificios, puentes y otras estructuras donde se requieren materiales de alta resistencia. El acero ST52 tambi\u00e9n se emplea en la fabricaci\u00f3n de piezas de maquinaria, como cilindros hidr\u00e1ulicos, ejes y diversos componentes que deben resistir cargas pesadas y tensiones.<\/p>\n<p><strong>Acero S275JR<\/strong><\/p>\n<p>El S275JR es una clase espec\u00edfica de acero estructural de bajo contenido de carbono. La \u00abS\u00bb significa acero estructural; \u00ab275\u00bb se refiere a la resistencia m\u00ednima a la tracci\u00f3n probada con un grosor de acero \u2264 16 mm. \u00abJR\u00bb significa que el valor m\u00ednimo de impacto Charpy a temperatura ambiente es de 27 J. \u00abJ0\u00bb se refiere al valor m\u00ednimo de impacto Charpy a 0 \u00b0C, que tambi\u00e9n es de 27 J. \u00abJ2\u00bb significa que el valor m\u00ednimo de impacto a -20 \u00b0C es de 27 J.<\/p>\n<p>La elecci\u00f3n de la clase de acero depende de los requisitos espec\u00edficos del proyecto y de los elementos estructurales utilizados. Los ingenieros y dise\u00f1adores seleccionan la clase de acero adecuada en funci\u00f3n de factores como la capacidad de carga, las condiciones ambientales y la resistencia y durabilidad deseadas de la estructura.<\/p>\n<\/div><\/section>\n","protected":false},"excerpt":{"rendered":"","protected":false},"author":1,"featured_media":0,"parent":1130,"menu_order":0,"comment_status":"closed","ping_status":"closed","template":"","meta":{"om_disable_all_campaigns":false,"_monsterinsights_skip_tracking":false,"_monsterinsights_sitenote_active":false,"_monsterinsights_sitenote_note":"","_monsterinsights_sitenote_category":0,"footnotes":""},"class_list":["post-1202","page","type-page","status-publish","hentry"],"aioseo_notices":[],"_links":{"self":[{"href":"https:\/\/gmforging.com\/es\/index.php\/wp-json\/wp\/v2\/pages\/1202","targetHints":{"allow":["GET"]}}],"collection":[{"href":"https:\/\/gmforging.com\/es\/index.php\/wp-json\/wp\/v2\/pages"}],"about":[{"href":"https:\/\/gmforging.com\/es\/index.php\/wp-json\/wp\/v2\/types\/page"}],"author":[{"embeddable":true,"href":"https:\/\/gmforging.com\/es\/index.php\/wp-json\/wp\/v2\/users\/1"}],"replies":[{"embeddable":true,"href":"https:\/\/gmforging.com\/es\/index.php\/wp-json\/wp\/v2\/comments?post=1202"}],"version-history":[{"count":2,"href":"https:\/\/gmforging.com\/es\/index.php\/wp-json\/wp\/v2\/pages\/1202\/revisions"}],"predecessor-version":[{"id":1204,"href":"https:\/\/gmforging.com\/es\/index.php\/wp-json\/wp\/v2\/pages\/1202\/revisions\/1204"}],"up":[{"embeddable":true,"href":"https:\/\/gmforging.com\/es\/index.php\/wp-json\/wp\/v2\/pages\/1130"}],"wp:attachment":[{"href":"https:\/\/gmforging.com\/es\/index.php\/wp-json\/wp\/v2\/media?parent=1202"}],"curies":[{"name":"wp","href":"https:\/\/api.w.org\/{rel}","templated":true}]}}