{"id":1190,"date":"2023-09-30T14:34:17","date_gmt":"2023-09-30T13:34:17","guid":{"rendered":"https:\/\/gmforging.com\/index.php\/cualidades\/acero-para-muelles\/"},"modified":"2023-10-17T11:55:48","modified_gmt":"2023-10-17T10:55:48","slug":"acero-para-muelles","status":"publish","type":"page","link":"https:\/\/gmforging.com\/es\/index.php\/cualidades\/acero-para-muelles\/","title":{"rendered":"Acero para muelles"},"content":{"rendered":"\n<style type=\"text\/css\" data-created_by=\"avia_inline_auto\" id=\"style-css-av-ln63ob3b-8444eb40e55527d561204707dbf51e0b\">\n.avia-section.av-ln63ob3b-8444eb40e55527d561204707dbf51e0b{\nbackground-repeat:no-repeat;\nbackground-image:url(https:\/\/gmforging.com\/wp-content\/uploads\/2023\/09\/low-angle-view-building-ceiling-1-scaled.jpg);\nbackground-position:0% 0%;\nbackground-attachment:scroll;\n}\n<\/style>\n<div id='av_section_1'  class='avia-section av-ln63ob3b-8444eb40e55527d561204707dbf51e0b main_color avia-section-default avia-no-border-styling  avia-builder-el-0  el_before_av_textblock  avia-builder-el-first  avia-full-stretch avia-bg-style-scroll av-minimum-height av-minimum-height-50 av-height-50  container_wrap fullsize'  data-section-bg-repeat='stretch' data-av_minimum_height_pc='50' data-av_min_height_opt='50'><div class='container av-section-cont-open' ><main  role=\"main\" itemprop=\"mainContentOfPage\"  class='template-page content  av-content-full alpha units'><div class='post-entry post-entry-type-page post-entry-1190'><div class='entry-content-wrapper clearfix'><\/div><\/div><\/main><!-- close content main element --><\/div><\/div><div id='after_section_1'  class='main_color av_default_container_wrap container_wrap fullsize'  ><div class='container av-section-cont-open' ><div class='template-page content  av-content-full alpha units'><div class='post-entry post-entry-type-page post-entry-1190'><div class='entry-content-wrapper clearfix'>\n<section  class='av_textblock_section av-ln63pegs-45e9e70465c3a5f85e753d5be3f10673 '   itemscope=\"itemscope\" itemtype=\"https:\/\/schema.org\/CreativeWork\" ><div class='avia_textblock'  itemprop=\"text\" ><p><strong>ACERO DE RESORTE DE ALEACI\u00d3N <\/strong><br \/>\n<strong>ACERO 50CrV4<\/strong><\/p>\n<p>Este acero de resorte es adecuado para diversas aplicaciones en ingenier\u00eda mec\u00e1nica, fabricaci\u00f3n automotriz y la producci\u00f3n de piezas de engranajes, as\u00ed como en la fabricaci\u00f3n de herramientas manuales.<\/p>\n<p>La composici\u00f3n del acero 50CrV4 incluye:<\/p>\n<p>50% de Carbono (C)<br \/>\nCromo (Cr)<br \/>\nVanadio (V)<br \/>\nEl \u00ab50\u00bb en el nombre indica el porcentaje aproximado de carbono en el acero. La adici\u00f3n de cromo y vanadio mejora las propiedades del material, haci\u00e9ndolo adecuado para diversas aplicaciones, en particular en la producci\u00f3n de muelles y componentes de alto estr\u00e9s.<\/p>\n<p>El acero 50CrV4 es conocido por sus excelentes propiedades de resorte, alta resistencia y buena resistencia al desgaste. A menudo se utiliza en la fabricaci\u00f3n de muelles de l\u00e1minas, muelles helicoidales y otros tipos de muelles mec\u00e1nicos. Su capacidad para soportar cargas repetidas y su durabilidad lo convierten en una opci\u00f3n preferida en aplicaciones donde estas propiedades son cr\u00edticas. Adem\u00e1s, se puede encontrar en varios componentes de la industria automotriz e ingenier\u00eda mec\u00e1nica donde se requiere alta resistencia a la tracci\u00f3n y tenacidad.<\/p>\n<p><strong>ACERO SAE 9255<\/strong><\/p>\n<p>El AISI 9255 es un acero de resorte y herramientas de silicomanganeso con buena tenacidad y resistencia al impacto.<\/p>\n<p>El acero AISI 9255 es conocido por sus excelentes propiedades mec\u00e1nicas, incluyendo alta resistencia a la tracci\u00f3n y buena tenacidad. Debido a estas caracter\u00edsticas, se utiliza com\u00fanmente en la fabricaci\u00f3n de diversos tipos de muelles helicoidales y de l\u00e1minas, as\u00ed como en otros componentes de suspensi\u00f3n en aplicaciones automotrices y de maquinaria. Los elementos de aleaci\u00f3n, en particular el cromo, contribuyen a su resistencia y durabilidad, lo que lo hace adecuado para aplicaciones donde el material debe soportar altos niveles de estr\u00e9s y cargas repetidas.<\/p>\n<\/div><\/section>\n","protected":false},"excerpt":{"rendered":"","protected":false},"author":1,"featured_media":0,"parent":1130,"menu_order":0,"comment_status":"closed","ping_status":"closed","template":"","meta":{"om_disable_all_campaigns":false,"_monsterinsights_skip_tracking":false,"_monsterinsights_sitenote_active":false,"_monsterinsights_sitenote_note":"","_monsterinsights_sitenote_category":0,"footnotes":""},"class_list":["post-1190","page","type-page","status-publish","hentry"],"aioseo_notices":[],"_links":{"self":[{"href":"https:\/\/gmforging.com\/es\/index.php\/wp-json\/wp\/v2\/pages\/1190","targetHints":{"allow":["GET"]}}],"collection":[{"href":"https:\/\/gmforging.com\/es\/index.php\/wp-json\/wp\/v2\/pages"}],"about":[{"href":"https:\/\/gmforging.com\/es\/index.php\/wp-json\/wp\/v2\/types\/page"}],"author":[{"embeddable":true,"href":"https:\/\/gmforging.com\/es\/index.php\/wp-json\/wp\/v2\/users\/1"}],"replies":[{"embeddable":true,"href":"https:\/\/gmforging.com\/es\/index.php\/wp-json\/wp\/v2\/comments?post=1190"}],"version-history":[{"count":2,"href":"https:\/\/gmforging.com\/es\/index.php\/wp-json\/wp\/v2\/pages\/1190\/revisions"}],"predecessor-version":[{"id":1192,"href":"https:\/\/gmforging.com\/es\/index.php\/wp-json\/wp\/v2\/pages\/1190\/revisions\/1192"}],"up":[{"embeddable":true,"href":"https:\/\/gmforging.com\/es\/index.php\/wp-json\/wp\/v2\/pages\/1130"}],"wp:attachment":[{"href":"https:\/\/gmforging.com\/es\/index.php\/wp-json\/wp\/v2\/media?parent=1190"}],"curies":[{"name":"wp","href":"https:\/\/api.w.org\/{rel}","templated":true}]}}