{"id":1178,"date":"2023-09-30T14:36:27","date_gmt":"2023-09-30T13:36:27","guid":{"rendered":"https:\/\/gmforging.com\/index.php\/cualidades\/acero-templado\/"},"modified":"2023-10-16T21:26:26","modified_gmt":"2023-10-16T20:26:26","slug":"acero-templado","status":"publish","type":"page","link":"https:\/\/gmforging.com\/es\/index.php\/cualidades\/acero-templado\/","title":{"rendered":"Acero templado"},"content":{"rendered":"\n<style type=\"text\/css\" data-created_by=\"avia_inline_auto\" id=\"style-css-av-ln63kscq-f16f0d3eeb5cc04213a10fe898f646c3\">\n.avia-section.av-ln63kscq-f16f0d3eeb5cc04213a10fe898f646c3{\nbackground-repeat:no-repeat;\nbackground-image:url(https:\/\/gmforging.com\/wp-content\/uploads\/2023\/09\/low-angle-view-building-ceiling-1-scaled.jpg);\nbackground-position:0% 0%;\nbackground-attachment:scroll;\n}\n<\/style>\n<div id='av_section_1'  class='avia-section av-ln63kscq-f16f0d3eeb5cc04213a10fe898f646c3 main_color avia-section-default avia-no-border-styling  avia-builder-el-0  el_before_av_textblock  avia-builder-el-first  avia-full-stretch avia-bg-style-scroll av-minimum-height av-minimum-height-50 av-height-50  container_wrap fullsize'  data-section-bg-repeat='stretch' data-av_minimum_height_pc='50' data-av_min_height_opt='50'><div class='container av-section-cont-open' ><main  role=\"main\" itemprop=\"mainContentOfPage\"  class='template-page content  av-content-full alpha units'><div class='post-entry post-entry-type-page post-entry-1178'><div class='entry-content-wrapper clearfix'><\/div><\/div><\/main><!-- close content main element --><\/div><\/div><div id='after_section_1'  class='main_color av_default_container_wrap container_wrap fullsize'  ><div class='container av-section-cont-open' ><div class='template-page content  av-content-full alpha units'><div class='post-entry post-entry-type-page post-entry-1178'><div class='entry-content-wrapper clearfix'>\n<section  class='av_textblock_section av-ln63myj5-47c77139e6dbf88c0a35674f62811b20 '   itemscope=\"itemscope\" itemtype=\"https:\/\/schema.org\/CreativeWork\" ><div class='avia_textblock'  itemprop=\"text\" ><h3>Acero Templado<\/h3>\n<p><strong>Acero 42 CrMo4<\/strong><br \/>\nGmforging produce acero forjado 42 CrMo4 y est\u00e1 disponible para ser aserrado, cortado y entregado.<\/p>\n<p>El 42CrMo4 es un acero de baja aleaci\u00f3n de alta calidad conocido por su excelente resistencia, tenacidad y templabilidad. Este acero se utiliza a menudo en aplicaciones que requieren alta resistencia a la tracci\u00f3n y al l\u00edmite el\u00e1stico, buena resistencia al desgaste y la capacidad de mantener sus propiedades mec\u00e1nicas a temperaturas elevadas. La composici\u00f3n num\u00e9rica \u00ab42CrMo4\u00bb indica sus elementos de aleaci\u00f3n y composici\u00f3n aproximada:<\/p>\n<p>42 representa el contenido aproximado de carbono (0,42%).<\/p>\n<p>Cr representa el cromo como un elemento de aleaci\u00f3n principal.<\/p>\n<p>Mo representa el molibdeno como un elemento de aleaci\u00f3n.<\/p>\n<p>El acero de aleaci\u00f3n 1.7225 4140 (42CrMo4) se utiliza ampliamente para fines de ingenier\u00eda, como maquinaria diversa, piezas de repuesto de autom\u00f3viles, ruedas dentadas de motores, engranajes de transmisi\u00f3n de sobrealimentadores, bielas, piezas para aplicaciones de tren motriz, sujetadores conformados en fr\u00edo. Se utiliza con frecuencia en \u00e1reas como ejes, engranajes y trabajos de exploraci\u00f3n de petr\u00f3leo.<\/p>\n<p><strong>Acero 34CrNiMo6<\/strong><\/p>\n<p>Gmforging produce acero forjado 34CrNiMo6 y est\u00e1 disponible para ser aserrado, cortado y entregado.<\/p>\n<p>El 34CrNiMo6 es un acero de baja aleaci\u00f3n conocido por su alta resistencia, tenacidad y buena templabilidad. Este acero se utiliza a menudo en aplicaciones que requieren excelentes propiedades mec\u00e1nicas y resistencia al desgaste y al impacto. La composici\u00f3n num\u00e9rica \u00ab34CrNiMo6\u00bb indica sus elementos de aleaci\u00f3n y composici\u00f3n aproximada:<\/p>\n<p>34 representa el contenido aproximado de carbono (0,34%).<\/p>\n<p>Cr representa el cromo como un elemento de aleaci\u00f3n principal.<\/p>\n<p>Ni representa el n\u00edquel como un elemento de aleaci\u00f3n.<\/p>\n<p>Mo representa el molibdeno como un elemento de aleaci\u00f3n.<\/p>\n<p>El acero templado 1.6582 (AISI 4340) (34CrNiMo) es particularmente preferido en piezas de ingenier\u00eda mec\u00e1nica, cig\u00fce\u00f1ales sobrecargados, \u00e1rboles de levas y engranajes.<\/p>\n<p><strong>Acero 30CrNiMo8<\/strong><\/p>\n<p>Gmforging produce acero forjado 30CrNiMo8 y est\u00e1 disponible para ser aserrado, cortado y entregado.<\/p>\n<p>El 30CrNiMo8 es un acero de baja aleaci\u00f3n conocido por su alta resistencia, tenacidad y buena templabilidad. Este acero se utiliza com\u00fanmente en aplicaciones que requieren excelentes propiedades mec\u00e1nicas, resistencia al desgaste y al impacto, y la capacidad de ser tratado t\u00e9rmicamente para lograr niveles espec\u00edficos de dureza. La composici\u00f3n num\u00e9rica \u00ab30CrNiMo8\u00bb indica sus elementos de aleaci\u00f3n y composici\u00f3n aproximada:<\/p>\n<p>30 representa el contenido aproximado de carbono (0,30%).<\/p>\n<p>Cr representa el cromo como un elemento de aleaci\u00f3n principal.<\/p>\n<p>Ni representa el n\u00edquel como un elemento de aleaci\u00f3n.<\/p>\n<p>Mo representa el molibdeno como un elemento de aleaci\u00f3n.<\/p>\n<p>El acero 1,6580 30CrNiMo8 se utiliza para componentes automotrices y generales que requieren altas demandas de resistencia y tenacidad, as\u00ed como buena templabilidad. Es especialmente adecuado para piezas de servicio pesado en las industrias de la aviaci\u00f3n, automotriz y militar.<\/p>\n<\/div><\/section>\n","protected":false},"excerpt":{"rendered":"","protected":false},"author":1,"featured_media":0,"parent":1130,"menu_order":0,"comment_status":"closed","ping_status":"closed","template":"","meta":{"om_disable_all_campaigns":false,"_monsterinsights_skip_tracking":false,"_monsterinsights_sitenote_active":false,"_monsterinsights_sitenote_note":"","_monsterinsights_sitenote_category":0,"footnotes":""},"class_list":["post-1178","page","type-page","status-publish","hentry"],"aioseo_notices":[],"_links":{"self":[{"href":"https:\/\/gmforging.com\/es\/index.php\/wp-json\/wp\/v2\/pages\/1178","targetHints":{"allow":["GET"]}}],"collection":[{"href":"https:\/\/gmforging.com\/es\/index.php\/wp-json\/wp\/v2\/pages"}],"about":[{"href":"https:\/\/gmforging.com\/es\/index.php\/wp-json\/wp\/v2\/types\/page"}],"author":[{"embeddable":true,"href":"https:\/\/gmforging.com\/es\/index.php\/wp-json\/wp\/v2\/users\/1"}],"replies":[{"embeddable":true,"href":"https:\/\/gmforging.com\/es\/index.php\/wp-json\/wp\/v2\/comments?post=1178"}],"version-history":[{"count":2,"href":"https:\/\/gmforging.com\/es\/index.php\/wp-json\/wp\/v2\/pages\/1178\/revisions"}],"predecessor-version":[{"id":1180,"href":"https:\/\/gmforging.com\/es\/index.php\/wp-json\/wp\/v2\/pages\/1178\/revisions\/1180"}],"up":[{"embeddable":true,"href":"https:\/\/gmforging.com\/es\/index.php\/wp-json\/wp\/v2\/pages\/1130"}],"wp:attachment":[{"href":"https:\/\/gmforging.com\/es\/index.php\/wp-json\/wp\/v2\/media?parent=1178"}],"curies":[{"name":"wp","href":"https:\/\/api.w.org\/{rel}","templated":true}]}}