{"id":1166,"date":"2023-09-30T14:33:24","date_gmt":"2023-09-30T13:33:24","guid":{"rendered":"https:\/\/gmforging.com\/index.php\/cualidades\/acero-de-cementacion\/"},"modified":"2023-10-16T20:30:19","modified_gmt":"2023-10-16T19:30:19","slug":"acero-de-cementacion","status":"publish","type":"page","link":"https:\/\/gmforging.com\/es\/index.php\/cualidades\/acero-de-cementacion\/","title":{"rendered":"ACERO DE CEMENTACI\u00d3N"},"content":{"rendered":"\n<style type=\"text\/css\" data-created_by=\"avia_inline_auto\" id=\"style-css-av-ln63i6ck-f7a69ae187195ac2382b27a0a89642e6\">\n.avia-section.av-ln63i6ck-f7a69ae187195ac2382b27a0a89642e6{\nbackground-repeat:no-repeat;\nbackground-image:url(https:\/\/gmforging.com\/wp-content\/uploads\/2023\/09\/low-angle-view-building-ceiling-1-scaled.jpg);\nbackground-position:0% 0%;\nbackground-attachment:scroll;\n}\n<\/style>\n<div id='av_section_1'  class='avia-section av-ln63i6ck-f7a69ae187195ac2382b27a0a89642e6 main_color avia-section-default avia-no-border-styling  avia-builder-el-0  el_before_av_textblock  avia-builder-el-first  avia-full-stretch avia-bg-style-scroll av-minimum-height av-minimum-height-50 av-height-50  container_wrap fullsize'  data-section-bg-repeat='stretch' data-av_minimum_height_pc='50' data-av_min_height_opt='50'><div class='container av-section-cont-open' ><main  role=\"main\" itemprop=\"mainContentOfPage\"  class='template-page content  av-content-full alpha units'><div class='post-entry post-entry-type-page post-entry-1166'><div class='entry-content-wrapper clearfix'><\/div><\/div><\/main><!-- close content main element --><\/div><\/div><div id='after_section_1'  class='main_color av_default_container_wrap container_wrap fullsize'  ><div class='container av-section-cont-open' ><div class='template-page content  av-content-full alpha units'><div class='post-entry post-entry-type-page post-entry-1166'><div class='entry-content-wrapper clearfix'>\n<section  class='av_textblock_section av-ln63jq42-43969728a1c3e831a2a5359fd4d3033f '   itemscope=\"itemscope\" itemtype=\"https:\/\/schema.org\/CreativeWork\" ><div class='avia_textblock'  itemprop=\"text\" ><p><strong>ACEROS PARA CEMENTACI\u00d3N<\/strong><\/p>\n<p><strong>Acero 16 MnCr5 (1.7131)<\/strong><\/p>\n<p>El acero 16 MnCr5 (1.7131) es un acero de baja aleaci\u00f3n conocido por su buena templabilidad, resistencia y resistencia al desgaste. Este acero se utiliza com\u00fanmente en aplicaciones que requieren componentes con una combinaci\u00f3n de estas propiedades. La composici\u00f3n num\u00e9rica \u00ab16MnCr5\u00bb indica sus elementos de aleaci\u00f3n y composici\u00f3n aproximada:<\/p>\n<p>16 representa el contenido de carbono aproximado (0,16%).<br \/>\nMn representa el manganeso como un importante elemento de aleaci\u00f3n.<br \/>\nCr representa el cromo como un elemento de aleaci\u00f3n.<br \/>\n5 significa el contenido de carbono aproximado (0,5%) de cromo.<br \/>\nEl acero 16MnCr5 se utiliza com\u00fanmente en industrias como la automoci\u00f3n, la ingenier\u00eda mec\u00e1nica y la fabricaci\u00f3n de engranajes. A menudo se elige para aplicaciones como ruedas dentadas, ejes, \u00e1rboles y otros componentes donde se requiere una combinaci\u00f3n de resistencia, templabilidad y resistencia al desgaste.<\/p>\n<p>El 16MnCr5 es un acero vers\u00e1til que se puede adaptar para satisfacer requisitos espec\u00edficos de aplicaciones a trav\u00e9s de procesos de tratamiento t\u00e9rmico. Sus propiedades bien equilibradas lo hacen valioso para diversas aplicaciones en diferentes industrias, especialmente en situaciones donde los componentes deben resistir altas tensiones y el desgaste.<\/p>\n<p><strong>Acero 20MnCr5<\/strong><\/p>\n<p>El 20MnCr5 (1.7147) es un acero de cementaci\u00f3n con bajo contenido de carbono pero buena templabilidad, lo que resulta en una buena resistencia al desgaste debido a una alta dureza superficial despu\u00e9s del endurecimiento. El tama\u00f1o de grano peque\u00f1o beneficia a la ductilidad y la resistencia a la fatiga. Es adecuado para cajas de cambios y engranajes de ejes.<\/p>\n<p>La composici\u00f3n num\u00e9rica \u00ab20MnCr5\u00bb indica sus elementos de aleaci\u00f3n y composici\u00f3n aproximada:<\/p>\n<p>20 representa el contenido de carbono aproximado (0,20%).<br \/>\nMn representa el manganeso como un importante elemento de aleaci\u00f3n.<br \/>\nCr representa el cromo como un elemento de aleaci\u00f3n.<br \/>\n5 significa el contenido de carbono aproximado (0,5%) de cromo.<br \/>\n<strong>Acero AISI 8620<\/strong><\/p>\n<p>El AISI 8620 (20NiCrMo2, 1.6523) es un material adecuado para la cementaci\u00f3n y nitruraci\u00f3n gracias a su bajo contenido de carbono. El acero 8620 es un acero de cementaci\u00f3n d\u00factil donde se requiere tenacidad en el n\u00facleo, es duro y resistente a la abrasi\u00f3n en la superficie y se prefiere en \u00e1reas de impacto.<\/p>\n<p>El AISI 8620 (20NiCrMo2, 1.6523) se utiliza en ruedas dentadas, pasadores, ejes, manguitos de interruptores, eslabones de cadenas y piezas similares.<\/p>\n<p><strong>Acero 18CrNiMo7-6<\/strong><\/p>\n<p>El AISI 4820 (18CrNiMo7-6, 1.6587) es un acero de cementaci\u00f3n aleado con n\u00edquel, cromo y molibdeno. La profundidad de dureza superficial es mucho mayor en comparaci\u00f3n con el 8620. Dado que el contenido de cromo y n\u00edquel del acero 6587 es mucho mayor que el del 8620, sus propiedades mec\u00e1nicas generales tambi\u00e9n son mejores.<\/p>\n<p>El AISI 4820 (18CrNiMo7-6, 1.6587) se utiliza en casquillos, pasadores de desgaste, rodamientos y aplicaciones similares.<\/p>\n<\/div><\/section>\n","protected":false},"excerpt":{"rendered":"","protected":false},"author":1,"featured_media":0,"parent":1130,"menu_order":0,"comment_status":"closed","ping_status":"closed","template":"","meta":{"om_disable_all_campaigns":false,"_monsterinsights_skip_tracking":false,"_monsterinsights_sitenote_active":false,"_monsterinsights_sitenote_note":"","_monsterinsights_sitenote_category":0,"footnotes":""},"class_list":["post-1166","page","type-page","status-publish","hentry"],"aioseo_notices":[],"_links":{"self":[{"href":"https:\/\/gmforging.com\/es\/index.php\/wp-json\/wp\/v2\/pages\/1166","targetHints":{"allow":["GET"]}}],"collection":[{"href":"https:\/\/gmforging.com\/es\/index.php\/wp-json\/wp\/v2\/pages"}],"about":[{"href":"https:\/\/gmforging.com\/es\/index.php\/wp-json\/wp\/v2\/types\/page"}],"author":[{"embeddable":true,"href":"https:\/\/gmforging.com\/es\/index.php\/wp-json\/wp\/v2\/users\/1"}],"replies":[{"embeddable":true,"href":"https:\/\/gmforging.com\/es\/index.php\/wp-json\/wp\/v2\/comments?post=1166"}],"version-history":[{"count":2,"href":"https:\/\/gmforging.com\/es\/index.php\/wp-json\/wp\/v2\/pages\/1166\/revisions"}],"predecessor-version":[{"id":1168,"href":"https:\/\/gmforging.com\/es\/index.php\/wp-json\/wp\/v2\/pages\/1166\/revisions\/1168"}],"up":[{"embeddable":true,"href":"https:\/\/gmforging.com\/es\/index.php\/wp-json\/wp\/v2\/pages\/1130"}],"wp:attachment":[{"href":"https:\/\/gmforging.com\/es\/index.php\/wp-json\/wp\/v2\/media?parent=1166"}],"curies":[{"name":"wp","href":"https:\/\/api.w.org\/{rel}","templated":true}]}}