{"id":1154,"date":"2023-09-30T14:33:51","date_gmt":"2023-09-30T13:33:51","guid":{"rendered":"https:\/\/gmforging.com\/index.php\/cualidades\/acero-al-carbono\/"},"modified":"2023-10-16T20:22:09","modified_gmt":"2023-10-16T19:22:09","slug":"acero-al-carbono","status":"publish","type":"page","link":"https:\/\/gmforging.com\/es\/index.php\/cualidades\/acero-al-carbono\/","title":{"rendered":"ACERO AL CARBONO"},"content":{"rendered":"\n<style type=\"text\/css\" data-created_by=\"avia_inline_auto\" id=\"style-css-av-ln63ee4i-a45c5428ce70ef7007e1140f8914af85\">\n.avia-section.av-ln63ee4i-a45c5428ce70ef7007e1140f8914af85{\nbackground-repeat:no-repeat;\nbackground-image:url(https:\/\/gmforging.com\/wp-content\/uploads\/2023\/09\/low-angle-view-building-ceiling-1-scaled.jpg);\nbackground-position:0% 0%;\nbackground-attachment:scroll;\n}\n<\/style>\n<div id='av_section_1'  class='avia-section av-ln63ee4i-a45c5428ce70ef7007e1140f8914af85 main_color avia-section-default avia-no-border-styling  avia-builder-el-0  el_before_av_textblock  avia-builder-el-first  avia-full-stretch avia-bg-style-scroll av-minimum-height av-minimum-height-50 av-height-50  container_wrap fullsize'  data-section-bg-repeat='stretch' data-av_minimum_height_pc='50' data-av_min_height_opt='50'><div class='container av-section-cont-open' ><main  role=\"main\" itemprop=\"mainContentOfPage\"  class='template-page content  av-content-full alpha units'><div class='post-entry post-entry-type-page post-entry-1154'><div class='entry-content-wrapper clearfix'><\/div><\/div><\/main><!-- close content main element --><\/div><\/div><div id='after_section_1'  class='main_color av_default_container_wrap container_wrap fullsize'  ><div class='container av-section-cont-open' ><div class='template-page content  av-content-full alpha units'><div class='post-entry post-entry-type-page post-entry-1154'><div class='entry-content-wrapper clearfix'>\n<section  class='av_textblock_section av-ln63gkrg-fb14a09201c99b762d874f3af2713a89 '   itemscope=\"itemscope\" itemtype=\"https:\/\/schema.org\/CreativeWork\" ><div class='avia_textblock'  itemprop=\"text\" ><p><strong>ACERO AL CARBONO<\/strong><\/p>\n<p><strong>SAE 1020:<\/strong> El acero AISI 1020 se caracteriza por su baja templabilidad y resistencia a la tracci\u00f3n, con una composici\u00f3n nominal de 0,22% de carbono (C) y 0,55% de manganeso (Mn). Este acero exhibe una destacada soldabilidad, buena maquinabilidad y notable ductilidad. Se emplea con frecuencia en la fabricaci\u00f3n de ejes, \u00e1rboles y diversos componentes mec\u00e1nicos debido a sus favorables propiedades de soldabilidad y maquinabilidad.<\/p>\n<p><strong>SAE 1030:<\/strong> El AISI 1030 es un acero de alto contenido de carbono que contiene aproximadamente un 0,30% de carbono y que puede endurecerse mediante tratamiento t\u00e9rmico hasta una dureza m\u00e1xima de aproximadamente Rockwell C 50. El acero de alto contenido de carbono recocido suave est\u00e1 destinado a aplicaciones que requieren formaci\u00f3n moderada, mientras que el producto recocido suave esferoide est\u00e1 destinado a aplicaciones que requieren m\u00e1xima formaci\u00f3n en fr\u00edo. Este grado de acero se utiliza para piezas de maquinaria, soportes, frenos, clips, embragues, muelles, arandelas y para una amplia gama de aplicaciones que pueden aprovechar su buena combinaci\u00f3n de propiedades mec\u00e1nicas.<\/p>\n<p>Composici\u00f3n qu\u00edmica:<\/p>\n<p>Elemento\tAISI 1030<br \/>\nCarbono\t0,28-0,34<br \/>\nManganeso\t0,60-0,90<br \/>\nF\u00f3sforo\t0,030<br \/>\nAzufre\t0,035<br \/>\n<strong>SAE 1045:<\/strong> El AISI 1045, clasificado como acero al carbono medio, exhibe caracter\u00edsticas ventajosas como una excelente soldabilidad, buena maquinabilidad y notables propiedades de resistencia y de impacto, ya sea en estado normalizado o forjado en caliente.<\/p>\n<p>Composici\u00f3n qu\u00edmica:<\/p>\n<p>Carbono\t0,43-0,50<br \/>\nManganeso\t0,60-0,90<br \/>\nF\u00f3sforo\t\u22640,040<br \/>\nAzufre\t\u22640,050<br \/>\nEl acero al carbono AISI 1045 demuestra una capacidad limitada de endurecimiento a trav\u00e9s del temple, lo que lo hace adecuado para procesos de revenido y temple. Sin embargo, puede endurecerse eficazmente por inducci\u00f3n cuando se encuentra en estado normalizado o forjado en caliente, logrando una dureza superficial en el rango de Rc 54 a Rc 60.<\/p>\n<p>Es importante destacar que el acero al carbono AISI 1045 carece de los elementos de aleaci\u00f3n necesarios, lo que lo hace insensible al proceso de nitruraci\u00f3n.<\/p>\n<p><strong>SAE 1050:<\/strong> El grado de acero 1050 se clasifica como acero de medio carbono, con niveles moderados de resistencia a la tracci\u00f3n y tenacidad. Cumple con las normas establecidas por ASTM A510\/A510M, ASTM A713\/A713M, SAE J403 y otras especificaciones regulatorias relevantes.<\/p>\n<p>El grado de acero 1050 se encuentra ampliamente aplicado en la producci\u00f3n de componentes forjados, incluyendo ejes, engranajes, \u00e1rboles, vendajes, cu\u00f1as, tornillos, hoces, cuchillos, hachas, martillos, as\u00ed como en la fabricaci\u00f3n de muelles no solicitados y muelles helicoidales.<\/p>\n<p><strong>SAE 1060:<\/strong> El grado de acero SAE 1060 es un acero estructural de carbono de alta calidad con muchas propiedades y usos deseables. Presenta una excelente maquinabilidad y propiedades de tratamiento t\u00e9rmico, as\u00ed como una excelente resistencia a la corrosi\u00f3n y propiedades f\u00edsicas.<\/p>\n<p>La composici\u00f3n qu\u00edmica del acero 1060 consiste en un 0,55-0,64 por ciento de carbono, un 0,30-0,90 por ciento de manganeso, un 0,04-0,35 por ciento de silicio y hasta un 0,50 por ciento de cobre, con el resto siendo hierro (Fe). Esta combinaci\u00f3n de elementos le confiere a este grado de acero un conjunto \u00fanico de caracter\u00edsticas que lo hacen adecuado para diversos usos en industrias que van desde la automotriz hasta la construcci\u00f3n, la aeroespacial y m\u00e1s.<\/p>\n<p>Las propiedades qu\u00edmicas del acero 1060 lo convierten en una opci\u00f3n ideal para aplicaciones que requieren una resistencia superior a la corrosi\u00f3n y a la abrasi\u00f3n debido a su alto contenido de cromo (hasta un 1%). Adem\u00e1s, su bajo contenido de carbono lo hace ideal para aplicaciones de soldadura, ya que no se endurecer\u00e1 durante el enfriamiento despu\u00e9s de la soldadura, como ocurre con aceros al carbono m\u00e1s altos.<\/p>\n<p>El acero AISI 1060 es una opci\u00f3n incre\u00edblemente vers\u00e1til en aplicaciones industriales. Sus caracter\u00edsticas de resistencia, bajo costo y facilidad de conformado lo convierten en un material perfecto para proyectos a gran escala que requieren resistencia a la tracci\u00f3n y una durabilidad extrema. Es aplicable en pr\u00e1cticamente cualquier industria donde se requiera contacto con agentes qu\u00edmicos, condiciones clim\u00e1ticas extremas o desgaste habitual, como la construcci\u00f3n, maquinaria de construcci\u00f3n, fabricaci\u00f3n de autom\u00f3viles, electr\u00f3nica y m\u00e1s. El acero 1060 tambi\u00e9n ofrece una excelente resistencia a la corrosi\u00f3n, lo que le permite usarse junto con servicios p\u00fablicos como conducciones de agua y sistemas de transmisi\u00f3n de energ\u00eda. Dado su bajo contenido de carbono e impresionantes propiedades f\u00edsicas, no hay l\u00edmites para las aplicaciones del acero 1060, lo que lo convierte en un material ideal para innumerables tareas industriales.<\/p>\n<p><strong>SAE 1090:<\/strong> El AISI 1090 es un acero de alto contenido de carbono reconocido por sus notables caracter\u00edsticas de resistencia al desgaste y tenacidad. Esta aleaci\u00f3n encuentra su m\u00e1xima utilidad en situaciones que requieren procedimientos precisos de tratamiento t\u00e9rmico.<\/p>\n<p>Adem\u00e1s, el AISI 1090 se distingue como un acero aleado que presenta una marcada resistencia a la corrosi\u00f3n, atribuida a su distintiva amalgama de componentes qu\u00edmicos. Esta composici\u00f3n particular es especialmente apreciada por su capacidad para resistir el \u00f3xido, lo que lo hace especialmente adecuado para aplicaciones en la industria de la construcci\u00f3n y otros entornos exteriores expuestos a la humedad.<\/p>\n<p>Adem\u00e1s, debido a su excepcional relaci\u00f3n resistencia-peso, el AISI<\/p>\n<\/div><\/section>\n","protected":false},"excerpt":{"rendered":"","protected":false},"author":1,"featured_media":0,"parent":1130,"menu_order":0,"comment_status":"closed","ping_status":"closed","template":"","meta":{"om_disable_all_campaigns":false,"_monsterinsights_skip_tracking":false,"_monsterinsights_sitenote_active":false,"_monsterinsights_sitenote_note":"","_monsterinsights_sitenote_category":0,"footnotes":""},"class_list":["post-1154","page","type-page","status-publish","hentry"],"aioseo_notices":[],"_links":{"self":[{"href":"https:\/\/gmforging.com\/es\/index.php\/wp-json\/wp\/v2\/pages\/1154","targetHints":{"allow":["GET"]}}],"collection":[{"href":"https:\/\/gmforging.com\/es\/index.php\/wp-json\/wp\/v2\/pages"}],"about":[{"href":"https:\/\/gmforging.com\/es\/index.php\/wp-json\/wp\/v2\/types\/page"}],"author":[{"embeddable":true,"href":"https:\/\/gmforging.com\/es\/index.php\/wp-json\/wp\/v2\/users\/1"}],"replies":[{"embeddable":true,"href":"https:\/\/gmforging.com\/es\/index.php\/wp-json\/wp\/v2\/comments?post=1154"}],"version-history":[{"count":2,"href":"https:\/\/gmforging.com\/es\/index.php\/wp-json\/wp\/v2\/pages\/1154\/revisions"}],"predecessor-version":[{"id":1156,"href":"https:\/\/gmforging.com\/es\/index.php\/wp-json\/wp\/v2\/pages\/1154\/revisions\/1156"}],"up":[{"embeddable":true,"href":"https:\/\/gmforging.com\/es\/index.php\/wp-json\/wp\/v2\/pages\/1130"}],"wp:attachment":[{"href":"https:\/\/gmforging.com\/es\/index.php\/wp-json\/wp\/v2\/media?parent=1154"}],"curies":[{"name":"wp","href":"https:\/\/api.w.org\/{rel}","templated":true}]}}