{"id":1142,"date":"2023-09-30T14:35:17","date_gmt":"2023-09-30T13:35:17","guid":{"rendered":"https:\/\/gmforging.com\/index.php\/cualidades\/acero-para-rodamientos\/"},"modified":"2023-10-16T20:05:06","modified_gmt":"2023-10-16T19:05:06","slug":"acero-para-rodamientos","status":"publish","type":"page","link":"https:\/\/gmforging.com\/es\/index.php\/cualidades\/acero-para-rodamientos\/","title":{"rendered":"Acero para rodamientos"},"content":{"rendered":"\n<style type=\"text\/css\" data-created_by=\"avia_inline_auto\" id=\"style-css-av-ln636j43-faf2f0033245698a98a293ab9733514d\">\n.avia-section.av-ln636j43-faf2f0033245698a98a293ab9733514d{\nbackground-repeat:no-repeat;\nbackground-image:url(https:\/\/gmforging.com\/wp-content\/uploads\/2023\/09\/low-angle-view-building-ceiling-1-scaled.jpg);\nbackground-position:0% 0%;\nbackground-attachment:scroll;\n}\n<\/style>\n<div id='av_section_1'  class='avia-section av-ln636j43-faf2f0033245698a98a293ab9733514d main_color avia-section-default avia-no-border-styling  avia-builder-el-0  el_before_av_textblock  avia-builder-el-first  avia-full-stretch avia-bg-style-scroll av-minimum-height av-minimum-height-50 av-height-50  container_wrap fullsize'  data-section-bg-repeat='stretch' data-av_minimum_height_pc='50' data-av_min_height_opt='50'><div class='container av-section-cont-open' ><main  role=\"main\" itemprop=\"mainContentOfPage\"  class='template-page content  av-content-full alpha units'><div class='post-entry post-entry-type-page post-entry-1142'><div class='entry-content-wrapper clearfix'><\/div><\/div><\/main><!-- close content main element --><\/div><\/div><div id='after_section_1'  class='main_color av_default_container_wrap container_wrap fullsize'  ><div class='container av-section-cont-open' ><div class='template-page content  av-content-full alpha units'><div class='post-entry post-entry-type-page post-entry-1142'><div class='entry-content-wrapper clearfix'>\n<section  class='av_textblock_section av-ln63ctsh-8a3e4de24fb2ea72d06399c0930bbe61 '   itemscope=\"itemscope\" itemtype=\"https:\/\/schema.org\/CreativeWork\" ><div class='avia_textblock'  itemprop=\"text\" ><p><strong>Acero para rodamientos<\/strong><\/p>\n<p><strong>Acero 100 Cr6<\/strong><\/p>\n<p>El 100Cr6 es un acero para rodamientos que se endurece en toda su superficie y est\u00e1 destinado a aplicaciones de contacto rodante y otras aplicaciones de alto estr\u00e9s por fatiga. En su estado endurecido, la alta dureza, resistencia y pureza proporcionan al acero las propiedades adecuadas para resistir la fatiga de alto ciclo y alto estr\u00e9s. El 100Cr6 se utiliza principalmente para componentes de rodamientos de tama\u00f1o peque\u00f1o y mediano.<\/p>\n<p>El acero DIN 100Cr6 se utiliza ampliamente en una variedad de aplicaciones en rodamientos de maquinaria rotativa. Las aplicaciones t\u00edpicas incluyen cuerpos de v\u00e1lvulas, bombas y accesorios, cargas pesadas en ruedas, pernos, pernos de doble cabeza, engranajes, motores de combusti\u00f3n interna, locomotoras el\u00e9ctricas, m\u00e1quinas herramienta, tractores, equipos de laminado de acero, m\u00e1quinas de perforaci\u00f3n, veh\u00edculos ferroviarios y ejes de transmisi\u00f3n de maquinaria minera. Tambi\u00e9n se utilizan bolas de acero, rodillos y manguitos de eje.<\/p>\n<p><strong>C(%): 0,93-1,05<br \/>\nSi(%): 0,15-0,35<br \/>\nMn(%): 0,25-0,45<br \/>\nP(%): \u2264 0,025<\/strong><\/p>\n<p><strong>S(%): \u2264 0,015<br \/>\nCr(%): 1,35-1,60<\/strong><\/p>\n<\/div><\/section>\n","protected":false},"excerpt":{"rendered":"","protected":false},"author":1,"featured_media":0,"parent":1130,"menu_order":0,"comment_status":"closed","ping_status":"closed","template":"","meta":{"om_disable_all_campaigns":false,"_monsterinsights_skip_tracking":false,"_monsterinsights_sitenote_active":false,"_monsterinsights_sitenote_note":"","_monsterinsights_sitenote_category":0,"footnotes":""},"class_list":["post-1142","page","type-page","status-publish","hentry"],"aioseo_notices":[],"_links":{"self":[{"href":"https:\/\/gmforging.com\/es\/index.php\/wp-json\/wp\/v2\/pages\/1142","targetHints":{"allow":["GET"]}}],"collection":[{"href":"https:\/\/gmforging.com\/es\/index.php\/wp-json\/wp\/v2\/pages"}],"about":[{"href":"https:\/\/gmforging.com\/es\/index.php\/wp-json\/wp\/v2\/types\/page"}],"author":[{"embeddable":true,"href":"https:\/\/gmforging.com\/es\/index.php\/wp-json\/wp\/v2\/users\/1"}],"replies":[{"embeddable":true,"href":"https:\/\/gmforging.com\/es\/index.php\/wp-json\/wp\/v2\/comments?post=1142"}],"version-history":[{"count":2,"href":"https:\/\/gmforging.com\/es\/index.php\/wp-json\/wp\/v2\/pages\/1142\/revisions"}],"predecessor-version":[{"id":1144,"href":"https:\/\/gmforging.com\/es\/index.php\/wp-json\/wp\/v2\/pages\/1142\/revisions\/1144"}],"up":[{"embeddable":true,"href":"https:\/\/gmforging.com\/es\/index.php\/wp-json\/wp\/v2\/pages\/1130"}],"wp:attachment":[{"href":"https:\/\/gmforging.com\/es\/index.php\/wp-json\/wp\/v2\/media?parent=1142"}],"curies":[{"name":"wp","href":"https:\/\/api.w.org\/{rel}","templated":true}]}}