{"id":1130,"date":"2023-09-16T14:02:15","date_gmt":"2023-09-16T13:02:15","guid":{"rendered":"https:\/\/gmforging.com\/index.php\/cualidades\/"},"modified":"2023-10-16T18:02:57","modified_gmt":"2023-10-16T17:02:57","slug":"cualidades","status":"publish","type":"page","link":"https:\/\/gmforging.com\/es\/index.php\/cualidades\/","title":{"rendered":"Cualidades"},"content":{"rendered":"\n<style type=\"text\/css\" data-created_by=\"avia_inline_auto\" id=\"style-css-av-lmm1iw38-c455aeaf7efb7ac8e6cce71cf385ecef\">\n.avia-section.av-lmm1iw38-c455aeaf7efb7ac8e6cce71cf385ecef{\nbackground-repeat:no-repeat;\nbackground-image:url(https:\/\/gmforging.com\/wp-content\/uploads\/2023\/09\/low-angle-view-building-ceiling-1-scaled.jpg);\nbackground-position:0% 0%;\nbackground-attachment:scroll;\n}\n<\/style>\n<div id='av_section_1'  class='avia-section av-lmm1iw38-c455aeaf7efb7ac8e6cce71cf385ecef main_color avia-section-default avia-no-border-styling  avia-builder-el-0  el_before_av_one_full  avia-builder-el-first  avia-full-stretch avia-bg-style-scroll av-minimum-height av-minimum-height-50 av-height-50  container_wrap fullsize'  data-section-bg-repeat='stretch' data-av_minimum_height_pc='50' data-av_min_height_opt='50'><div class='container av-section-cont-open' ><main  role=\"main\" itemprop=\"mainContentOfPage\"  class='template-page content  av-content-full alpha units'><div class='post-entry post-entry-type-page post-entry-1130'><div class='entry-content-wrapper clearfix'><\/div><\/div><\/main><!-- close content main element --><\/div><\/div><div id='after_section_1'  class='main_color av_default_container_wrap container_wrap fullsize'  ><div class='container av-section-cont-open' ><div class='template-page content  av-content-full alpha units'><div class='post-entry post-entry-type-page post-entry-1130'><div class='entry-content-wrapper clearfix'>\n<div  class='flex_column av-9pz9l-11325e3a3cc578850cbab141f3ceb200 av_one_full  avia-builder-el-1  el_after_av_section  avia-builder-el-no-sibling  first flex_column_div  '     ><section  class='av_textblock_section av-lmm161m1-57632d47e755a678a7d84b340acec520 '   itemscope=\"itemscope\" itemtype=\"https:\/\/schema.org\/CreativeWork\" ><div class='avia_textblock'  itemprop=\"text\" ><p><strong>42 CrMo4 STEEL<\/strong><\/p>\n<p>Gmforging produce acero forjado 42 CrMo4 que est\u00e1 disponible para ser aserrado, cortado y entregado.<\/p>\n<p>El 42CrMo4 es un acero de baja aleaci\u00f3n de alta calidad conocido por su excelente resistencia, tenacidad y templabilidad. Este acero se utiliza con frecuencia en aplicaciones que requieren alta resistencia a la tracci\u00f3n y al l\u00edmite el\u00e1stico, buena resistencia al desgaste y la capacidad de mantener sus propiedades mec\u00e1nicas a temperaturas elevadas. La composici\u00f3n num\u00e9rica \u00ab42CrMo4\u00bb indica sus elementos de aleaci\u00f3n y composici\u00f3n aproximada:<\/p>\n<p>42 representa el contenido de carbono aproximado (0,42%).<\/p>\n<p>Cr representa el cromo como un importante elemento de aleaci\u00f3n.<\/p>\n<p>Mo representa el molibdeno como un elemento de aleaci\u00f3n.<\/p>\n<p>El acero de aleaci\u00f3n 1.7225 4140 (42CrMo4) se utiliza ampliamente para fines de acero de ingenier\u00eda, como varias m\u00e1quinas, repuestos para autom\u00f3viles, ruedas dentadas de motores, ruedas de transmisi\u00f3n de compresores, bielas, piezas para aplicaciones de tren motriz, sujetadores conformados en fr\u00edo. Se utiliza con frecuencia en \u00e1reas como ejes, engranajes y trabajos de exploraci\u00f3n de petr\u00f3leo.<\/p>\n<p><strong>34CrNiMo6 STEEL<\/strong><\/p>\n<p>Gmforging produce acero forjado 34CrNiMo6 que est\u00e1 disponible para ser aserrado, cortado y entregado.<\/p>\n<p>El 34CrNiMo6 es un acero de baja aleaci\u00f3n conocido por su alta resistencia, tenacidad y buena templabilidad. Este acero se utiliza a menudo en aplicaciones que requieren excelentes propiedades mec\u00e1nicas y resistencia al desgaste e impacto. La composici\u00f3n num\u00e9rica \u00ab34CrNiMo6\u00bb indica sus elementos de aleaci\u00f3n y composici\u00f3n aproximada:<\/p>\n<p>34 representa el contenido de carbono aproximado (0,34%).<br \/>\nCr representa el cromo como un importante elemento de aleaci\u00f3n.<br \/>\nNi representa el n\u00edquel como un elemento de aleaci\u00f3n.<br \/>\nMo representa el molibdeno como un elemento de aleaci\u00f3n.<\/p>\n<p>El acero templado 1.6582 (AISI 4340) (34CrNiMo) es especialmente preferido en piezas de ingenier\u00eda mec\u00e1nica, cig\u00fce\u00f1ales sobrecargados, \u00e1rboles de levas y engranajes.<\/p>\n<p><strong>30CrNiMo8 STEEL<\/strong><\/p>\n<p>Gmforging produce acero forjado 30CrNiMo8 que est\u00e1 disponible para ser aserrado, cortado y entregado.<\/p>\n<p>El 30CrNiMo8 es un acero de baja aleaci\u00f3n conocido por su alta resistencia, tenacidad y buena templabilidad. Este acero se utiliza com\u00fanmente en aplicaciones que requieren excelentes propiedades mec\u00e1nicas, resistencia al desgaste e impacto, y la capacidad de ser tratado t\u00e9rmicamente para alcanzar niveles de dureza espec\u00edficos. La composici\u00f3n num\u00e9rica \u00ab30CrNiMo8\u00bb indica sus elementos de aleaci\u00f3n y composici\u00f3n aproximada:<\/p>\n<p>30 representa el contenido de carbono aproximado (0,30%).<br \/>\nCr representa el cromo como un importante elemento de aleaci\u00f3n.<br \/>\nNi representa el n\u00edquel como un elemento de aleaci\u00f3n.<br \/>\nMo representa el molibdeno como un elemento de aleaci\u00f3n.<\/p>\n<p>El acero 30CrNiMo8 (1,6580) se utiliza para componentes automotrices y generales que requieren altas demandas de resistencia y tenacidad, y buena templabilidad. Es especialmente adecuado para piezas de servicio pesado en las industrias de aviaci\u00f3n, automotriz y militar.<\/p>\n<\/div><\/section><\/div>\n","protected":false},"excerpt":{"rendered":"","protected":false},"author":1,"featured_media":0,"parent":0,"menu_order":0,"comment_status":"closed","ping_status":"closed","template":"","meta":{"om_disable_all_campaigns":false,"_monsterinsights_skip_tracking":false,"_monsterinsights_sitenote_active":false,"_monsterinsights_sitenote_note":"","_monsterinsights_sitenote_category":0,"footnotes":""},"class_list":["post-1130","page","type-page","status-publish","hentry"],"aioseo_notices":[],"_links":{"self":[{"href":"https:\/\/gmforging.com\/es\/index.php\/wp-json\/wp\/v2\/pages\/1130","targetHints":{"allow":["GET"]}}],"collection":[{"href":"https:\/\/gmforging.com\/es\/index.php\/wp-json\/wp\/v2\/pages"}],"about":[{"href":"https:\/\/gmforging.com\/es\/index.php\/wp-json\/wp\/v2\/types\/page"}],"author":[{"embeddable":true,"href":"https:\/\/gmforging.com\/es\/index.php\/wp-json\/wp\/v2\/users\/1"}],"replies":[{"embeddable":true,"href":"https:\/\/gmforging.com\/es\/index.php\/wp-json\/wp\/v2\/comments?post=1130"}],"version-history":[{"count":2,"href":"https:\/\/gmforging.com\/es\/index.php\/wp-json\/wp\/v2\/pages\/1130\/revisions"}],"predecessor-version":[{"id":1132,"href":"https:\/\/gmforging.com\/es\/index.php\/wp-json\/wp\/v2\/pages\/1130\/revisions\/1132"}],"wp:attachment":[{"href":"https:\/\/gmforging.com\/es\/index.php\/wp-json\/wp\/v2\/media?parent=1130"}],"curies":[{"name":"wp","href":"https:\/\/api.w.org\/{rel}","templated":true}]}}