{"id":1106,"date":"2023-09-24T16:53:33","date_gmt":"2023-09-24T15:53:33","guid":{"rendered":"https:\/\/gmforging.com\/index.php\/generacion-de-energia\/"},"modified":"2023-10-16T13:00:32","modified_gmt":"2023-10-16T12:00:32","slug":"generacion-de-energia","status":"publish","type":"page","link":"https:\/\/gmforging.com\/es\/index.php\/generacion-de-energia\/","title":{"rendered":"Generaci\u00f3n de Energ\u00eda"},"content":{"rendered":"<div id='av-layout-grid-1'  class='av-layout-grid-container av-2qz5r-d945b567b79d76c3114f56d309332492 entry-content-wrapper main_color av-flex-cells  avia-builder-el-0  el_before_av_layout_row  avia-builder-el-first   container_wrap fullsize'  >\n\n<style type=\"text\/css\" data-created_by=\"avia_inline_auto\" id=\"style-css-av-lmxnf7f8-d42330501d1c43921e9cca9756b5f656\">\n.flex_cell.av-lmxnf7f8-d42330501d1c43921e9cca9756b5f656{\nvertical-align:top;\nbackground-color:#999999;\n}\n.responsive #top #wrap_all .flex_cell.av-lmxnf7f8-d42330501d1c43921e9cca9756b5f656{\npadding:10px 10px 10px 10px !important;\n}\n<\/style>\n<div class='flex_cell av-lmxnf7f8-d42330501d1c43921e9cca9756b5f656 av-gridrow-cell av_one_full no_margin  avia-builder-el-1  avia-builder-el-no-sibling  content-align-top'  ><div class='flex_cell_inner'><\/div><\/div>\n<\/div>\n<div id='av-layout-grid-2'  class='av-layout-grid-container av-n6scv-ced13a001e80067431d83a75fc2a8f35 entry-content-wrapper main_color av-flex-cells  avia-builder-el-2  el_after_av_layout_row  avia-builder-el-last  grid-row-not-first  container_wrap fullsize'  >\n\n<style type=\"text\/css\" data-created_by=\"avia_inline_auto\" id=\"style-css-av-gdptr-0dae12ffd5afa8c5e0a3a0c7fbec1d49\">\n.flex_cell.av-gdptr-0dae12ffd5afa8c5e0a3a0c7fbec1d49{\nvertical-align:top;\n}\n<\/style>\n<div class='flex_cell av-gdptr-0dae12ffd5afa8c5e0a3a0c7fbec1d49 av-gridrow-cell av_one_half no_margin  avia-builder-el-3  el_before_av_cell_one_half  avia-builder-el-first  content-align-top'  ><div class='flex_cell_inner'>\n<style type=\"text\/css\" data-created_by=\"avia_inline_auto\" id=\"style-css-av-lmxnex14-b027d906db9a567bf8ea42e9e603d14f\">\n.avia-image-container.av-lmxnex14-b027d906db9a567bf8ea42e9e603d14f img.avia_image{\nbox-shadow:none;\n}\n.avia-image-container.av-lmxnex14-b027d906db9a567bf8ea42e9e603d14f .av-image-caption-overlay-center{\ncolor:#ffffff;\n}\n<\/style>\n<div  class='avia-image-container av-lmxnex14-b027d906db9a567bf8ea42e9e603d14f av-styling- avia-align-center  avia-builder-el-4  avia-builder-el-no-sibling '   itemprop=\"image\" itemscope=\"itemscope\" itemtype=\"https:\/\/schema.org\/ImageObject\" ><div class=\"avia-image-container-inner\"><div class=\"avia-image-overlay-wrap\"><img decoding=\"async\" fetchpriority=\"high\" class='wp-image-752 avia-img-lazy-loading-not-752 avia_image ' src=\"https:\/\/gmforging.com\/wp-content\/uploads\/2023\/09\/app2-495x400.jpg\" alt='Wind farm, Overlooking Columbia River' title='Wind farm,  overlooking Columbia River.'  height=\"400\" width=\"495\"  itemprop=\"thumbnailUrl\" srcset=\"https:\/\/gmforging.com\/wp-content\/uploads\/2023\/09\/app2-495x400.jpg 495w, https:\/\/gmforging.com\/wp-content\/uploads\/2023\/09\/app2-845x684.jpg 845w\" sizes=\"(max-width: 495px) 100vw, 495px\" \/><\/div><\/div><\/div>\n<\/div><\/div>\n<style type=\"text\/css\" data-created_by=\"avia_inline_auto\" id=\"style-css-av-9gjx3-fd777b8bf763cd43e3479176cdb3f222\">\n.flex_cell.av-9gjx3-fd777b8bf763cd43e3479176cdb3f222{\nvertical-align:top;\n}\n<\/style>\n<div class='flex_cell av-9gjx3-fd777b8bf763cd43e3479176cdb3f222 av-gridrow-cell av_one_half no_margin  avia-builder-el-5  el_after_av_cell_one_half  avia-builder-el-last  content-align-top'  ><div class='flex_cell_inner'><section  class='av_textblock_section av-lmxng79r-b93a63f73d01f524de26366166f9bbc7 '   itemscope=\"itemscope\" itemtype=\"https:\/\/schema.org\/CreativeWork\" ><div class='avia_textblock'  itemprop=\"text\" ><p><strong>Generaci\u00f3n de Energ\u00eda<\/strong><\/p>\n<p>GM Forging proporciona forjados a medida de alta calidad dise\u00f1ados para su utilizaci\u00f3n en el sector de generaci\u00f3n de energ\u00eda. Nuestras ofertas de metal forjado cuentan con una prolongada vida \u00fatil, una resistencia excepcional a la fatiga, patrones de grano refinados, resistencia aumentada y una mayor eficiencia operativa.<\/p>\n<p>Nuestra instalaci\u00f3n de forja tiene la capacidad de fabricar de manera eficiente y rentable componentes de acero forjado para la industria de generaci\u00f3n de energ\u00eda, abarcando lo siguiente:<\/p>\n<ul>\n<li>Impulsores:<\/li>\n<li>Cuchillas:<\/li>\n<li>Ejes de compresores y generadores:<\/li>\n<li>Discos y cubos<\/li>\n<li>Anillos (completos\/segmentados)<\/li>\n<li>Turbina<\/li>\n<\/ul>\n<p>Adem\u00e1s, contamos con los recursos y la experiencia necesarios para forjar estos productos utilizando una variedad de otras aleaciones de acero seg\u00fan las solicitudes espec\u00edficas.<\/p>\n<\/div><\/section>\n<\/div><\/div><\/div>\n","protected":false},"excerpt":{"rendered":"","protected":false},"author":1,"featured_media":0,"parent":0,"menu_order":0,"comment_status":"closed","ping_status":"closed","template":"","meta":{"om_disable_all_campaigns":false,"_monsterinsights_skip_tracking":false,"_monsterinsights_sitenote_active":false,"_monsterinsights_sitenote_note":"","_monsterinsights_sitenote_category":0,"footnotes":""},"class_list":["post-1106","page","type-page","status-publish","hentry"],"aioseo_notices":[],"_links":{"self":[{"href":"https:\/\/gmforging.com\/es\/index.php\/wp-json\/wp\/v2\/pages\/1106","targetHints":{"allow":["GET"]}}],"collection":[{"href":"https:\/\/gmforging.com\/es\/index.php\/wp-json\/wp\/v2\/pages"}],"about":[{"href":"https:\/\/gmforging.com\/es\/index.php\/wp-json\/wp\/v2\/types\/page"}],"author":[{"embeddable":true,"href":"https:\/\/gmforging.com\/es\/index.php\/wp-json\/wp\/v2\/users\/1"}],"replies":[{"embeddable":true,"href":"https:\/\/gmforging.com\/es\/index.php\/wp-json\/wp\/v2\/comments?post=1106"}],"version-history":[{"count":2,"href":"https:\/\/gmforging.com\/es\/index.php\/wp-json\/wp\/v2\/pages\/1106\/revisions"}],"predecessor-version":[{"id":1108,"href":"https:\/\/gmforging.com\/es\/index.php\/wp-json\/wp\/v2\/pages\/1106\/revisions\/1108"}],"wp:attachment":[{"href":"https:\/\/gmforging.com\/es\/index.php\/wp-json\/wp\/v2\/media?parent=1106"}],"curies":[{"name":"wp","href":"https:\/\/api.w.org\/{rel}","templated":true}]}}