{"id":1046,"date":"2023-09-24T16:54:44","date_gmt":"2023-09-24T15:54:44","guid":{"rendered":"https:\/\/gmforging.com\/index.php\/construccion-y-mineria\/"},"modified":"2023-10-16T08:07:27","modified_gmt":"2023-10-16T07:07:27","slug":"construccion-y-mineria","status":"publish","type":"page","link":"https:\/\/gmforging.com\/es\/index.php\/construccion-y-mineria\/","title":{"rendered":"Construcci\u00f3n y Miner\u00eda"},"content":{"rendered":"<div id='av-layout-grid-1'  class='av-layout-grid-container av-peml9-be6a459e9d17ee7d7b56e98bb391b95f entry-content-wrapper main_color av-flex-cells  avia-builder-el-0  el_before_av_layout_row  avia-builder-el-first   container_wrap fullsize'  >\n\n<style type=\"text\/css\" data-created_by=\"avia_inline_auto\" id=\"style-css-av-lmxnvn0v-9595c0e7d94034b65a219b987d3bab16\">\n.flex_cell.av-lmxnvn0v-9595c0e7d94034b65a219b987d3bab16{\nvertical-align:top;\nbackground-color:#f49919;\n}\n.responsive #top #wrap_all .flex_cell.av-lmxnvn0v-9595c0e7d94034b65a219b987d3bab16{\npadding:10px 10px 10px 10px !important;\n}\n<\/style>\n<div class='flex_cell av-lmxnvn0v-9595c0e7d94034b65a219b987d3bab16 av-gridrow-cell av_one_full no_margin  avia-builder-el-1  avia-builder-el-no-sibling  content-align-top'  ><div class='flex_cell_inner'><\/div><\/div>\n<\/div>\n<div id='av-layout-grid-2'  class='av-layout-grid-container av-ije4l-bcfce2243ff49cf931f49d693377333b entry-content-wrapper main_color av-flex-cells  avia-builder-el-2  el_after_av_layout_row  avia-builder-el-last  grid-row-not-first  container_wrap fullsize'  >\n\n<style type=\"text\/css\" data-created_by=\"avia_inline_auto\" id=\"style-css-av-cr5zh-e50c9e898f260969ea3d4ec886990974\">\n.flex_cell.av-cr5zh-e50c9e898f260969ea3d4ec886990974{\nvertical-align:top;\n}\n<\/style>\n<div class='flex_cell av-cr5zh-e50c9e898f260969ea3d4ec886990974 av-gridrow-cell av_one_half no_margin  avia-builder-el-3  el_before_av_cell_one_half  avia-builder-el-first  content-align-top'  ><div class='flex_cell_inner'>\n<style type=\"text\/css\" data-created_by=\"avia_inline_auto\" id=\"style-css-av-lmxnvx2x-ddd07b351584ceb6ba37f3cbbf3f6f8b\">\n.avia-image-container.av-lmxnvx2x-ddd07b351584ceb6ba37f3cbbf3f6f8b img.avia_image{\nbox-shadow:none;\n}\n.avia-image-container.av-lmxnvx2x-ddd07b351584ceb6ba37f3cbbf3f6f8b .av-image-caption-overlay-center{\ncolor:#ffffff;\n}\n<\/style>\n<div  class='avia-image-container av-lmxnvx2x-ddd07b351584ceb6ba37f3cbbf3f6f8b av-styling- avia-align-center  avia-builder-el-4  avia-builder-el-no-sibling '   itemprop=\"image\" itemscope=\"itemscope\" itemtype=\"https:\/\/schema.org\/ImageObject\" ><div class=\"avia-image-container-inner\"><div class=\"avia-image-overlay-wrap\"><img decoding=\"async\" fetchpriority=\"high\" class='wp-image-767 avia-img-lazy-loading-not-767 avia_image ' src=\"https:\/\/gmforging.com\/wp-content\/uploads\/2023\/09\/app5-495x400.jpg\" alt='Wind farm, Overlooking Columbia River' title='Wind farm,  overlooking Columbia River.'  height=\"400\" width=\"495\"  itemprop=\"thumbnailUrl\" srcset=\"https:\/\/gmforging.com\/wp-content\/uploads\/2023\/09\/app5-495x400.jpg 495w, https:\/\/gmforging.com\/wp-content\/uploads\/2023\/09\/app5-845x684.jpg 845w\" sizes=\"(max-width: 495px) 100vw, 495px\" \/><\/div><\/div><\/div>\n<\/div><\/div>\n<style type=\"text\/css\" data-created_by=\"avia_inline_auto\" id=\"style-css-av-bhxwd-9f04cf2302954603c6975ce0ce080b3d\">\n.flex_cell.av-bhxwd-9f04cf2302954603c6975ce0ce080b3d{\nvertical-align:top;\n}\n<\/style>\n<div class='flex_cell av-bhxwd-9f04cf2302954603c6975ce0ce080b3d av-gridrow-cell av_one_half no_margin  avia-builder-el-5  el_after_av_cell_one_half  avia-builder-el-last  content-align-top'  ><div class='flex_cell_inner'><section  class='av_textblock_section av-lmxnxbcn-0dc7bdbeb0e9b1d8fb84be1fccaaa137 '   itemscope=\"itemscope\" itemtype=\"https:\/\/schema.org\/CreativeWork\" ><div class='avia_textblock'  itemprop=\"text\" ><p><strong>Construcci\u00f3n y Miner\u00eda<\/strong><\/p>\n<p>Las industrias de construcci\u00f3n y miner\u00eda ejercen una influencia significativa en la preservaci\u00f3n y mejora de nuestras rutinas diarias. En Gmforging, nos especializamos en la entrega de forjados de primera categor\u00eda esenciales tanto para maquinaria en superficie como subterr\u00e1nea. Nuestras ofertas abarcan flexibilidad y cumplimiento para atender las necesidades de reemplazo, as\u00ed como requisitos de alto volumen.<br \/>\n<strong>Camiones mineros<\/strong> (Barras\/Pistones)<br \/>\n<strong>Pala excavadora (<\/strong>Engranajes de giro,V\u00edas de rodillos, Anillo portador en blanco,  Aro <strong>)<br \/>\n<\/strong><strong>Motoniveladoras<\/strong> (C\u00edrculo, Llantas, Accionamiento del husillo)<br \/>\n<strong>Cargadoras de Ruedas<\/strong>(Accionamiento del Husillo, Polipastos)<\/p>\n<\/div><\/section>\n<\/div><\/div><\/div>\n","protected":false},"excerpt":{"rendered":"","protected":false},"author":1,"featured_media":0,"parent":0,"menu_order":0,"comment_status":"closed","ping_status":"closed","template":"","meta":{"om_disable_all_campaigns":false,"_monsterinsights_skip_tracking":false,"_monsterinsights_sitenote_active":false,"_monsterinsights_sitenote_note":"","_monsterinsights_sitenote_category":0,"footnotes":""},"class_list":["post-1046","page","type-page","status-publish","hentry"],"aioseo_notices":[],"_links":{"self":[{"href":"https:\/\/gmforging.com\/es\/index.php\/wp-json\/wp\/v2\/pages\/1046","targetHints":{"allow":["GET"]}}],"collection":[{"href":"https:\/\/gmforging.com\/es\/index.php\/wp-json\/wp\/v2\/pages"}],"about":[{"href":"https:\/\/gmforging.com\/es\/index.php\/wp-json\/wp\/v2\/types\/page"}],"author":[{"embeddable":true,"href":"https:\/\/gmforging.com\/es\/index.php\/wp-json\/wp\/v2\/users\/1"}],"replies":[{"embeddable":true,"href":"https:\/\/gmforging.com\/es\/index.php\/wp-json\/wp\/v2\/comments?post=1046"}],"version-history":[{"count":2,"href":"https:\/\/gmforging.com\/es\/index.php\/wp-json\/wp\/v2\/pages\/1046\/revisions"}],"predecessor-version":[{"id":1048,"href":"https:\/\/gmforging.com\/es\/index.php\/wp-json\/wp\/v2\/pages\/1046\/revisions\/1048"}],"wp:attachment":[{"href":"https:\/\/gmforging.com\/es\/index.php\/wp-json\/wp\/v2\/media?parent=1046"}],"curies":[{"name":"wp","href":"https:\/\/api.w.org\/{rel}","templated":true}]}}