{"id":1034,"date":"2023-09-16T12:47:58","date_gmt":"2023-09-16T11:47:58","guid":{"rendered":"https:\/\/gmforging.com\/index.php\/horno-de-recocido\/"},"modified":"2023-10-15T23:11:27","modified_gmt":"2023-10-15T22:11:27","slug":"horno-de-recocido","status":"publish","type":"page","link":"https:\/\/gmforging.com\/es\/index.php\/horno-de-recocido\/","title":{"rendered":"Horno de Recocido"},"content":{"rendered":"\n<style type=\"text\/css\" data-created_by=\"avia_inline_auto\" id=\"style-css-av-lmm0s2gm-63106bed46911b839c1f5d07202a07b3\">\n.avia-section.av-lmm0s2gm-63106bed46911b839c1f5d07202a07b3{\nbackground-repeat:no-repeat;\nbackground-image:url(https:\/\/gmforging.com\/wp-content\/uploads\/2023\/09\/Annealing-Furnace.jpg);\nbackground-position:50% 50%;\nbackground-attachment:scroll;\n}\n.avia-section.av-lmm0s2gm-63106bed46911b839c1f5d07202a07b3 .av-section-color-overlay{\nopacity:0.2;\nbackground-color:#edae44;\n}\n<\/style>\n<div id='av_section_1'  class='avia-section av-lmm0s2gm-63106bed46911b839c1f5d07202a07b3 main_color avia-section-default avia-no-border-styling  avia-builder-el-0  el_before_av_one_full  avia-builder-el-first  avia-full-stretch avia-bg-style-scroll av-section-color-overlay-active av-minimum-height av-minimum-height-50 av-height-50  container_wrap fullsize'  data-section-bg-repeat='stretch' data-av_minimum_height_pc='50' data-av_min_height_opt='50'><div class=\"av-section-color-overlay-wrap\"><div class=\"av-section-color-overlay\"><\/div><div class='container av-section-cont-open' ><main  role=\"main\" itemprop=\"mainContentOfPage\"  class='template-page content  av-content-full alpha units'><div class='post-entry post-entry-type-page post-entry-1034'><div class='entry-content-wrapper clearfix'><\/div><\/div><\/main><!-- close content main element --><\/div><\/div><\/div><div id='after_section_1'  class='main_color av_default_container_wrap container_wrap fullsize'  ><div class='container av-section-cont-open' ><div class='template-page content  av-content-full alpha units'><div class='post-entry post-entry-type-page post-entry-1034'><div class='entry-content-wrapper clearfix'>\n<div  class='flex_column av-7zluf-26a4c1067e467de739924cc710f034c9 av_one_full  avia-builder-el-1  el_after_av_section  avia-builder-el-no-sibling  first flex_column_div  '     ><section  class='av_textblock_section av-lmm0r9ga-55f822f65dbc434bf5857908b4592feb '   itemscope=\"itemscope\" itemtype=\"https:\/\/schema.org\/CreativeWork\" ><div class='avia_textblock'  itemprop=\"text\" ><p>Un horno de recocido es un tipo de horno utilizado principalmente para el proceso de tratamiento t\u00e9rmico conocido como recocido. El recocido es una t\u00e9cnica de tratamiento t\u00e9rmico utilizada para modificar las propiedades f\u00edsicas y mec\u00e1nicas de materiales, en particular metales y aleaciones, calent\u00e1ndolos a una temperatura espec\u00edfica y luego enfri\u00e1ndolos a una velocidad controlada. Los objetivos clave del recocido incluyen la reducci\u00f3n de la dureza, la mejora de la ductilidad y la liberaci\u00f3n de tensiones internas en el material.<\/p>\n<p>\u00abNuestra instalaci\u00f3n incluye un horno de recocido con dimensiones de 2 metros de longitud, 2 metros de ancho, 2.5 metros de altura y una capacidad de calentamiento capaz de alcanzar temperaturas de hasta 1250\u00b0C. Este horno funciona con gas natural y est\u00e1 equipado con caracter\u00edsticas avanzadas, incluyendo mediciones gr\u00e1ficas y capacidades de dibujo.\u00bb<\/p>\n<\/div><\/section><\/div>\n","protected":false},"excerpt":{"rendered":"","protected":false},"author":1,"featured_media":0,"parent":0,"menu_order":0,"comment_status":"closed","ping_status":"closed","template":"","meta":{"om_disable_all_campaigns":false,"_monsterinsights_skip_tracking":false,"_monsterinsights_sitenote_active":false,"_monsterinsights_sitenote_note":"","_monsterinsights_sitenote_category":0,"footnotes":""},"class_list":["post-1034","page","type-page","status-publish","hentry"],"aioseo_notices":[],"_links":{"self":[{"href":"https:\/\/gmforging.com\/es\/index.php\/wp-json\/wp\/v2\/pages\/1034","targetHints":{"allow":["GET"]}}],"collection":[{"href":"https:\/\/gmforging.com\/es\/index.php\/wp-json\/wp\/v2\/pages"}],"about":[{"href":"https:\/\/gmforging.com\/es\/index.php\/wp-json\/wp\/v2\/types\/page"}],"author":[{"embeddable":true,"href":"https:\/\/gmforging.com\/es\/index.php\/wp-json\/wp\/v2\/users\/1"}],"replies":[{"embeddable":true,"href":"https:\/\/gmforging.com\/es\/index.php\/wp-json\/wp\/v2\/comments?post=1034"}],"version-history":[{"count":2,"href":"https:\/\/gmforging.com\/es\/index.php\/wp-json\/wp\/v2\/pages\/1034\/revisions"}],"predecessor-version":[{"id":1036,"href":"https:\/\/gmforging.com\/es\/index.php\/wp-json\/wp\/v2\/pages\/1034\/revisions\/1036"}],"wp:attachment":[{"href":"https:\/\/gmforging.com\/es\/index.php\/wp-json\/wp\/v2\/media?parent=1034"}],"curies":[{"name":"wp","href":"https:\/\/api.w.org\/{rel}","templated":true}]}}