{"id":1232,"date":"2023-09-16T12:45:45","date_gmt":"2023-09-16T11:45:45","guid":{"rendered":"https:\/\/gmforging.com\/index.php\/anlassen\/"},"modified":"2023-10-17T12:53:07","modified_gmt":"2023-10-17T11:53:07","slug":"anlassen","status":"publish","type":"page","link":"https:\/\/gmforging.com\/de\/index.php\/anlassen\/","title":{"rendered":"Anlassen"},"content":{"rendered":"\n<style type=\"text\/css\" data-created_by=\"avia_inline_auto\" id=\"style-css-av-lmm0dehq-b4a659e07c68a02408483a261ad15347\">\n.avia-section.av-lmm0dehq-b4a659e07c68a02408483a261ad15347{\nbackground-repeat:no-repeat;\nbackground-image:url(https:\/\/gmforging.com\/wp-content\/uploads\/2023\/09\/tempering.jpg);\nbackground-position:0% 0%;\nbackground-attachment:scroll;\n}\n<\/style>\n<div id='av_section_1'  class='avia-section av-lmm0dehq-b4a659e07c68a02408483a261ad15347 main_color avia-section-default avia-no-border-styling  avia-builder-el-0  el_before_av_one_full  avia-builder-el-first  avia-full-stretch avia-bg-style-scroll av-minimum-height av-minimum-height-50 av-height-50  container_wrap fullsize'  data-section-bg-repeat='stretch' data-av_minimum_height_pc='50' data-av_min_height_opt='50'><div class='container av-section-cont-open' ><main  role=\"main\" itemprop=\"mainContentOfPage\"  class='template-page content  av-content-full alpha units'><div class='post-entry post-entry-type-page post-entry-1232'><div class='entry-content-wrapper clearfix'>\n<\/div><\/div><\/main><!-- close content main element --><\/div><\/div><div id='after_section_1'  class='main_color av_default_container_wrap container_wrap fullsize'  ><div class='container av-section-cont-open' ><div class='template-page content  av-content-full alpha units'><div class='post-entry post-entry-type-page post-entry-1232'><div class='entry-content-wrapper clearfix'><div  class='flex_column av-bqw7l-d720117775069d84dc7e6b23085fd25f av_one_full  avia-builder-el-1  el_after_av_section  avia-builder-el-no-sibling  first flex_column_div  '     ><section  class='av_textblock_section av-lmm0b7ar-d01ce779eccbad1687a08bf3502dde3e '   itemscope=\"itemscope\" itemtype=\"https:\/\/schema.org\/CreativeWork\" ><div class='avia_textblock'  itemprop=\"text\" ><p>Wir verf\u00fcgen \u00fcber einen elektrischen Ofen mit den Ma\u00dfen 2 Meter mal 2,5 Meter mal 7,5 Meter und einer Heizkapazit\u00e4t, die Temperaturen von bis zu 1250 \u00b0C erreichen kann. Dieser Ofen wird mit Erdgas betrieben und ist mit einem automatisierten Temperaturregelungssystem \u00fcber acht Etagen ausgestattet. In unserem elektronisch gesteuerten Ofen haben wir die M\u00f6glichkeit, eine breite Palette von W\u00e4rmebehandlungsprozessen durchzuf\u00fchren, darunter \u00d6lh\u00e4rten, Wasserh\u00e4rten (Q+T), Spannungsentlastung, Spannungsentlastung beim Schwei\u00dfen, Anlassen, Diffusionsgl\u00fchen, Weichgl\u00fchen, Normalgl\u00fchen und mehr. Unser Ofen ist auch mit grafischer Messung und Sofortzeichnungsfunktionen ausgestattet.<\/p>\n<\/div><\/section><\/div><\/p>\n","protected":false},"excerpt":{"rendered":"","protected":false},"author":1,"featured_media":0,"parent":0,"menu_order":0,"comment_status":"closed","ping_status":"closed","template":"","meta":{"om_disable_all_campaigns":false,"_monsterinsights_skip_tracking":false,"_monsterinsights_sitenote_active":false,"_monsterinsights_sitenote_note":"","_monsterinsights_sitenote_category":0,"footnotes":""},"class_list":["post-1232","page","type-page","status-publish","hentry"],"aioseo_notices":[],"_links":{"self":[{"href":"https:\/\/gmforging.com\/de\/index.php\/wp-json\/wp\/v2\/pages\/1232","targetHints":{"allow":["GET"]}}],"collection":[{"href":"https:\/\/gmforging.com\/de\/index.php\/wp-json\/wp\/v2\/pages"}],"about":[{"href":"https:\/\/gmforging.com\/de\/index.php\/wp-json\/wp\/v2\/types\/page"}],"author":[{"embeddable":true,"href":"https:\/\/gmforging.com\/de\/index.php\/wp-json\/wp\/v2\/users\/1"}],"replies":[{"embeddable":true,"href":"https:\/\/gmforging.com\/de\/index.php\/wp-json\/wp\/v2\/comments?post=1232"}],"version-history":[{"count":2,"href":"https:\/\/gmforging.com\/de\/index.php\/wp-json\/wp\/v2\/pages\/1232\/revisions"}],"predecessor-version":[{"id":1234,"href":"https:\/\/gmforging.com\/de\/index.php\/wp-json\/wp\/v2\/pages\/1232\/revisions\/1234"}],"wp:attachment":[{"href":"https:\/\/gmforging.com\/de\/index.php\/wp-json\/wp\/v2\/media?parent=1232"}],"curies":[{"name":"wp","href":"https:\/\/api.w.org\/{rel}","templated":true}]}}