{"id":1220,"date":"2023-09-16T12:47:28","date_gmt":"2023-09-16T11:47:28","guid":{"rendered":"https:\/\/gmforging.com\/index.php\/spannungsentlastungsgluehen\/"},"modified":"2023-10-17T12:33:10","modified_gmt":"2023-10-17T11:33:10","slug":"spannungsentlastungsgluehen","status":"publish","type":"page","link":"https:\/\/gmforging.com\/de\/index.php\/spannungsentlastungsgluehen\/","title":{"rendered":"Spannungsentlastungsgl\u00fchen"},"content":{"rendered":"\n<style type=\"text\/css\" data-created_by=\"avia_inline_auto\" id=\"style-css-av-lmm0nkgc-b095e625a75505f36569e56d1c869f36\">\n.avia-section.av-lmm0nkgc-b095e625a75505f36569e56d1c869f36{\nbackground-repeat:no-repeat;\nbackground-image:url(https:\/\/gmforging.com\/wp-content\/uploads\/2023\/09\/stress-relief-annealing.jpg);\nbackground-position:50% 50%;\nbackground-attachment:scroll;\n}\n<\/style>\n<div id='av_section_1'  class='avia-section av-lmm0nkgc-b095e625a75505f36569e56d1c869f36 main_color avia-section-default avia-no-border-styling  avia-builder-el-0  el_before_av_one_full  avia-builder-el-first  avia-full-stretch avia-bg-style-scroll av-minimum-height av-minimum-height-50 av-height-50  container_wrap fullsize'  data-section-bg-repeat='stretch' data-av_minimum_height_pc='50' data-av_min_height_opt='50'><div class='container av-section-cont-open' ><main  role=\"main\" itemprop=\"mainContentOfPage\"  class='template-page content  av-content-full alpha units'><div class='post-entry post-entry-type-page post-entry-1220'><div class='entry-content-wrapper clearfix'><\/div><\/div><\/main><!-- close content main element --><\/div><\/div><div id='after_section_1'  class='main_color av_default_container_wrap container_wrap fullsize'  ><div class='container av-section-cont-open' ><div class='template-page content  av-content-full alpha units'><div class='post-entry post-entry-type-page post-entry-1220'><div class='entry-content-wrapper clearfix'>\n<div  class='flex_column av-arp8l-8fe73b5dd2127c79e033f2d9ec398e1e av_one_full  avia-builder-el-1  el_after_av_section  avia-builder-el-no-sibling  first flex_column_div  '     ><section  class='av_textblock_section av-lmm0mnrf-2d4dc1d99fae8ac285f9aed93fe082f8 '   itemscope=\"itemscope\" itemtype=\"https:\/\/schema.org\/CreativeWork\" ><div class='avia_textblock'  itemprop=\"text\" ><p>Das Spannungsabbau-Gl\u00fchen ist ein W\u00e4rmebehandlungsprozess, der dazu dient, innere Spannungen in Materialien, insbesondere in Metallen und Legierungen, zu reduzieren, die sich w\u00e4hrend verschiedener Fertigungsprozesse wie Gie\u00dfen, Schwei\u00dfen, Bearbeitung oder Kaltverformung aufgebaut haben k\u00f6nnen. Das Ziel des Spannungsabbau-Gl\u00fchens besteht darin, die mechanischen Eigenschaften des Materials, seine dimensionsstabile Struktur zu verbessern und das Risiko von Verformungen oder Rissen zu verringern.<\/p>\n<p>&#8222;Wir betreiben einen W\u00e4rmebehandlungsofen in Brunnenbauweise mit einem Durchmesser von 1,5 Metern und einer L\u00e4nge von 3 Metern, sowie eine weitere Anlage gleicher Abmessungen. Unsere Betriebsabl\u00e4ufe umfassen die R\u00fcckgewinnung von Erdgas, das Anlassen, das Spannungsabbau-Gl\u00fchen und die Normalisierungsprozesse. Zus\u00e4tzlich zu diesen Anlagen verf\u00fcgen wir \u00fcber einen \u00d6ltank in Brunnenbauweise mit einem Fassungsverm\u00f6gen von 6 Tonnen und einen Wassertank.<\/p>\n<\/div><\/section><\/div>\n","protected":false},"excerpt":{"rendered":"","protected":false},"author":1,"featured_media":0,"parent":0,"menu_order":0,"comment_status":"closed","ping_status":"closed","template":"","meta":{"om_disable_all_campaigns":false,"_monsterinsights_skip_tracking":false,"_monsterinsights_sitenote_active":false,"_monsterinsights_sitenote_note":"","_monsterinsights_sitenote_category":0,"footnotes":""},"class_list":["post-1220","page","type-page","status-publish","hentry"],"aioseo_notices":[],"_links":{"self":[{"href":"https:\/\/gmforging.com\/de\/index.php\/wp-json\/wp\/v2\/pages\/1220","targetHints":{"allow":["GET"]}}],"collection":[{"href":"https:\/\/gmforging.com\/de\/index.php\/wp-json\/wp\/v2\/pages"}],"about":[{"href":"https:\/\/gmforging.com\/de\/index.php\/wp-json\/wp\/v2\/types\/page"}],"author":[{"embeddable":true,"href":"https:\/\/gmforging.com\/de\/index.php\/wp-json\/wp\/v2\/users\/1"}],"replies":[{"embeddable":true,"href":"https:\/\/gmforging.com\/de\/index.php\/wp-json\/wp\/v2\/comments?post=1220"}],"version-history":[{"count":2,"href":"https:\/\/gmforging.com\/de\/index.php\/wp-json\/wp\/v2\/pages\/1220\/revisions"}],"predecessor-version":[{"id":1222,"href":"https:\/\/gmforging.com\/de\/index.php\/wp-json\/wp\/v2\/pages\/1220\/revisions\/1222"}],"wp:attachment":[{"href":"https:\/\/gmforging.com\/de\/index.php\/wp-json\/wp\/v2\/media?parent=1220"}],"curies":[{"name":"wp","href":"https:\/\/api.w.org\/{rel}","templated":true}]}}