{"id":1208,"date":"2023-09-16T12:49:09","date_gmt":"2023-09-16T11:49:09","guid":{"rendered":"https:\/\/gmforging.com\/index.php\/stahlstangenreinigungseinheiten\/"},"modified":"2023-10-17T12:25:40","modified_gmt":"2023-10-17T11:25:40","slug":"stahlstangenreinigungseinheiten","status":"publish","type":"page","link":"https:\/\/gmforging.com\/de\/index.php\/stahlstangenreinigungseinheiten\/","title":{"rendered":"Stahlstangenreinigungseinheiten"},"content":{"rendered":"\n<style type=\"text\/css\" data-created_by=\"avia_inline_auto\" id=\"style-css-av-lmm0x7nv-20a9f970381b6a881dcc9719f923c2b3\">\n.avia-section.av-lmm0x7nv-20a9f970381b6a881dcc9719f923c2b3{\nbackground-repeat:no-repeat;\nbackground-image:url(https:\/\/gmforging.com\/wp-content\/uploads\/2023\/09\/Steel-Ball-Cleaning-Units.jpg);\nbackground-position:50% 50%;\nbackground-attachment:scroll;\n}\n.avia-section.av-lmm0x7nv-20a9f970381b6a881dcc9719f923c2b3 .av-section-color-overlay{\nopacity:0.7;\nbackground-color:#c6c6c6;\n}\n<\/style>\n<div id='av_section_1'  class='avia-section av-lmm0x7nv-20a9f970381b6a881dcc9719f923c2b3 main_color avia-section-default avia-no-border-styling  avia-builder-el-0  el_before_av_one_full  avia-builder-el-first  avia-full-stretch avia-bg-style-scroll av-section-color-overlay-active av-minimum-height av-minimum-height-50 av-height-50  container_wrap fullsize'  data-section-bg-repeat='stretch' data-av_minimum_height_pc='50' data-av_min_height_opt='50'><div class=\"av-section-color-overlay-wrap\"><div class=\"av-section-color-overlay\"><\/div><div class='container av-section-cont-open' ><main  role=\"main\" itemprop=\"mainContentOfPage\"  class='template-page content  av-content-full alpha units'><div class='post-entry post-entry-type-page post-entry-1208'><div class='entry-content-wrapper clearfix'><\/div><\/div><\/main><!-- close content main element --><\/div><\/div><\/div><div id='after_section_1'  class='main_color av_default_container_wrap container_wrap fullsize'  ><div class='container av-section-cont-open' ><div class='template-page content  av-content-full alpha units'><div class='post-entry post-entry-type-page post-entry-1208'><div class='entry-content-wrapper clearfix'>\n<div  class='flex_column av-9479l-03c3829e5a74c51176ecb7bb989e8fb6 av_one_full  avia-builder-el-1  el_after_av_section  avia-builder-el-no-sibling  first flex_column_div  '     ><section  class='av_textblock_section av-lmm0wgiu-c1ceafc60cfe82b01c54ff2669905af5 '   itemscope=\"itemscope\" itemtype=\"https:\/\/schema.org\/CreativeWork\" ><div class='avia_textblock'  itemprop=\"text\" ><p>&#8222;Stahlkugelreinigungseinheiten&#8220;, auch als Stahlkugelreinigungssysteme oder Schussstrahlmaschinen bekannt, sind industrielle Ger\u00e4te, die zur Oberfl\u00e4chenvorbereitung und Reinigung verschiedener Materialarten verwendet werden, insbesondere von Metallkomponenten und -strukturen. Diese Einheiten verwenden Stahlkugeln oder Schusskugeln als Schleifmittel, um Verunreinigungen, Skala, Rost, alte Beschichtungen und andere Oberfl\u00e4chenfehler von den Zielwerkst\u00fccken zu entfernen. Stahlkugelreinigungseinheiten werden h\u00e4ufig in Branchen wie Fertigung, Bauwesen, Automobil- und Luft- und Raumfahrtindustrie eingesetzt, wo saubere und gut vorbereitete Oberfl\u00e4chen f\u00fcr nachfolgende Prozesse wie Lackieren, Beschichten, Schwei\u00dfen oder Inspektion unerl\u00e4sslich sind.<\/p>\n<p>Unsere Einrichtungen umfassen einen dedizierten Betrieb zur Stahlkugelreinigung mit Abmessungen von 4000 x 5000 x 8000 mm. Diese hochmoderne Reinigungseinrichtung ist f\u00fcr gro\u00df angelegte Arbeiten vorbereitet, die f\u00fcr das Lackieren vorbereitet werden. Durch Verwendung eines Kugelspritzsystems behandeln wir effektiv Oxidation, die nach dem W\u00e4rmebehandlungsprozess auftreten kann. Dar\u00fcber hinaus verf\u00fcgen unsere Betriebsst\u00e4tten \u00fcber drei spezialisierte Reinigungsschr\u00e4nke f\u00fcr Stahlkugeln, von denen jeder Abmessungen von 1350 x 1450 x 1450 mm aufweist.<\/p>\n<\/div><\/section><\/div>\n","protected":false},"excerpt":{"rendered":"","protected":false},"author":1,"featured_media":0,"parent":0,"menu_order":0,"comment_status":"closed","ping_status":"closed","template":"","meta":{"om_disable_all_campaigns":false,"_monsterinsights_skip_tracking":false,"_monsterinsights_sitenote_active":false,"_monsterinsights_sitenote_note":"","_monsterinsights_sitenote_category":0,"footnotes":""},"class_list":["post-1208","page","type-page","status-publish","hentry"],"aioseo_notices":[],"_links":{"self":[{"href":"https:\/\/gmforging.com\/de\/index.php\/wp-json\/wp\/v2\/pages\/1208","targetHints":{"allow":["GET"]}}],"collection":[{"href":"https:\/\/gmforging.com\/de\/index.php\/wp-json\/wp\/v2\/pages"}],"about":[{"href":"https:\/\/gmforging.com\/de\/index.php\/wp-json\/wp\/v2\/types\/page"}],"author":[{"embeddable":true,"href":"https:\/\/gmforging.com\/de\/index.php\/wp-json\/wp\/v2\/users\/1"}],"replies":[{"embeddable":true,"href":"https:\/\/gmforging.com\/de\/index.php\/wp-json\/wp\/v2\/comments?post=1208"}],"version-history":[{"count":2,"href":"https:\/\/gmforging.com\/de\/index.php\/wp-json\/wp\/v2\/pages\/1208\/revisions"}],"predecessor-version":[{"id":1210,"href":"https:\/\/gmforging.com\/de\/index.php\/wp-json\/wp\/v2\/pages\/1208\/revisions\/1210"}],"wp:attachment":[{"href":"https:\/\/gmforging.com\/de\/index.php\/wp-json\/wp\/v2\/media?parent=1208"}],"curies":[{"name":"wp","href":"https:\/\/api.w.org\/{rel}","templated":true}]}}