{"id":1196,"date":"2023-09-30T14:34:49","date_gmt":"2023-09-30T13:34:49","guid":{"rendered":"https:\/\/gmforging.com\/index.php\/eigenschaften\/baustahl\/"},"modified":"2023-10-17T12:06:27","modified_gmt":"2023-10-17T11:06:27","slug":"baustahl","status":"publish","type":"page","link":"https:\/\/gmforging.com\/de\/index.php\/eigenschaften\/baustahl\/","title":{"rendered":"Baustahl"},"content":{"rendered":"\n<style type=\"text\/css\" data-created_by=\"avia_inline_auto\" id=\"style-css-av-ln63qr30-6b8dc0ac7f92787fccc5a106b05654f9\">\n.avia-section.av-ln63qr30-6b8dc0ac7f92787fccc5a106b05654f9{\nbackground-repeat:no-repeat;\nbackground-image:url(https:\/\/gmforging.com\/wp-content\/uploads\/2023\/09\/low-angle-view-building-ceiling-1-scaled.jpg);\nbackground-position:0% 0%;\nbackground-attachment:scroll;\n}\n<\/style>\n<div id='av_section_1'  class='avia-section av-ln63qr30-6b8dc0ac7f92787fccc5a106b05654f9 main_color avia-section-default avia-no-border-styling  avia-builder-el-0  el_before_av_textblock  avia-builder-el-first  avia-full-stretch avia-bg-style-scroll av-minimum-height av-minimum-height-50 av-height-50  container_wrap fullsize'  data-section-bg-repeat='stretch' data-av_minimum_height_pc='50' data-av_min_height_opt='50'><div class='container av-section-cont-open' ><main  role=\"main\" itemprop=\"mainContentOfPage\"  class='template-page content  av-content-full alpha units'><div class='post-entry post-entry-type-page post-entry-1196'><div class='entry-content-wrapper clearfix'><\/div><\/div><\/main><!-- close content main element --><\/div><\/div><div id='after_section_1'  class='main_color av_default_container_wrap container_wrap fullsize'  ><div class='container av-section-cont-open' ><div class='template-page content  av-content-full alpha units'><div class='post-entry post-entry-type-page post-entry-1196'><div class='entry-content-wrapper clearfix'>\n<section  class='av_textblock_section av-ln63rh19-fcda036d8eccd5c82be7d6adfb319852 '   itemscope=\"itemscope\" itemtype=\"https:\/\/schema.org\/CreativeWork\" ><div class='avia_textblock'  itemprop=\"text\" ><p><strong>Baustahl<\/strong><\/p>\n<p><strong>S355 J2G3 STAHL<\/strong><\/p>\n<p>S355 J2G3 Stahl ist ein kohlenstoffreicher Manganstahl mit hohem Ertrag, der nicht legiert ist. Er wird S355 genannt, weil die durchschnittliche Mindeststreckgrenze dieses Materials 355 MPa betr\u00e4gt. Als Baustahl weist er ausgezeichnete Festigkeit und Schwei\u00dfbarkeit auf. Er kann problemlos mit anderen schwei\u00dfbaren St\u00e4hlen verschwei\u00dft werden. Aufgrund seines niedrigen Kohlenstoff\u00e4quivalents besitzt er gute Kaltumformeigenschaften.<\/p>\n<p>S355J2G3 ist eine Baustahlklasse mit niedrigem Kohlenstoffgehalt, die oft f\u00fcr Anwendungen verwendet wird, die bessere mechanische Eigenschaften erfordern als die Klassen S275 und S235. Er findet weitreichende Anwendung in den Bereichen Ingenieurwesen und Bauwesen.<\/p>\n<p>Anwendungen umfassen Achsen, Bolzen und Verbindungsstangen, Motoren, Hydraulik- und Pumpenwellen, Maschinenteile, \u00dcbertragungst\u00fcrme, Kipplaster, Krane, Anh\u00e4nger, Bulldozer, Bagger, Forstmaschinen, Eisenbahnwagen, Schwimmtore, Rohre, Autobahnbr\u00fccken, Geb\u00e4udestrukturen, \u00d6l- und Gasplattformen, Offshore-Strukturen, Schiffbau, Kraftwerke, Palm\u00f6lausr\u00fcstungen und Maschinen, Ventilatoren, Pumpen, Hebezeuge und Hafenausr\u00fcstungen usw.<\/p>\n<p><strong>ST52 STAHL<\/strong><\/p>\n<p>ST52 ist ein kohlenstoffarmer Stahl mit Mangananteil. Er weist eine gute Schlagfestigkeit und Materialfestigkeit auf. Die langlebigen Eigenschaften in Kombination mit der leichten Verarbeitung machen ST52 zu einer beliebten Option f\u00fcr verschiedene Branchen und Anwendungen. In Bezug auf andere physische Resilienzparameter wie Oberfl\u00e4chenh\u00e4rte und Zugfestigkeit zeigt ST52 gute Leistungen. Au\u00dferdem ist ST52 ziemlich duktil, was bedeutet, dass er in die gew\u00fcnschten Formen plastisch umgeformt werden kann, ohne dass eine W\u00e4rmebehandlung erforderlich ist.<\/p>\n<p>Es handelt sich um eine standardisierte Stahlsorte in Europa, haupts\u00e4chlich in Deutschland, wo sie als &#8222;Stahl St52&#8220; oder &#8222;St52 Stahl&#8220; bekannt ist. In Bezug auf sein amerikanisches \u00c4quivalent entspricht ST52-Stahl dem ASTM A572 Grade 50-Stahl.<\/p>\n<p>Die wichtigsten Merkmale von ST52-Stahl sind seine hohe Festigkeit, gute Schwei\u00dfbarkeit und gute Bearbeitbarkeit. Er wird h\u00e4ufig in der Konstruktion von Geb\u00e4uden, Br\u00fccken und anderen Strukturen eingesetzt, in denen hochfeste Materialien erforderlich sind. ST52-Stahl wird auch in der Herstellung von Maschinenteilen eingesetzt, wie hydraulischen Zylindern, Achsen und verschiedenen Komponenten, die schweren Lasten und Belastungen standhalten m\u00fcssen.<\/p>\n<p><strong>S275JR STAHL<\/strong><\/p>\n<p>S275JR ist eine spezielle Klasse von kohlenstoffarmem Baustahl. Das &#8222;S&#8220; steht f\u00fcr Baustahl; &#8222;275&#8220; bezieht sich auf die minimale Streckgrenze von 275 MPa, die mit einer Stahldicke \u2264 16 mm getestet wurde. &#8222;JR&#8220; bedeutet, dass der minimale Kerbschlagwert bei Raumtemperatur 27 J betr\u00e4gt. &#8222;J0&#8220; bezieht sich auf den minimalen Kerbschlagwert bei 0 \u00b0C, der ebenfalls 27 J betr\u00e4gt. &#8222;J2&#8220; bedeutet, dass der minimale Schlagwert bei -20 \u00b0C 27 J betr\u00e4gt.<\/p>\n<p>Die Wahl der Stahlsorte h\u00e4ngt von den spezifischen Anforderungen des Projekts und den verwendeten Bauelementen ab. Ingenieure und Designer w\u00e4hlen die geeignete Stahlsorte aufgrund von Faktoren wie Tragf\u00e4higkeit, Umweltbedingungen und der gew\u00fcnschten Festigkeit und Haltbarkeit der Struktur aus.<\/p>\n<\/div><\/section>\n","protected":false},"excerpt":{"rendered":"","protected":false},"author":1,"featured_media":0,"parent":1124,"menu_order":0,"comment_status":"closed","ping_status":"closed","template":"","meta":{"om_disable_all_campaigns":false,"_monsterinsights_skip_tracking":false,"_monsterinsights_sitenote_active":false,"_monsterinsights_sitenote_note":"","_monsterinsights_sitenote_category":0,"footnotes":""},"class_list":["post-1196","page","type-page","status-publish","hentry"],"aioseo_notices":[],"_links":{"self":[{"href":"https:\/\/gmforging.com\/de\/index.php\/wp-json\/wp\/v2\/pages\/1196","targetHints":{"allow":["GET"]}}],"collection":[{"href":"https:\/\/gmforging.com\/de\/index.php\/wp-json\/wp\/v2\/pages"}],"about":[{"href":"https:\/\/gmforging.com\/de\/index.php\/wp-json\/wp\/v2\/types\/page"}],"author":[{"embeddable":true,"href":"https:\/\/gmforging.com\/de\/index.php\/wp-json\/wp\/v2\/users\/1"}],"replies":[{"embeddable":true,"href":"https:\/\/gmforging.com\/de\/index.php\/wp-json\/wp\/v2\/comments?post=1196"}],"version-history":[{"count":2,"href":"https:\/\/gmforging.com\/de\/index.php\/wp-json\/wp\/v2\/pages\/1196\/revisions"}],"predecessor-version":[{"id":1198,"href":"https:\/\/gmforging.com\/de\/index.php\/wp-json\/wp\/v2\/pages\/1196\/revisions\/1198"}],"up":[{"embeddable":true,"href":"https:\/\/gmforging.com\/de\/index.php\/wp-json\/wp\/v2\/pages\/1124"}],"wp:attachment":[{"href":"https:\/\/gmforging.com\/de\/index.php\/wp-json\/wp\/v2\/media?parent=1196"}],"curies":[{"name":"wp","href":"https:\/\/api.w.org\/{rel}","templated":true}]}}