{"id":1184,"date":"2023-09-30T14:34:17","date_gmt":"2023-09-30T13:34:17","guid":{"rendered":"https:\/\/gmforging.com\/index.php\/eigenschaften\/federstahllegierung\/"},"modified":"2023-10-16T21:30:20","modified_gmt":"2023-10-16T20:30:20","slug":"federstahllegierung","status":"publish","type":"page","link":"https:\/\/gmforging.com\/de\/index.php\/eigenschaften\/federstahllegierung\/","title":{"rendered":"Federstahllegierung"},"content":{"rendered":"\n<style type=\"text\/css\" data-created_by=\"avia_inline_auto\" id=\"style-css-av-ln63ob3b-8444eb40e55527d561204707dbf51e0b\">\n.avia-section.av-ln63ob3b-8444eb40e55527d561204707dbf51e0b{\nbackground-repeat:no-repeat;\nbackground-image:url(https:\/\/gmforging.com\/wp-content\/uploads\/2023\/09\/low-angle-view-building-ceiling-1-scaled.jpg);\nbackground-position:0% 0%;\nbackground-attachment:scroll;\n}\n<\/style>\n<div id='av_section_1'  class='avia-section av-ln63ob3b-8444eb40e55527d561204707dbf51e0b main_color avia-section-default avia-no-border-styling  avia-builder-el-0  el_before_av_textblock  avia-builder-el-first  avia-full-stretch avia-bg-style-scroll av-minimum-height av-minimum-height-50 av-height-50  container_wrap fullsize'  data-section-bg-repeat='stretch' data-av_minimum_height_pc='50' data-av_min_height_opt='50'><div class='container av-section-cont-open' ><main  role=\"main\" itemprop=\"mainContentOfPage\"  class='template-page content  av-content-full alpha units'><div class='post-entry post-entry-type-page post-entry-1184'><div class='entry-content-wrapper clearfix'><\/div><\/div><\/main><!-- close content main element --><\/div><\/div><div id='after_section_1'  class='main_color av_default_container_wrap container_wrap fullsize'  ><div class='container av-section-cont-open' ><div class='template-page content  av-content-full alpha units'><div class='post-entry post-entry-type-page post-entry-1184'><div class='entry-content-wrapper clearfix'>\n<section  class='av_textblock_section av-ln63pegs-45e9e70465c3a5f85e753d5be3f10673 '   itemscope=\"itemscope\" itemtype=\"https:\/\/schema.org\/CreativeWork\" ><div class='avia_textblock'  itemprop=\"text\" ><p><strong>Stahlegierung &#8211; Federstahl<\/strong><\/p>\n<p><strong>50CrV4 Stahl<\/strong><\/p>\n<p>Dieser Federstahl eignet sich hervorragend f\u00fcr verschiedene Anwendungen im Maschinenbau, in der Automobilherstellung und bei der Herstellung von Zahnr\u00e4dern sowie bei der Herstellung von Handwerkzeugen.<\/p>\n<p>Die Zusammensetzung von 50CrV4 Stahl umfasst:<\/p>\n<p>50 % Kohlenstoff (C)<br \/>\nChrom (Cr)<br \/>\nVanadium (V)<br \/>\nDie &#8222;50&#8220; im Namen gibt den ungef\u00e4hren Prozentsatz des Kohlenstoffs im Stahl an. Die Zugabe von Chrom und Vanadium verbessert die Eigenschaften des Materials und macht es f\u00fcr verschiedene Anwendungen geeignet, insbesondere bei der Herstellung von Federn und hochbelasteten Bauteilen.<\/p>\n<p>50CrV4 Stahl ist bekannt f\u00fcr seine ausgezeichneten Federeigenschaften, hohe Festigkeit und gute Verschlei\u00dffestigkeit. Er wird h\u00e4ufig bei der Herstellung von Blattfedern, Schraubenfedern und anderen Arten von mechanischen Federn eingesetzt. Seine F\u00e4higkeit, wiederholten Belastungen standzuhalten, und seine Langlebigkeit machen ihn zur bevorzugten Wahl in Anwendungen, in denen diese Eigenschaften entscheidend sind. Dar\u00fcber hinaus findet man ihn in verschiedenen Komponenten des Automobil- und Maschinenbaus, wo hohe Zugfestigkeit und Z\u00e4higkeit erforderlich sind.<\/p>\n<p><strong>SAE 9255 Stahl<\/strong><\/p>\n<p>AISI 9255 ist ein Silizium-Mangan-Feder- und Werkzeugstahl mit guter Z\u00e4higkeit und Schlagfestigkeit.<\/p>\n<p>AISI 9255 Stahl ist bekannt f\u00fcr seine ausgezeichneten mechanischen Eigenschaften, einschlie\u00dflich hoher Zugfestigkeit und guter Z\u00e4higkeit. Aufgrund dieser Eigenschaften wird er h\u00e4ufig bei der Herstellung verschiedener Arten von Schrauben- und Blattfedern sowie anderer Federungskomponenten in der Automobil- und Maschinenbauindustrie verwendet. Die Legierungselemente, insbesondere Chrom, tragen zu seiner Festigkeit und Haltbarkeit bei, was ihn f\u00fcr Anwendungen geeignet macht, bei denen das Material hohen Belastungen und wiederholten Beanspruchungen standhalten muss.<\/p>\n<\/div><\/section>\n","protected":false},"excerpt":{"rendered":"","protected":false},"author":1,"featured_media":0,"parent":1124,"menu_order":0,"comment_status":"closed","ping_status":"closed","template":"","meta":{"om_disable_all_campaigns":false,"_monsterinsights_skip_tracking":false,"_monsterinsights_sitenote_active":false,"_monsterinsights_sitenote_note":"","_monsterinsights_sitenote_category":0,"footnotes":""},"class_list":["post-1184","page","type-page","status-publish","hentry"],"aioseo_notices":[],"_links":{"self":[{"href":"https:\/\/gmforging.com\/de\/index.php\/wp-json\/wp\/v2\/pages\/1184","targetHints":{"allow":["GET"]}}],"collection":[{"href":"https:\/\/gmforging.com\/de\/index.php\/wp-json\/wp\/v2\/pages"}],"about":[{"href":"https:\/\/gmforging.com\/de\/index.php\/wp-json\/wp\/v2\/types\/page"}],"author":[{"embeddable":true,"href":"https:\/\/gmforging.com\/de\/index.php\/wp-json\/wp\/v2\/users\/1"}],"replies":[{"embeddable":true,"href":"https:\/\/gmforging.com\/de\/index.php\/wp-json\/wp\/v2\/comments?post=1184"}],"version-history":[{"count":2,"href":"https:\/\/gmforging.com\/de\/index.php\/wp-json\/wp\/v2\/pages\/1184\/revisions"}],"predecessor-version":[{"id":1186,"href":"https:\/\/gmforging.com\/de\/index.php\/wp-json\/wp\/v2\/pages\/1184\/revisions\/1186"}],"up":[{"embeddable":true,"href":"https:\/\/gmforging.com\/de\/index.php\/wp-json\/wp\/v2\/pages\/1124"}],"wp:attachment":[{"href":"https:\/\/gmforging.com\/de\/index.php\/wp-json\/wp\/v2\/media?parent=1184"}],"curies":[{"name":"wp","href":"https:\/\/api.w.org\/{rel}","templated":true}]}}