{"id":1172,"date":"2023-09-30T14:36:27","date_gmt":"2023-09-30T13:36:27","guid":{"rendered":"https:\/\/gmforging.com\/index.php\/eigenschaften\/gehaerteter-stahl-2\/"},"modified":"2023-10-16T21:09:38","modified_gmt":"2023-10-16T20:09:38","slug":"gehaerteter-stahl-2","status":"publish","type":"page","link":"https:\/\/gmforging.com\/de\/index.php\/eigenschaften\/gehaerteter-stahl-2\/","title":{"rendered":"Geh\u00e4rteter Stahl"},"content":{"rendered":"\n<style type=\"text\/css\" data-created_by=\"avia_inline_auto\" id=\"style-css-av-ln63kscq-f16f0d3eeb5cc04213a10fe898f646c3\">\n.avia-section.av-ln63kscq-f16f0d3eeb5cc04213a10fe898f646c3{\nbackground-repeat:no-repeat;\nbackground-image:url(https:\/\/gmforging.com\/wp-content\/uploads\/2023\/09\/low-angle-view-building-ceiling-1-scaled.jpg);\nbackground-position:0% 0%;\nbackground-attachment:scroll;\n}\n<\/style>\n<div id='av_section_1'  class='avia-section av-ln63kscq-f16f0d3eeb5cc04213a10fe898f646c3 main_color avia-section-default avia-no-border-styling  avia-builder-el-0  el_before_av_textblock  avia-builder-el-first  avia-full-stretch avia-bg-style-scroll av-minimum-height av-minimum-height-50 av-height-50  container_wrap fullsize'  data-section-bg-repeat='stretch' data-av_minimum_height_pc='50' data-av_min_height_opt='50'><div class='container av-section-cont-open' ><main  role=\"main\" itemprop=\"mainContentOfPage\"  class='template-page content  av-content-full alpha units'><div class='post-entry post-entry-type-page post-entry-1172'><div class='entry-content-wrapper clearfix'><\/div><\/div><\/main><!-- close content main element --><\/div><\/div><div id='after_section_1'  class='main_color av_default_container_wrap container_wrap fullsize'  ><div class='container av-section-cont-open' ><div class='template-page content  av-content-full alpha units'><div class='post-entry post-entry-type-page post-entry-1172'><div class='entry-content-wrapper clearfix'>\n<section  class='av_textblock_section av-ln63myj5-47c77139e6dbf88c0a35674f62811b20 '   itemscope=\"itemscope\" itemtype=\"https:\/\/schema.org\/CreativeWork\" ><div class='avia_textblock'  itemprop=\"text\" ><p><strong><\/p>\n<h3>Geh\u00e4rteter Stahl<\/h3>\n<p><\/strong><br \/>\n<strong>Stahl 42CrMo4<\/strong><br \/>\nGmforging produziert geschmiedeten Stahl 42CrMo4, der ges\u00e4gt, geschnitten und geliefert werden kann.<\/p>\n<p>42CrMo4 ist ein hochwertiger, niedrig legierter Stahl, der f\u00fcr seine ausgezeichnete Festigkeit, Z\u00e4higkeit und H\u00e4rte bekannt ist. Dieser Stahl wird oft in Anwendungen verwendet, die hohe Zugfestigkeit, Streckgrenze, gute Verschlei\u00dffestigkeit und die F\u00e4higkeit erfordern, seine mechanischen Eigenschaften bei erh\u00f6hten Temperaturen beizubehalten. Die numerische Zusammensetzung &#8222;42CrMo4&#8220; gibt seine Legierungselemente und ungef\u00e4hre Zusammensetzung an:<\/p>\n<p>42 steht f\u00fcr den ungef\u00e4hren Kohlenstoffgehalt (0,42 %).<\/p>\n<p>Cr steht f\u00fcr Chrom als Hauptlegierungselement.<\/p>\n<p>Mo steht f\u00fcr Molybd\u00e4n als Legierungselement.<\/p>\n<p>Der legierte Stahl 1.7225 4140 (42CrMo4) wird weitgehend f\u00fcr technische Stahlanwendungen verwendet, wie z. B. verschiedene Maschinen, Automobile, Ersatzteile im Bergbau, Zahnr\u00e4der von Motoren, Antriebsr\u00e4der von Turboladern, Pleuelstangen, Teile f\u00fcr Anwendungen im Antriebsstrang, kaltgeformte Verbindungselemente. Er wird h\u00e4ufig in Bereichen wie Wellen, Zahnr\u00e4dern und \u00d6lbohrungen eingesetzt.<\/p>\n<p><strong>Stahl 34CrNiMo6<\/strong><\/p>\n<p>Gmforging produziert geschmiedeten Stahl 34CrNiMo6, der ges\u00e4gt, geschnitten und geliefert werden kann.<\/p>\n<p>34CrNiMo6 ist ein niedrig legierter Stahl, der f\u00fcr seine hohe Festigkeit, Z\u00e4higkeit und gute H\u00e4rte bekannt ist. Dieser Stahl wird oft in Anwendungen eingesetzt, die ausgezeichnete mechanische Eigenschaften und Best\u00e4ndigkeit gegen Verschlei\u00df und Schlag erfordern. Die numerische Zusammensetzung &#8222;34CrNiMo6&#8220; gibt seine Legierungselemente und ungef\u00e4hre Zusammensetzung an:<\/p>\n<p>34 steht f\u00fcr den ungef\u00e4hren Kohlenstoffgehalt (0,34 %).<\/p>\n<p>Cr steht f\u00fcr Chrom als Hauptlegierungselement.<\/p>\n<p>Ni steht f\u00fcr Nickel als Legierungselement.<\/p>\n<p>Mo steht f\u00fcr Molybd\u00e4n als Legierungselement.<\/p>\n<p>Temperierter Stahl 1.6582 (AISI 4340) (34CrNiMo) wird insbesondere in Teilen des Maschinenbaus, \u00fcberlasteten Kurbelwellen, Nockenwellen und Zahnr\u00e4dern bevorzugt.<\/p>\n<p><strong>Stahl 30CrNiMo8<\/strong><\/p>\n<p>Gmforging produziert geschmiedeten Stahl 30CrNiMo8, der ges\u00e4gt, geschnitten und geliefert werden kann.<\/p>\n<p>30CrNiMo8 ist ein niedrig legierter Stahl, der f\u00fcr seine hohe Festigkeit, Z\u00e4higkeit und gute H\u00e4rte bekannt ist. Dieser Stahl wird h\u00e4ufig in Anwendungen eingesetzt, die hervorragende mechanische Eigenschaften, Best\u00e4ndigkeit gegen Verschlei\u00df und Schlag sowie die F\u00e4higkeit zur W\u00e4rmebehandlung zur Erzielung bestimmter H\u00e4rtegrade erfordern. Die numerische Zusammensetzung &#8222;30CrNiMo8&#8220; gibt seine Legierungselemente und ungef\u00e4hre Zusammensetzung an:<\/p>\n<p>30 steht f\u00fcr den ungef\u00e4hren Kohlenstoffgehalt (0,30 %).<\/p>\n<p>Cr steht f\u00fcr Chrom als Hauptlegierungselement.<\/p>\n<p>Ni steht f\u00fcr Nickel als Legierungselement.<\/p>\n<p>Mo steht f\u00fcr Molybd\u00e4n als Legierungselement.<\/p>\n<p>Der Stahl 1.6580 30CrNiMo8 wird f\u00fcr Automobil- und allgemeine Komponenten verwendet, die hohe Anforderungen an Festigkeit und Z\u00e4higkeit sowie gute H\u00e4rtever\u00e4nderbarkeit stellen. Er eignet sich besonders f\u00fcr schwere Teile in der Luftfahrt-, Automobil- und Milit\u00e4rindustrie.<\/p>\n<\/div><\/section>\n","protected":false},"excerpt":{"rendered":"","protected":false},"author":1,"featured_media":0,"parent":1124,"menu_order":0,"comment_status":"closed","ping_status":"closed","template":"","meta":{"om_disable_all_campaigns":false,"_monsterinsights_skip_tracking":false,"_monsterinsights_sitenote_active":false,"_monsterinsights_sitenote_note":"","_monsterinsights_sitenote_category":0,"footnotes":""},"class_list":["post-1172","page","type-page","status-publish","hentry"],"aioseo_notices":[],"_links":{"self":[{"href":"https:\/\/gmforging.com\/de\/index.php\/wp-json\/wp\/v2\/pages\/1172","targetHints":{"allow":["GET"]}}],"collection":[{"href":"https:\/\/gmforging.com\/de\/index.php\/wp-json\/wp\/v2\/pages"}],"about":[{"href":"https:\/\/gmforging.com\/de\/index.php\/wp-json\/wp\/v2\/types\/page"}],"author":[{"embeddable":true,"href":"https:\/\/gmforging.com\/de\/index.php\/wp-json\/wp\/v2\/users\/1"}],"replies":[{"embeddable":true,"href":"https:\/\/gmforging.com\/de\/index.php\/wp-json\/wp\/v2\/comments?post=1172"}],"version-history":[{"count":2,"href":"https:\/\/gmforging.com\/de\/index.php\/wp-json\/wp\/v2\/pages\/1172\/revisions"}],"predecessor-version":[{"id":1174,"href":"https:\/\/gmforging.com\/de\/index.php\/wp-json\/wp\/v2\/pages\/1172\/revisions\/1174"}],"up":[{"embeddable":true,"href":"https:\/\/gmforging.com\/de\/index.php\/wp-json\/wp\/v2\/pages\/1124"}],"wp:attachment":[{"href":"https:\/\/gmforging.com\/de\/index.php\/wp-json\/wp\/v2\/media?parent=1172"}],"curies":[{"name":"wp","href":"https:\/\/api.w.org\/{rel}","templated":true}]}}