{"id":1160,"date":"2023-09-30T14:33:24","date_gmt":"2023-09-30T13:33:24","guid":{"rendered":"https:\/\/gmforging.com\/index.php\/eigenschaften\/gehaerteter-stahl\/"},"modified":"2023-10-16T20:25:53","modified_gmt":"2023-10-16T19:25:53","slug":"gehaerteter-stahl","status":"publish","type":"page","link":"https:\/\/gmforging.com\/de\/index.php\/eigenschaften\/gehaerteter-stahl\/","title":{"rendered":"GEH\u00c4RTETER STAHL"},"content":{"rendered":"\n<style type=\"text\/css\" data-created_by=\"avia_inline_auto\" id=\"style-css-av-ln63i6ck-f7a69ae187195ac2382b27a0a89642e6\">\n.avia-section.av-ln63i6ck-f7a69ae187195ac2382b27a0a89642e6{\nbackground-repeat:no-repeat;\nbackground-image:url(https:\/\/gmforging.com\/wp-content\/uploads\/2023\/09\/low-angle-view-building-ceiling-1-scaled.jpg);\nbackground-position:0% 0%;\nbackground-attachment:scroll;\n}\n<\/style>\n<div id='av_section_1'  class='avia-section av-ln63i6ck-f7a69ae187195ac2382b27a0a89642e6 main_color avia-section-default avia-no-border-styling  avia-builder-el-0  el_before_av_textblock  avia-builder-el-first  avia-full-stretch avia-bg-style-scroll av-minimum-height av-minimum-height-50 av-height-50  container_wrap fullsize'  data-section-bg-repeat='stretch' data-av_minimum_height_pc='50' data-av_min_height_opt='50'><div class='container av-section-cont-open' ><main  role=\"main\" itemprop=\"mainContentOfPage\"  class='template-page content  av-content-full alpha units'><div class='post-entry post-entry-type-page post-entry-1160'><div class='entry-content-wrapper clearfix'><\/div><\/div><\/main><!-- close content main element --><\/div><\/div><div id='after_section_1'  class='main_color av_default_container_wrap container_wrap fullsize'  ><div class='container av-section-cont-open' ><div class='template-page content  av-content-full alpha units'><div class='post-entry post-entry-type-page post-entry-1160'><div class='entry-content-wrapper clearfix'>\n<section  class='av_textblock_section av-ln63jq42-43969728a1c3e831a2a5359fd4d3033f '   itemscope=\"itemscope\" itemtype=\"https:\/\/schema.org\/CreativeWork\" ><div class='avia_textblock'  itemprop=\"text\" ><p><strong>STAHLSORTEN F\u00dcR DURCHH\u00c4RTUNG<\/strong><\/p>\n<p><strong>16 MnCr5 (1.7131) Stahl<\/strong><\/p>\n<p>Der 16 MnCr5 (1.7131) Stahl ist ein Niedriglegierter Stahl, der f\u00fcr seine gute H\u00e4rtbarkeit, Festigkeit und Verschlei\u00dffestigkeit bekannt ist. Dieser Stahl wird h\u00e4ufig in Anwendungen verwendet, die Komponenten mit einer Kombination dieser Eigenschaften erfordern. Die numerische Bezeichnung &#8222;16MnCr5&#8220; gibt seine Legierungselemente und ungef\u00e4hre Zusammensetzung an:<\/p>\n<p>16 steht f\u00fcr den ungef\u00e4hren Kohlenstoffgehalt (0,16 %).<br \/>\nMn repr\u00e4sentiert Mangan als ein wichtiges Legierungselement.<br \/>\nCr repr\u00e4sentiert Chrom als ein Legierungselement.<br \/>\n5 steht f\u00fcr den ungef\u00e4hren Kohlenstoffgehalt (0,5 %) von Chrom.<br \/>\n16MnCr5 Stahl wird h\u00e4ufig in Branchen wie der Automobilindustrie, dem Maschinenbau und der Getriebefertigung eingesetzt. Er wird oft f\u00fcr Anwendungen wie Zahnr\u00e4der, Wellen, Achsen und andere Komponenten gew\u00e4hlt, bei denen eine Kombination aus Festigkeit, H\u00e4rtbarkeit und Verschlei\u00dffestigkeit erforderlich ist.<\/p>\n<p>16MnCr5 ist ein vielseitiger Stahl, der durch W\u00e4rmebehandlungsprozesse an spezifische Anforderungen angepasst werden kann. Seine ausgewogenen Eigenschaften machen ihn wertvoll f\u00fcr verschiedene Anwendungen in verschiedenen Branchen, insbesondere in Situationen, in denen Komponenten hohen Belastungen und Verschlei\u00df standhalten m\u00fcssen.<\/p>\n<p><strong>20MnCr5 Stahl<\/strong><\/p>\n<p>20MnCr5 (1.7147) ist ein Einsatzstahl mit niedrigem Kohlenstoffgehalt, aber guter H\u00e4rtbarkeit, was aufgrund der hohen Oberfl\u00e4chenh\u00e4rte nach der H\u00e4rtung zu einer guten Verschlei\u00dffestigkeit f\u00fchrt. Die geringe Korngr\u00f6\u00dfe f\u00fchrt zu guter Duktilit\u00e4t und Erm\u00fcdungsfestigkeit. Geeignet f\u00fcr Getriebe und Achsantriebe.<\/p>\n<p>Die numerische Bezeichnung &#8222;20MnCr5&#8220; gibt seine Legierungselemente und ungef\u00e4hre Zusammensetzung an:<\/p>\n<p>20 steht f\u00fcr den ungef\u00e4hren Kohlenstoffgehalt (0,20 %).<br \/>\nMn repr\u00e4sentiert Mangan als ein wichtiges Legierungselement.<br \/>\nCr repr\u00e4sentiert Chrom als ein Legierungselement.<br \/>\n5 steht f\u00fcr den ungef\u00e4hren Kohlenstoffgehalt (0,5 %) von Chrom.<br \/>\n<strong>AISI 8620 Stahl<\/strong><\/p>\n<p>AISI 8620 (20NiCrMo2, 1.6523) ist ein Material, das sich f\u00fcr Karburierung und Nitrierung eignet, dank seines niedrigen Kohlenstoffgehalts. 8620 Stahl ist ein duktiler Einsatzstahl, bei dem Z\u00e4higkeit im Kern erforderlich ist und er an der Oberfl\u00e4che hart und verschlei\u00dffest ist. Er wird bevorzugt in Bereichen eingesetzt, die Sto\u00dfbelastungen ausgesetzt sind.<\/p>\n<p>AISI 8620 (20NiCrMo2, 1.6523) wird in Zahnradr\u00e4dern, Bolzen, Wellen, Schaltmanschetten, Kettengliedern und \u00e4hnlichen Teilen verwendet.<\/p>\n<p><strong>18CrNiMo7-6 Stahl<\/strong><\/p>\n<p>AISI 4820 (18CrNiMo7-6,1,6587) ist ein Einsatzstahl, legiert mit Nickel, Chrom und Molybd\u00e4n. Die H\u00e4rte in der Oberfl\u00e4che ist im Vergleich zu 8620 deutlich h\u00f6her. Da der Chrom- und Nickelgehalt des 6587 Stahls viel h\u00f6her ist als der von 8620, sind auch seine allgemeinen mechanischen Eigenschaften besser.<\/p>\n<p>AISI 4820 (18CrNiMo7-6,1,6587) wird in Verschlei\u00dfbuchsen, Lagern, Spritzgussformen und \u00e4hnlichen Anwendungen verwendet.&#8220;<\/p>\n<\/div><\/section>\n","protected":false},"excerpt":{"rendered":"","protected":false},"author":1,"featured_media":0,"parent":1124,"menu_order":0,"comment_status":"closed","ping_status":"closed","template":"","meta":{"om_disable_all_campaigns":false,"_monsterinsights_skip_tracking":false,"_monsterinsights_sitenote_active":false,"_monsterinsights_sitenote_note":"","_monsterinsights_sitenote_category":0,"footnotes":""},"class_list":["post-1160","page","type-page","status-publish","hentry"],"aioseo_notices":[],"_links":{"self":[{"href":"https:\/\/gmforging.com\/de\/index.php\/wp-json\/wp\/v2\/pages\/1160","targetHints":{"allow":["GET"]}}],"collection":[{"href":"https:\/\/gmforging.com\/de\/index.php\/wp-json\/wp\/v2\/pages"}],"about":[{"href":"https:\/\/gmforging.com\/de\/index.php\/wp-json\/wp\/v2\/types\/page"}],"author":[{"embeddable":true,"href":"https:\/\/gmforging.com\/de\/index.php\/wp-json\/wp\/v2\/users\/1"}],"replies":[{"embeddable":true,"href":"https:\/\/gmforging.com\/de\/index.php\/wp-json\/wp\/v2\/comments?post=1160"}],"version-history":[{"count":2,"href":"https:\/\/gmforging.com\/de\/index.php\/wp-json\/wp\/v2\/pages\/1160\/revisions"}],"predecessor-version":[{"id":1162,"href":"https:\/\/gmforging.com\/de\/index.php\/wp-json\/wp\/v2\/pages\/1160\/revisions\/1162"}],"up":[{"embeddable":true,"href":"https:\/\/gmforging.com\/de\/index.php\/wp-json\/wp\/v2\/pages\/1124"}],"wp:attachment":[{"href":"https:\/\/gmforging.com\/de\/index.php\/wp-json\/wp\/v2\/media?parent=1160"}],"curies":[{"name":"wp","href":"https:\/\/api.w.org\/{rel}","templated":true}]}}