{"id":1148,"date":"2023-09-30T14:33:51","date_gmt":"2023-09-30T13:33:51","guid":{"rendered":"https:\/\/gmforging.com\/index.php\/eigenschaften\/kohlenstoffstahl\/"},"modified":"2023-10-16T20:12:09","modified_gmt":"2023-10-16T19:12:09","slug":"kohlenstoffstahl","status":"publish","type":"page","link":"https:\/\/gmforging.com\/de\/index.php\/eigenschaften\/kohlenstoffstahl\/","title":{"rendered":"Kohlenstoffstahl"},"content":{"rendered":"\n<style type=\"text\/css\" data-created_by=\"avia_inline_auto\" id=\"style-css-av-ln63ee4i-a45c5428ce70ef7007e1140f8914af85\">\n.avia-section.av-ln63ee4i-a45c5428ce70ef7007e1140f8914af85{\nbackground-repeat:no-repeat;\nbackground-image:url(https:\/\/gmforging.com\/wp-content\/uploads\/2023\/09\/low-angle-view-building-ceiling-1-scaled.jpg);\nbackground-position:0% 0%;\nbackground-attachment:scroll;\n}\n<\/style>\n<div id='av_section_1'  class='avia-section av-ln63ee4i-a45c5428ce70ef7007e1140f8914af85 main_color avia-section-default avia-no-border-styling  avia-builder-el-0  el_before_av_textblock  avia-builder-el-first  avia-full-stretch avia-bg-style-scroll av-minimum-height av-minimum-height-50 av-height-50  container_wrap fullsize'  data-section-bg-repeat='stretch' data-av_minimum_height_pc='50' data-av_min_height_opt='50'><div class='container av-section-cont-open' ><main  role=\"main\" itemprop=\"mainContentOfPage\"  class='template-page content  av-content-full alpha units'><div class='post-entry post-entry-type-page post-entry-1148'><div class='entry-content-wrapper clearfix'><\/div><\/div><\/main><!-- close content main element --><\/div><\/div><div id='after_section_1'  class='main_color av_default_container_wrap container_wrap fullsize'  ><div class='container av-section-cont-open' ><div class='template-page content  av-content-full alpha units'><div class='post-entry post-entry-type-page post-entry-1148'><div class='entry-content-wrapper clearfix'>\n<section  class='av_textblock_section av-ln63gkrg-fb14a09201c99b762d874f3af2713a89 '   itemscope=\"itemscope\" itemtype=\"https:\/\/schema.org\/CreativeWork\" ><div class='avia_textblock'  itemprop=\"text\" ><p><strong>Kohlenstoffstahl<\/strong><\/p>\n<p><strong>SAE 1020:<\/strong> Der AISI 1020 Stahl zeichnet sich durch seine geringe H\u00e4rtef\u00e4higkeit und Zugfestigkeit aus, mit einer nominellen Zusammensetzung von 0,22 % Kohlenstoff (C) und 0,55 % Mangan (Mn). Dieser Stahl zeichnet sich durch hervorragende Schwei\u00dfbarkeit, g\u00fcnstige Zerspanbarkeit und bemerkenswerte Duktilit\u00e4t aus. Er wird h\u00e4ufig bei der Herstellung von Achsen, Wellen und verschiedenen mechanischen Komponenten eingesetzt, aufgrund seiner g\u00fcnstigen Eigenschaften in Bezug auf Schwei\u00dfbarkeit und Zerspanbarkeit.<\/p>\n<p><strong>SAE 1030:<\/strong> AISI 1030 ist ein hochkohlenstoffhaltiger Stahl mit etwa 0,30 % Kohlenstoff, der durch W\u00e4rmebehandlung auf eine maximale H\u00e4rte von etwa Rockwell C 50 geh\u00e4rtet werden kann. Weichgegl\u00fchter Hochkohlenstoffstahl ist f\u00fcr Anwendungen vorgesehen, die eine moderate Umformung erfordern, w\u00e4hrend weichgl\u00fchende kugelgraphitierte Produkte f\u00fcr Anwendungen vorgesehen sind, die maximale Kaltumformung erfordern. Das weichgegl\u00fchte kugelgraphitierte Produkt wird verarbeitet, um die geringste H\u00e4rte f\u00fcr maximale Umformbarkeit zu erreichen. Dieser Stahl wird f\u00fcr Maschinenteile, Halterungen, Bremsen, Klammern, Kupplungen, Federn, Unterlegscheiben und f\u00fcr eine breite Palette von Anwendungen verwendet, die seine gute Kombination mechanischer Eigenschaften nutzen k\u00f6nnen.<\/p>\n<p><strong>SAE 1045:<\/strong> &#8222;AISI 1045, klassifiziert als mittelkohlenstoffhaltiger Stahl, zeichnet sich durch vorteilhafte Eigenschaften wie hervorragende Schwei\u00dfbarkeit, g\u00fcnstige Zerspanbarkeit und bemerkenswerte Festigkeits- und Schlagfestigkeitseigenschaften aus, sei es im normalisierten oder warmgeschmiedeten Zustand.<\/p>\n<p><strong>SAE 1050:<\/strong> Die Stahlsorte 1050 wird als mittelkohlenstoffhaltiger Stahl klassifiziert und weist moderate Zugfestigkeit und Z\u00e4higkeit auf. Sie entspricht den Standards von ASTM A510\/A510M, ASTM A713\/A713M, SAE J403 und anderen relevanten beh\u00f6rdlichen Vorschriften. Die Stahlsorte 1050 findet umfangreiche Anwendung in der Herstellung von geschmiedeten Komponenten, einschlie\u00dflich Wellen, Getrieben, Achsen, B\u00e4ndern, Pflugscharen, Schrauben, Sicheln, Messern, \u00c4xten, H\u00e4mmern, sowie in der Herstellung von unbelasteten Federn und Schraubenfedern.&#8220;<\/p>\n<p><strong>SAE 1060:<\/strong> Die Stahlsorte SAE 1060 ist ein hochwertiger Kohlenstoffbaustahl mit vielen w\u00fcnschenswerten Eigenschaften und Anwendungen. Sie zeichnet sich durch hervorragende Zerspanbarkeit und W\u00e4rmebehandlungseigenschaften aus, sowie durch ausgezeichnete Korrosionsbest\u00e4ndigkeit und physikalische Eigenschaften. Die chemische Zusammensetzung von 1060-Stahl besteht aus 0,55 bis 0,64 Prozent Kohlenstoff, 0,30 bis 0,90 Prozent Mangan, 0,04 bis 0,35 Prozent Silizium und bis zu 0,50 Prozent Kupfer, der Rest ist Eisen (Fe). Diese Kombination von Elementen verleiht diesem Stahl eine einzigartige Reihe von Eigenschaften, die ihn f\u00fcr verschiedene Anwendungen in Branchen wie Automobil, Bauwesen, Luft- und Raumfahrt und mehr geeignet machen.<\/p>\n<p><strong>SAE 1090:<\/strong> &#8222;AISI 1090 ist ein hochkohlenstoffhaltiger Stahl, der f\u00fcr seine bemerkenswerten Eigenschaften in Bezug auf Verschlei\u00dffestigkeit und Z\u00e4higkeit bekannt ist. Dieser Legierungsstahl zeichnet sich durch eine ausgepr\u00e4gte Korrosionsbest\u00e4ndigkeit aus, die auf seine einzigartige chemische Zusammensetzung zur\u00fcckzuf\u00fchren ist. Dies macht ihn besonders geeignet f\u00fcr Anwendungen in der Bauindustrie und anderen Au\u00dfenumgebungen, die Feuchtigkeit und hoher Luftfeuchtigkeit ausgesetzt sind.<\/p>\n<p>Aufgrund seines hervorragenden Festigkeits-Gewicht-Verh\u00e4ltnisses wird AISI 1090 weit verbreitet in der Automobiltechnik eingesetzt, wo er ma\u00dfgeblich zur Herstellung wichtiger Komponenten wie Ritzel, R\u00e4der, Kurbelwellen und Automobilteile beitr\u00e4gt. Seine rostbest\u00e4ndigen Eigenschaften finden auch in Sektoren wie der Konstruktion von \u00d6lbohrinselbau und der Herstellung von mechanischen Komponenten in verschiedenen Industriez<\/p>\n<\/div><\/section>\n","protected":false},"excerpt":{"rendered":"","protected":false},"author":1,"featured_media":0,"parent":1124,"menu_order":0,"comment_status":"closed","ping_status":"closed","template":"","meta":{"om_disable_all_campaigns":false,"_monsterinsights_skip_tracking":false,"_monsterinsights_sitenote_active":false,"_monsterinsights_sitenote_note":"","_monsterinsights_sitenote_category":0,"footnotes":""},"class_list":["post-1148","page","type-page","status-publish","hentry"],"aioseo_notices":[],"_links":{"self":[{"href":"https:\/\/gmforging.com\/de\/index.php\/wp-json\/wp\/v2\/pages\/1148","targetHints":{"allow":["GET"]}}],"collection":[{"href":"https:\/\/gmforging.com\/de\/index.php\/wp-json\/wp\/v2\/pages"}],"about":[{"href":"https:\/\/gmforging.com\/de\/index.php\/wp-json\/wp\/v2\/types\/page"}],"author":[{"embeddable":true,"href":"https:\/\/gmforging.com\/de\/index.php\/wp-json\/wp\/v2\/users\/1"}],"replies":[{"embeddable":true,"href":"https:\/\/gmforging.com\/de\/index.php\/wp-json\/wp\/v2\/comments?post=1148"}],"version-history":[{"count":2,"href":"https:\/\/gmforging.com\/de\/index.php\/wp-json\/wp\/v2\/pages\/1148\/revisions"}],"predecessor-version":[{"id":1150,"href":"https:\/\/gmforging.com\/de\/index.php\/wp-json\/wp\/v2\/pages\/1148\/revisions\/1150"}],"up":[{"embeddable":true,"href":"https:\/\/gmforging.com\/de\/index.php\/wp-json\/wp\/v2\/pages\/1124"}],"wp:attachment":[{"href":"https:\/\/gmforging.com\/de\/index.php\/wp-json\/wp\/v2\/media?parent=1148"}],"curies":[{"name":"wp","href":"https:\/\/api.w.org\/{rel}","templated":true}]}}