{"id":1136,"date":"2023-09-30T14:35:17","date_gmt":"2023-09-30T13:35:17","guid":{"rendered":"https:\/\/gmforging.com\/index.php\/eigenschaften\/waelzlagerstahl\/"},"modified":"2023-10-16T20:00:32","modified_gmt":"2023-10-16T19:00:32","slug":"waelzlagerstahl","status":"publish","type":"page","link":"https:\/\/gmforging.com\/de\/index.php\/eigenschaften\/waelzlagerstahl\/","title":{"rendered":"W\u00e4lzlagerstahl"},"content":{"rendered":"\n<style type=\"text\/css\" data-created_by=\"avia_inline_auto\" id=\"style-css-av-ln636j43-faf2f0033245698a98a293ab9733514d\">\n.avia-section.av-ln636j43-faf2f0033245698a98a293ab9733514d{\nbackground-repeat:no-repeat;\nbackground-image:url(https:\/\/gmforging.com\/wp-content\/uploads\/2023\/09\/low-angle-view-building-ceiling-1-scaled.jpg);\nbackground-position:0% 0%;\nbackground-attachment:scroll;\n}\n<\/style>\n<div id='av_section_1'  class='avia-section av-ln636j43-faf2f0033245698a98a293ab9733514d main_color avia-section-default avia-no-border-styling  avia-builder-el-0  el_before_av_textblock  avia-builder-el-first  avia-full-stretch avia-bg-style-scroll av-minimum-height av-minimum-height-50 av-height-50  container_wrap fullsize'  data-section-bg-repeat='stretch' data-av_minimum_height_pc='50' data-av_min_height_opt='50'><div class='container av-section-cont-open' ><main  role=\"main\" itemprop=\"mainContentOfPage\"  class='template-page content  av-content-full alpha units'><div class='post-entry post-entry-type-page post-entry-1136'><div class='entry-content-wrapper clearfix'><\/div><\/div><\/main><!-- close content main element --><\/div><\/div><div id='after_section_1'  class='main_color av_default_container_wrap container_wrap fullsize'  ><div class='container av-section-cont-open' ><div class='template-page content  av-content-full alpha units'><div class='post-entry post-entry-type-page post-entry-1136'><div class='entry-content-wrapper clearfix'>\n<section  class='av_textblock_section av-ln63ctsh-8a3e4de24fb2ea72d06399c0930bbe61 '   itemscope=\"itemscope\" itemtype=\"https:\/\/schema.org\/CreativeWork\" ><div class='avia_textblock'  itemprop=\"text\" ><p><strong>W\u00e4lzlagerstahl<\/strong><\/p>\n<p><strong>100 Cr6 Stahl<\/strong><\/p>\n<p>100Cr6 ist ein durchgeh\u00e4rteter W\u00e4lzlagerstahl, der f\u00fcr Anwendungen im Bereich von W\u00e4lzkontakt und anderen Anwendungen mit hoher Erm\u00fcdung ausgelegt ist. Im geh\u00e4rteten Zustand bieten die hohe H\u00e4rte, Festigkeit und Reinheit dem Stahl die richtigen Eigenschaften, um hohe Zyklus- und Hochspannungserm\u00fcdung zu widerstehen. 100Cr6 wird haupts\u00e4chlich f\u00fcr kleine und mittlere W\u00e4lzlagerkomponenten verwendet.<\/p>\n<p>DIN 100Cr6 Stahl findet weit verbreitete Anwendung in verschiedenen Anwendungen, insbesondere in den Lagern rotierender Maschinen. Typische Anwendungen sind Ventilk\u00f6rper, Pumpen und Armaturen, hohe Radlasten, Bolzen, Doppelkopfbolzen, Zahnr\u00e4der, Verbrennungsmotoren, elektrische Lokomotiven, Werkzeugmaschinen, Traktoren, Stahlablagerungsausr\u00fcstungen, Bohrmaschinen, Schienenfahrzeuge und \u00dcbertragungswellen von Bergbaumaschinen auf Stahlkugeln, Rollen und Wellenb\u00fcchsen usw.<\/p>\n<p><strong>C(\uff05): 0,93 bis 1,05<br \/>\nSi(\uff05): 0,15 bis 0,35<br \/>\nMn(\uff05): 0,25 bis 0,45<br \/>\nP(\uff05): \u2264 0,025<\/strong><\/p>\n<p><strong>S(\uff05): \u2264 0,015<br \/>\nCr(\uff05): 1,35 bis 1,60<\/strong><\/p>\n<\/div><\/section>\n","protected":false},"excerpt":{"rendered":"","protected":false},"author":1,"featured_media":0,"parent":1124,"menu_order":0,"comment_status":"closed","ping_status":"closed","template":"","meta":{"om_disable_all_campaigns":false,"_monsterinsights_skip_tracking":false,"_monsterinsights_sitenote_active":false,"_monsterinsights_sitenote_note":"","_monsterinsights_sitenote_category":0,"footnotes":""},"class_list":["post-1136","page","type-page","status-publish","hentry"],"aioseo_notices":[],"_links":{"self":[{"href":"https:\/\/gmforging.com\/de\/index.php\/wp-json\/wp\/v2\/pages\/1136","targetHints":{"allow":["GET"]}}],"collection":[{"href":"https:\/\/gmforging.com\/de\/index.php\/wp-json\/wp\/v2\/pages"}],"about":[{"href":"https:\/\/gmforging.com\/de\/index.php\/wp-json\/wp\/v2\/types\/page"}],"author":[{"embeddable":true,"href":"https:\/\/gmforging.com\/de\/index.php\/wp-json\/wp\/v2\/users\/1"}],"replies":[{"embeddable":true,"href":"https:\/\/gmforging.com\/de\/index.php\/wp-json\/wp\/v2\/comments?post=1136"}],"version-history":[{"count":2,"href":"https:\/\/gmforging.com\/de\/index.php\/wp-json\/wp\/v2\/pages\/1136\/revisions"}],"predecessor-version":[{"id":1138,"href":"https:\/\/gmforging.com\/de\/index.php\/wp-json\/wp\/v2\/pages\/1136\/revisions\/1138"}],"up":[{"embeddable":true,"href":"https:\/\/gmforging.com\/de\/index.php\/wp-json\/wp\/v2\/pages\/1124"}],"wp:attachment":[{"href":"https:\/\/gmforging.com\/de\/index.php\/wp-json\/wp\/v2\/media?parent=1136"}],"curies":[{"name":"wp","href":"https:\/\/api.w.org\/{rel}","templated":true}]}}