{"id":1124,"date":"2023-09-16T14:02:15","date_gmt":"2023-09-16T13:02:15","guid":{"rendered":"https:\/\/gmforging.com\/index.php\/eigenschaften\/"},"modified":"2023-10-16T15:44:10","modified_gmt":"2023-10-16T14:44:10","slug":"eigenschaften","status":"publish","type":"page","link":"https:\/\/gmforging.com\/de\/index.php\/eigenschaften\/","title":{"rendered":"Eigenschaften"},"content":{"rendered":"\n<style type=\"text\/css\" data-created_by=\"avia_inline_auto\" id=\"style-css-av-lmm1iw38-c455aeaf7efb7ac8e6cce71cf385ecef\">\n.avia-section.av-lmm1iw38-c455aeaf7efb7ac8e6cce71cf385ecef{\nbackground-repeat:no-repeat;\nbackground-image:url(https:\/\/gmforging.com\/wp-content\/uploads\/2023\/09\/low-angle-view-building-ceiling-1-scaled.jpg);\nbackground-position:0% 0%;\nbackground-attachment:scroll;\n}\n<\/style>\n<div id='av_section_1'  class='avia-section av-lmm1iw38-c455aeaf7efb7ac8e6cce71cf385ecef main_color avia-section-default avia-no-border-styling  avia-builder-el-0  el_before_av_one_full  avia-builder-el-first  avia-full-stretch avia-bg-style-scroll av-minimum-height av-minimum-height-50 av-height-50  container_wrap fullsize'  data-section-bg-repeat='stretch' data-av_minimum_height_pc='50' data-av_min_height_opt='50'><div class='container av-section-cont-open' ><main  role=\"main\" itemprop=\"mainContentOfPage\"  class='template-page content  av-content-full alpha units'><div class='post-entry post-entry-type-page post-entry-1124'><div class='entry-content-wrapper clearfix'><\/div><\/div><\/main><!-- close content main element --><\/div><\/div><div id='after_section_1'  class='main_color av_default_container_wrap container_wrap fullsize'  ><div class='container av-section-cont-open' ><div class='template-page content  av-content-full alpha units'><div class='post-entry post-entry-type-page post-entry-1124'><div class='entry-content-wrapper clearfix'>\n<div  class='flex_column av-9pz9l-11325e3a3cc578850cbab141f3ceb200 av_one_full  avia-builder-el-1  el_after_av_section  avia-builder-el-no-sibling  first flex_column_div  '     ><section  class='av_textblock_section av-lmm161m1-57632d47e755a678a7d84b340acec520 '   itemscope=\"itemscope\" itemtype=\"https:\/\/schema.org\/CreativeWork\" ><div class='avia_textblock'  itemprop=\"text\" ><p><strong>42 CrMo4 STAHL<\/strong><\/p>\n<p>Gmforging produziert geschmiedeten Stahl 42 CrMo4, der ges\u00e4gt, geschnitten und geliefert werden kann.<\/p>\n<p>42CrMo4 ist ein hochwertiger Niedriglegierungsstahl, der f\u00fcr seine ausgezeichnete Festigkeit, Z\u00e4higkeit und H\u00e4rtbarkeit bekannt ist. Dieser Stahl wird h\u00e4ufig in Anwendungen eingesetzt, die eine hohe Zugfestigkeit und Streckgrenze, gute Verschlei\u00dffestigkeit und die F\u00e4higkeit erfordern, seine mechanischen Eigenschaften bei erh\u00f6hten Temperaturen beizubehalten. Die numerische Zusammensetzung &#8222;42CrMo4&#8220; gibt seine Legierungselemente und ungef\u00e4hre Zusammensetzung an:<\/p>\n<p>42 steht f\u00fcr den ungef\u00e4hren Kohlenstoffgehalt (0,42 %).<br \/>\nCr repr\u00e4sentiert Chrom als Hauptlegierungselement.<br \/>\nMo repr\u00e4sentiert Molybd\u00e4n als Legierungselement.<br \/>\nDer 1.7225 4140 (42CrMo4) Legierungsstahl wird weit verbreitet in Anwendungen f\u00fcr den Maschinenbau eingesetzt, wie z.B. in verschiedenen Maschinen, Ersatzteilen f\u00fcr Automobile, Bergbauteilen, Zahnr\u00e4dern von Motoren, Antriebsr\u00e4dern von Kompressoren, Pleuelstangen, Teilen f\u00fcr den Antriebsstrang und kaltgeformten Befestigungselementen. Er wird h\u00e4ufig in Bereichen wie Wellen, Getrieben und in der \u00d6lexploration eingesetzt.<\/p>\n<p><strong>34CrNiMo6 STAHL<\/strong><\/p>\n<p>Gmforging produziert geschmiedeten Stahl 34CrNiMo6, der ges\u00e4gt, geschnitten und geliefert werden kann.<\/p>\n<p>34CrNiMo6 ist ein Niedriglegierungsstahl, der f\u00fcr seine hohe Festigkeit, Z\u00e4higkeit und gute H\u00e4rtbarkeit bekannt ist. Dieser Stahl wird oft in Anwendungen eingesetzt, die ausgezeichnete mechanische Eigenschaften und Widerstandsf\u00e4higkeit gegen Verschlei\u00df und St\u00f6\u00dfe erfordern. Die numerische Zusammensetzung &#8222;34CrNiMo6&#8220; gibt seine Legierungselemente und ungef\u00e4hre Zusammensetzung an:<\/p>\n<p>34 steht f\u00fcr den ungef\u00e4hren Kohlenstoffgehalt (0,34 %).<br \/>\nCr repr\u00e4sentiert Chrom als Hauptlegierungselement.<br \/>\nNi repr\u00e4sentiert Nickel als Legierungselement.<br \/>\nMo repr\u00e4sentiert Molybd\u00e4n als Legierungselement.<br \/>\nDer 1.6582 (AISI 4340) (34CrNiMo) Verg\u00fctungsstahl wird insbesondere in Teilen des Maschinenbaus bevorzugt, in \u00fcberlasteten Kurbelwellen, Nockenwellen und Getrieben.<\/p>\n<p><strong>30CrNiMo8 STAHL<\/strong><\/p>\n<p>Gmforging produziert geschmiedeten Stahl 30CrNiMo8, der ges\u00e4gt, geschnitten und geliefert werden kann.<\/p>\n<p>30CrNiMo8 ist ein Niedriglegierungsstahl, der f\u00fcr seine hohe Festigkeit, Z\u00e4higkeit und gute H\u00e4rtbarkeit bekannt ist. Dieser Stahl wird h\u00e4ufig in Anwendungen eingesetzt, die ausgezeichnete mechanische Eigenschaften, Widerstandsf\u00e4higkeit gegen Verschlei\u00df und St\u00f6\u00dfe und die M\u00f6glichkeit zur W\u00e4rmebehandlung zur Erzielung bestimmter H\u00e4rtegrade erfordern. Die numerische Zusammensetzung &#8222;30CrNiMo8&#8220; gibt seine Legierungselemente und ungef\u00e4hre Zusammensetzung an:<\/p>\n<p>30 steht f\u00fcr den ungef\u00e4hren Kohlenstoffgehalt (0,30 %).<br \/>\nCr repr\u00e4sentiert Chrom als Hauptlegierungselement.<br \/>\nNi repr\u00e4sentiert Nickel als Legierungselement.<br \/>\nMo repr\u00e4sentiert Molybd\u00e4n als Legierungselement.<br \/>\nDer 1.6580 30CrNiMo8 Stahl wird f\u00fcr Automotive- und allgemeine Komponenten verwendet, die hohe Anforderungen an Festigkeit und Z\u00e4higkeit sowie gute H\u00e4rtbarkeit haben. Er ist besonders f\u00fcr Heavy-Duty-Teile in der Luftfahrt, der Automobilindustrie und der Milit\u00e4rindustrie geeignet.<\/p>\n<\/div><\/section><\/div>\n","protected":false},"excerpt":{"rendered":"","protected":false},"author":1,"featured_media":0,"parent":0,"menu_order":0,"comment_status":"closed","ping_status":"closed","template":"","meta":{"om_disable_all_campaigns":false,"_monsterinsights_skip_tracking":false,"_monsterinsights_sitenote_active":false,"_monsterinsights_sitenote_note":"","_monsterinsights_sitenote_category":0,"footnotes":""},"class_list":["post-1124","page","type-page","status-publish","hentry"],"aioseo_notices":[],"_links":{"self":[{"href":"https:\/\/gmforging.com\/de\/index.php\/wp-json\/wp\/v2\/pages\/1124","targetHints":{"allow":["GET"]}}],"collection":[{"href":"https:\/\/gmforging.com\/de\/index.php\/wp-json\/wp\/v2\/pages"}],"about":[{"href":"https:\/\/gmforging.com\/de\/index.php\/wp-json\/wp\/v2\/types\/page"}],"author":[{"embeddable":true,"href":"https:\/\/gmforging.com\/de\/index.php\/wp-json\/wp\/v2\/users\/1"}],"replies":[{"embeddable":true,"href":"https:\/\/gmforging.com\/de\/index.php\/wp-json\/wp\/v2\/comments?post=1124"}],"version-history":[{"count":2,"href":"https:\/\/gmforging.com\/de\/index.php\/wp-json\/wp\/v2\/pages\/1124\/revisions"}],"predecessor-version":[{"id":1126,"href":"https:\/\/gmforging.com\/de\/index.php\/wp-json\/wp\/v2\/pages\/1124\/revisions\/1126"}],"wp:attachment":[{"href":"https:\/\/gmforging.com\/de\/index.php\/wp-json\/wp\/v2\/media?parent=1124"}],"curies":[{"name":"wp","href":"https:\/\/api.w.org\/{rel}","templated":true}]}}