{"id":1100,"date":"2023-09-24T16:53:33","date_gmt":"2023-09-24T15:53:33","guid":{"rendered":"https:\/\/gmforging.com\/index.php\/stromerzeugung\/"},"modified":"2023-10-16T12:12:28","modified_gmt":"2023-10-16T11:12:28","slug":"stromerzeugung","status":"publish","type":"page","link":"https:\/\/gmforging.com\/de\/index.php\/stromerzeugung\/","title":{"rendered":"Stromerzeugung"},"content":{"rendered":"<div id='av-layout-grid-1'  class='av-layout-grid-container av-2qz5r-d945b567b79d76c3114f56d309332492 entry-content-wrapper main_color av-flex-cells  avia-builder-el-0  el_before_av_layout_row  avia-builder-el-first   container_wrap fullsize'  >\n\n<style type=\"text\/css\" data-created_by=\"avia_inline_auto\" id=\"style-css-av-lmxnf7f8-d42330501d1c43921e9cca9756b5f656\">\n.flex_cell.av-lmxnf7f8-d42330501d1c43921e9cca9756b5f656{\nvertical-align:top;\nbackground-color:#999999;\n}\n.responsive #top #wrap_all .flex_cell.av-lmxnf7f8-d42330501d1c43921e9cca9756b5f656{\npadding:10px 10px 10px 10px !important;\n}\n<\/style>\n<div class='flex_cell av-lmxnf7f8-d42330501d1c43921e9cca9756b5f656 av-gridrow-cell av_one_full no_margin  avia-builder-el-1  avia-builder-el-no-sibling  content-align-top'  ><div class='flex_cell_inner'><\/div><\/div>\n<\/div>\n<div id='av-layout-grid-2'  class='av-layout-grid-container av-n6scv-ced13a001e80067431d83a75fc2a8f35 entry-content-wrapper main_color av-flex-cells  avia-builder-el-2  el_after_av_layout_row  avia-builder-el-last  grid-row-not-first  container_wrap fullsize'  >\n\n<style type=\"text\/css\" data-created_by=\"avia_inline_auto\" id=\"style-css-av-gdptr-0dae12ffd5afa8c5e0a3a0c7fbec1d49\">\n.flex_cell.av-gdptr-0dae12ffd5afa8c5e0a3a0c7fbec1d49{\nvertical-align:top;\n}\n<\/style>\n<div class='flex_cell av-gdptr-0dae12ffd5afa8c5e0a3a0c7fbec1d49 av-gridrow-cell av_one_half no_margin  avia-builder-el-3  el_before_av_cell_one_half  avia-builder-el-first  content-align-top'  ><div class='flex_cell_inner'>\n<style type=\"text\/css\" data-created_by=\"avia_inline_auto\" id=\"style-css-av-lmxnex14-b027d906db9a567bf8ea42e9e603d14f\">\n.avia-image-container.av-lmxnex14-b027d906db9a567bf8ea42e9e603d14f img.avia_image{\nbox-shadow:none;\n}\n.avia-image-container.av-lmxnex14-b027d906db9a567bf8ea42e9e603d14f .av-image-caption-overlay-center{\ncolor:#ffffff;\n}\n<\/style>\n<div  class='avia-image-container av-lmxnex14-b027d906db9a567bf8ea42e9e603d14f av-styling- avia-align-center  avia-builder-el-4  avia-builder-el-no-sibling '   itemprop=\"image\" itemscope=\"itemscope\" itemtype=\"https:\/\/schema.org\/ImageObject\" ><div class=\"avia-image-container-inner\"><div class=\"avia-image-overlay-wrap\"><img decoding=\"async\" fetchpriority=\"high\" class='wp-image-750 avia-img-lazy-loading-not-750 avia_image ' src=\"https:\/\/gmforging.com\/wp-content\/uploads\/2023\/09\/app2-495x400.jpg\" alt='Wind farm, Overlooking Columbia River' title='Wind farm,  overlooking Columbia River.'  height=\"400\" width=\"495\"  itemprop=\"thumbnailUrl\" srcset=\"https:\/\/gmforging.com\/wp-content\/uploads\/2023\/09\/app2-495x400.jpg 495w, https:\/\/gmforging.com\/wp-content\/uploads\/2023\/09\/app2-845x684.jpg 845w\" sizes=\"(max-width: 495px) 100vw, 495px\" \/><\/div><\/div><\/div>\n<\/div><\/div>\n<style type=\"text\/css\" data-created_by=\"avia_inline_auto\" id=\"style-css-av-9gjx3-fd777b8bf763cd43e3479176cdb3f222\">\n.flex_cell.av-9gjx3-fd777b8bf763cd43e3479176cdb3f222{\nvertical-align:top;\n}\n<\/style>\n<div class='flex_cell av-9gjx3-fd777b8bf763cd43e3479176cdb3f222 av-gridrow-cell av_one_half no_margin  avia-builder-el-5  el_after_av_cell_one_half  avia-builder-el-last  content-align-top'  ><div class='flex_cell_inner'><section  class='av_textblock_section av-lmxng79r-b93a63f73d01f524de26366166f9bbc7 '   itemscope=\"itemscope\" itemtype=\"https:\/\/schema.org\/CreativeWork\" ><div class='avia_textblock'  itemprop=\"text\" ><p><strong>Stromerzeugung<\/strong><\/p>\n<p>GM Forging bietet hochwertige ma\u00dfgeschneiderte Schmiedest\u00fccke, die f\u00fcr den Einsatz im Bereich der Stromerzeugung konzipiert sind. Unsere Schmiedeangebote aus Metall zeichnen sich durch eine verl\u00e4ngerte Lebensdauer, au\u00dfergew\u00f6hnliche Erm\u00fcdungsfestigkeit, verfeinerte Kornmuster, erh\u00f6hte Festigkeit und gesteigerte Betriebseffizienz aus.<\/p>\n<p>Unsere Schmiedeanlage verf\u00fcgt \u00fcber die F\u00e4higkeit, geschmiedete Stahlkomponenten f\u00fcr die Stromerzeugungsindustrie effizient und kosteng\u00fcnstig herzustellen, einschlie\u00dflich der folgenden Bereiche:<\/p>\n<ul>\n<li>Lauf- oder Laufr\u00e4der:<\/li>\n<li>Schaufeln:<\/li>\n<li>Kompressor- und Generatorwellen:<\/li>\n<li>Scheiben und Naben<\/li>\n<li>Ringe (vollst\u00e4ndig\/segmentiert)<\/li>\n<li>Turbinen<\/li>\n<\/ul>\n<p>Dar\u00fcber hinaus verf\u00fcgen wir \u00fcber die notwendigen Ressourcen und Expertise, um diese Produkte auf spezifische Anfragen hin aus einer Vielzahl anderer Legierungsst\u00e4hle zu schmieden.<\/p>\n<\/div><\/section>\n<\/div><\/div><\/div>\n","protected":false},"excerpt":{"rendered":"","protected":false},"author":1,"featured_media":0,"parent":0,"menu_order":0,"comment_status":"closed","ping_status":"closed","template":"","meta":{"om_disable_all_campaigns":false,"_monsterinsights_skip_tracking":false,"_monsterinsights_sitenote_active":false,"_monsterinsights_sitenote_note":"","_monsterinsights_sitenote_category":0,"footnotes":""},"class_list":["post-1100","page","type-page","status-publish","hentry"],"aioseo_notices":[],"_links":{"self":[{"href":"https:\/\/gmforging.com\/de\/index.php\/wp-json\/wp\/v2\/pages\/1100","targetHints":{"allow":["GET"]}}],"collection":[{"href":"https:\/\/gmforging.com\/de\/index.php\/wp-json\/wp\/v2\/pages"}],"about":[{"href":"https:\/\/gmforging.com\/de\/index.php\/wp-json\/wp\/v2\/types\/page"}],"author":[{"embeddable":true,"href":"https:\/\/gmforging.com\/de\/index.php\/wp-json\/wp\/v2\/users\/1"}],"replies":[{"embeddable":true,"href":"https:\/\/gmforging.com\/de\/index.php\/wp-json\/wp\/v2\/comments?post=1100"}],"version-history":[{"count":2,"href":"https:\/\/gmforging.com\/de\/index.php\/wp-json\/wp\/v2\/pages\/1100\/revisions"}],"predecessor-version":[{"id":1102,"href":"https:\/\/gmforging.com\/de\/index.php\/wp-json\/wp\/v2\/pages\/1100\/revisions\/1102"}],"wp:attachment":[{"href":"https:\/\/gmforging.com\/de\/index.php\/wp-json\/wp\/v2\/media?parent=1100"}],"curies":[{"name":"wp","href":"https:\/\/api.w.org\/{rel}","templated":true}]}}