{"id":1064,"date":"2023-09-24T16:54:19","date_gmt":"2023-09-24T15:54:19","guid":{"rendered":"https:\/\/gmforging.com\/index.php\/industriemaschinen\/"},"modified":"2023-10-16T10:33:26","modified_gmt":"2023-10-16T09:33:26","slug":"industriemaschinen","status":"publish","type":"page","link":"https:\/\/gmforging.com\/de\/index.php\/industriemaschinen\/","title":{"rendered":"Industriemaschinen"},"content":{"rendered":"<div id='av-layout-grid-1'  class='av-layout-grid-container av-sazj7-bdd372a423da373c0919de2044013058 entry-content-wrapper main_color av-flex-cells  avia-builder-el-0  el_before_av_layout_row  avia-builder-el-first   container_wrap fullsize'  >\n\n<style type=\"text\/css\" data-created_by=\"avia_inline_auto\" id=\"style-css-av-lmxns9z5-628bf42c8228d0c4c5cb75f4590782ec\">\n.flex_cell.av-lmxns9z5-628bf42c8228d0c4c5cb75f4590782ec{\nvertical-align:top;\nbackground-color:#999999;\n}\n.responsive #top #wrap_all .flex_cell.av-lmxns9z5-628bf42c8228d0c4c5cb75f4590782ec{\npadding:10px 10px 10px 10px !important;\n}\n<\/style>\n<div class='flex_cell av-lmxns9z5-628bf42c8228d0c4c5cb75f4590782ec av-gridrow-cell av_one_full no_margin  avia-builder-el-1  avia-builder-el-no-sibling  content-align-top'  ><div class='flex_cell_inner'><\/div><\/div><\/div><div id='av-layout-grid-2'  class='av-layout-grid-container av-krn0j-62cbf5bca0fd6839c63322453792de7d entry-content-wrapper main_color av-flex-cells  avia-builder-el-2  el_after_av_layout_row  avia-builder-el-last  grid-row-not-first  container_wrap fullsize'  >\n\n<style type=\"text\/css\" data-created_by=\"avia_inline_auto\" id=\"style-css-av-fws9f-cc5f00d5f47c3dda8b32069993329970\">\n.flex_cell.av-fws9f-cc5f00d5f47c3dda8b32069993329970{\nvertical-align:top;\n}\n<\/style>\n<div class='flex_cell av-fws9f-cc5f00d5f47c3dda8b32069993329970 av-gridrow-cell av_one_half no_margin  avia-builder-el-3  el_before_av_cell_one_half  avia-builder-el-first  content-align-top'  ><div class='flex_cell_inner'>\n<style type=\"text\/css\" data-created_by=\"avia_inline_auto\" id=\"style-css-av-lmxnsliq-3675e67a79385acf5a8353073a825a58\">\n.avia-image-container.av-lmxnsliq-3675e67a79385acf5a8353073a825a58 img.avia_image{\nbox-shadow:none;\n}\n.avia-image-container.av-lmxnsliq-3675e67a79385acf5a8353073a825a58 .av-image-caption-overlay-center{\ncolor:#ffffff;\n}\n<\/style>\n<div  class='avia-image-container av-lmxnsliq-3675e67a79385acf5a8353073a825a58 av-styling- avia-align-center  avia-builder-el-4  avia-builder-el-no-sibling '   itemprop=\"image\" itemscope=\"itemscope\" itemtype=\"https:\/\/schema.org\/ImageObject\" ><div class=\"avia-image-container-inner\"><div class=\"avia-image-overlay-wrap\"><img decoding=\"async\" fetchpriority=\"high\" class='wp-image-760 avia-img-lazy-loading-not-760 avia_image ' src=\"https:\/\/gmforging.com\/wp-content\/uploads\/2023\/09\/app4-495x400.jpg\" alt='Wind farm, Overlooking Columbia River' title='Wind farm,  overlooking Columbia River.'  height=\"400\" width=\"495\"  itemprop=\"thumbnailUrl\" srcset=\"https:\/\/gmforging.com\/wp-content\/uploads\/2023\/09\/app4-495x400.jpg 495w, https:\/\/gmforging.com\/wp-content\/uploads\/2023\/09\/app4-845x684.jpg 845w\" sizes=\"(max-width: 495px) 100vw, 495px\" \/><\/div><\/div><\/div>\n<\/div><\/div>\n<style type=\"text\/css\" data-created_by=\"avia_inline_auto\" id=\"style-css-av-7xliz-e90cddf942fae2f2080ee1138ce49d9f\">\n.flex_cell.av-7xliz-e90cddf942fae2f2080ee1138ce49d9f{\nvertical-align:top;\n}\n<\/style>\n<div class='flex_cell av-7xliz-e90cddf942fae2f2080ee1138ce49d9f av-gridrow-cell av_one_half no_margin  avia-builder-el-5  el_after_av_cell_one_half  avia-builder-el-last  content-align-top'  ><div class='flex_cell_inner'><section  class='av_textblock_section av-lmxnth6h-88eb23b370d2dcb2d81c169575b1ec9e '   itemscope=\"itemscope\" itemtype=\"https:\/\/schema.org\/CreativeWork\" ><div class='avia_textblock'  itemprop=\"text\" ><p><strong>Industriemaschinen<\/strong><\/p>\n<p>Unser anpassungsf\u00e4higer Fertigungsprozess erm\u00f6glicht es uns, eine vielf\u00e4ltige Palette von Geometrien in zahlreichen Materialien zu liefern. Bei Gm Schmiede erkennen wir die Bedeutung der Bereitstellung zuverl\u00e4ssiger Komponenten f\u00fcr Industriemaschinen und schwere Ger\u00e4te, die eine entscheidende Rolle bei der Aufrechterhaltung wesentlicher Branchen wie der Stahlproduktion, der Lebensmittelverarbeitung und der Gesundheitsdienste spielen.<\/p>\n<ul>\n<li>Materialhandhabungsausr\u00fcstung(Geschmiedete Ringe, profilierte Ringe, Scheiben und offene Gesenkformteile)<\/li>\n<li>Pumpen und Ventile(Gerollte Ringe und Scheiben f\u00fcr Pumpen und Ventile)<\/li>\n<li>Getriebe(Ringe und Gesenkschmiedeteile f\u00fcr Zahnrad, Zapfen und Ritzel)<\/li>\n<li>Rotationsausr\u00fcstung(Gro\u00dfe Reifen, Zapfen, Zahnr\u00e4der, Walzen, Wellen und Ritzel)<\/li>\n<li>W\u00e4rmetauscher ; Druckbeh\u00e4lter (Flansche)<\/li>\n<\/ul>\n<\/div><\/section>\n<\/div><\/div><\/div><\/p>\n","protected":false},"excerpt":{"rendered":"","protected":false},"author":1,"featured_media":0,"parent":0,"menu_order":0,"comment_status":"closed","ping_status":"closed","template":"","meta":{"om_disable_all_campaigns":false,"_monsterinsights_skip_tracking":false,"_monsterinsights_sitenote_active":false,"_monsterinsights_sitenote_note":"","_monsterinsights_sitenote_category":0,"footnotes":""},"class_list":["post-1064","page","type-page","status-publish","hentry"],"aioseo_notices":[],"_links":{"self":[{"href":"https:\/\/gmforging.com\/de\/index.php\/wp-json\/wp\/v2\/pages\/1064","targetHints":{"allow":["GET"]}}],"collection":[{"href":"https:\/\/gmforging.com\/de\/index.php\/wp-json\/wp\/v2\/pages"}],"about":[{"href":"https:\/\/gmforging.com\/de\/index.php\/wp-json\/wp\/v2\/types\/page"}],"author":[{"embeddable":true,"href":"https:\/\/gmforging.com\/de\/index.php\/wp-json\/wp\/v2\/users\/1"}],"replies":[{"embeddable":true,"href":"https:\/\/gmforging.com\/de\/index.php\/wp-json\/wp\/v2\/comments?post=1064"}],"version-history":[{"count":2,"href":"https:\/\/gmforging.com\/de\/index.php\/wp-json\/wp\/v2\/pages\/1064\/revisions"}],"predecessor-version":[{"id":1066,"href":"https:\/\/gmforging.com\/de\/index.php\/wp-json\/wp\/v2\/pages\/1064\/revisions\/1066"}],"wp:attachment":[{"href":"https:\/\/gmforging.com\/de\/index.php\/wp-json\/wp\/v2\/media?parent=1064"}],"curies":[{"name":"wp","href":"https:\/\/api.w.org\/{rel}","templated":true}]}}