{"id":1040,"date":"2023-09-24T16:54:44","date_gmt":"2023-09-24T15:54:44","guid":{"rendered":"https:\/\/gmforging.com\/index.php\/bauwesen-und-bergbau\/"},"modified":"2023-10-15T23:20:02","modified_gmt":"2023-10-15T22:20:02","slug":"bauwesen-und-bergbau","status":"publish","type":"page","link":"https:\/\/gmforging.com\/de\/index.php\/bauwesen-und-bergbau\/","title":{"rendered":"Bauwesen und Bergbau"},"content":{"rendered":"<div id='av-layout-grid-1'  class='av-layout-grid-container av-peml9-be6a459e9d17ee7d7b56e98bb391b95f entry-content-wrapper main_color av-flex-cells  avia-builder-el-0  el_before_av_layout_row  avia-builder-el-first   container_wrap fullsize'  >\n\n<style type=\"text\/css\" data-created_by=\"avia_inline_auto\" id=\"style-css-av-lmxnvn0v-9595c0e7d94034b65a219b987d3bab16\">\n.flex_cell.av-lmxnvn0v-9595c0e7d94034b65a219b987d3bab16{\nvertical-align:top;\nbackground-color:#f49919;\n}\n.responsive #top #wrap_all .flex_cell.av-lmxnvn0v-9595c0e7d94034b65a219b987d3bab16{\npadding:10px 10px 10px 10px !important;\n}\n<\/style>\n<div class='flex_cell av-lmxnvn0v-9595c0e7d94034b65a219b987d3bab16 av-gridrow-cell av_one_full no_margin  avia-builder-el-1  avia-builder-el-no-sibling  content-align-top'  ><div class='flex_cell_inner'><\/div><\/div>\n<\/div>\n<div id='av-layout-grid-2'  class='av-layout-grid-container av-ije4l-bcfce2243ff49cf931f49d693377333b entry-content-wrapper main_color av-flex-cells  avia-builder-el-2  el_after_av_layout_row  avia-builder-el-last  grid-row-not-first  container_wrap fullsize'  >\n\n<style type=\"text\/css\" data-created_by=\"avia_inline_auto\" id=\"style-css-av-cr5zh-e50c9e898f260969ea3d4ec886990974\">\n.flex_cell.av-cr5zh-e50c9e898f260969ea3d4ec886990974{\nvertical-align:top;\n}\n<\/style>\n<div class='flex_cell av-cr5zh-e50c9e898f260969ea3d4ec886990974 av-gridrow-cell av_one_half no_margin  avia-builder-el-3  el_before_av_cell_one_half  avia-builder-el-first  content-align-top'  ><div class='flex_cell_inner'>\n<style type=\"text\/css\" data-created_by=\"avia_inline_auto\" id=\"style-css-av-lmxnvx2x-ddd07b351584ceb6ba37f3cbbf3f6f8b\">\n.avia-image-container.av-lmxnvx2x-ddd07b351584ceb6ba37f3cbbf3f6f8b img.avia_image{\nbox-shadow:none;\n}\n.avia-image-container.av-lmxnvx2x-ddd07b351584ceb6ba37f3cbbf3f6f8b .av-image-caption-overlay-center{\ncolor:#ffffff;\n}\n<\/style>\n<div  class='avia-image-container av-lmxnvx2x-ddd07b351584ceb6ba37f3cbbf3f6f8b av-styling- avia-align-center  avia-builder-el-4  avia-builder-el-no-sibling '   itemprop=\"image\" itemscope=\"itemscope\" itemtype=\"https:\/\/schema.org\/ImageObject\" ><div class=\"avia-image-container-inner\"><div class=\"avia-image-overlay-wrap\"><img decoding=\"async\" fetchpriority=\"high\" class='wp-image-765 avia-img-lazy-loading-not-765 avia_image ' src=\"https:\/\/gmforging.com\/wp-content\/uploads\/2023\/09\/app5-495x400.jpg\" alt='Wind farm, Overlooking Columbia River' title='Wind farm,  overlooking Columbia River.'  height=\"400\" width=\"495\"  itemprop=\"thumbnailUrl\" srcset=\"https:\/\/gmforging.com\/wp-content\/uploads\/2023\/09\/app5-495x400.jpg 495w, https:\/\/gmforging.com\/wp-content\/uploads\/2023\/09\/app5-845x684.jpg 845w\" sizes=\"(max-width: 495px) 100vw, 495px\" \/><\/div><\/div><\/div>\n<\/div><\/div>\n<style type=\"text\/css\" data-created_by=\"avia_inline_auto\" id=\"style-css-av-bhxwd-9f04cf2302954603c6975ce0ce080b3d\">\n.flex_cell.av-bhxwd-9f04cf2302954603c6975ce0ce080b3d{\nvertical-align:top;\n}\n<\/style>\n<div class='flex_cell av-bhxwd-9f04cf2302954603c6975ce0ce080b3d av-gridrow-cell av_one_half no_margin  avia-builder-el-5  el_after_av_cell_one_half  avia-builder-el-last  content-align-top'  ><div class='flex_cell_inner'><section  class='av_textblock_section av-lmxnxbcn-0dc7bdbeb0e9b1d8fb84be1fccaaa137 '   itemscope=\"itemscope\" itemtype=\"https:\/\/schema.org\/CreativeWork\" ><div class='avia_textblock'  itemprop=\"text\" ><p><strong>Bauwesen und Bergbau<\/strong><\/p>\n<p>Die Bau- und Bergbauindustrien \u00fcben einen erheblichen Einfluss auf die Erhaltung und Verbesserung unserer t\u00e4glichen Abl\u00e4ufe aus. Bei Gmforging haben wir uns auf die Lieferung erstklassiger Schmiedest\u00fccke spezialisiert, die sowohl f\u00fcr oberirdische als auch unterirdische Maschinen unverzichtbar sind. Unsere Angebote zeichnen sich durch Flexibilit\u00e4t und die F\u00e4higkeit zur Erf\u00fcllung von Ersatzbedarf sowie Hochvolumen-Anforderungen aus.<\/p>\n<p><strong>Bergbau-Lkw<\/strong> (Stangen\/Kolben)<br \/>\n<strong>Schaufeln (<\/strong>Schwenkgetriebe, Rollenwege, Tr\u00e4gerringrohling, Felge<strong>)<br \/>\n<\/strong><strong>Motorgrader<\/strong> (Kreis, Felgen, Spindelantrieb)<br \/>\n<strong>Radlader<\/strong>(Spindelantrieb, Hebezeuge)<\/p>\n<\/div><\/section>\n<\/div><\/div><\/div>\n","protected":false},"excerpt":{"rendered":"","protected":false},"author":1,"featured_media":0,"parent":0,"menu_order":0,"comment_status":"closed","ping_status":"closed","template":"","meta":{"om_disable_all_campaigns":false,"_monsterinsights_skip_tracking":false,"_monsterinsights_sitenote_active":false,"_monsterinsights_sitenote_note":"","_monsterinsights_sitenote_category":0,"footnotes":""},"class_list":["post-1040","page","type-page","status-publish","hentry"],"aioseo_notices":[],"_links":{"self":[{"href":"https:\/\/gmforging.com\/de\/index.php\/wp-json\/wp\/v2\/pages\/1040","targetHints":{"allow":["GET"]}}],"collection":[{"href":"https:\/\/gmforging.com\/de\/index.php\/wp-json\/wp\/v2\/pages"}],"about":[{"href":"https:\/\/gmforging.com\/de\/index.php\/wp-json\/wp\/v2\/types\/page"}],"author":[{"embeddable":true,"href":"https:\/\/gmforging.com\/de\/index.php\/wp-json\/wp\/v2\/users\/1"}],"replies":[{"embeddable":true,"href":"https:\/\/gmforging.com\/de\/index.php\/wp-json\/wp\/v2\/comments?post=1040"}],"version-history":[{"count":2,"href":"https:\/\/gmforging.com\/de\/index.php\/wp-json\/wp\/v2\/pages\/1040\/revisions"}],"predecessor-version":[{"id":1042,"href":"https:\/\/gmforging.com\/de\/index.php\/wp-json\/wp\/v2\/pages\/1040\/revisions\/1042"}],"wp:attachment":[{"href":"https:\/\/gmforging.com\/de\/index.php\/wp-json\/wp\/v2\/media?parent=1040"}],"curies":[{"name":"wp","href":"https:\/\/api.w.org\/{rel}","templated":true}]}}